{"id":24804,"date":"2024-01-23T09:23:04","date_gmt":"2024-01-23T01:23:04","guid":{"rendered":"https:\/\/www.fjpremium.com\/?post_type=product&#038;p=24804"},"modified":"2024-04-02T09:47:23","modified_gmt":"2024-04-02T01:47:23","slug":"usb-panel-mount-car-3-0-a-m-f-cable","status":"publish","type":"product","link":"https:\/\/www.fjpremium.com\/de\/product\/usb-panel-mount-car-3-0-a-m-f-cable\/","title":{"rendered":"Dual Ports Flush USB Panel Mount Auto USB 3.0 A Stecker zu Buchse Wasserdichtes Kabel"},"content":{"rendered":"<p>M\u00f6chten Sie den USB-Anschluss Ihres Fahrzeugs aufr\u00fcsten? Das FARSINCE Dual Ports Flush USB Panel Mount Car USB 3.0 A-Kabel ist genau das Richtige f\u00fcr Sie. Deshalb ist es ein Gewinner:<\/p>\n<p>Installation? Kinderleicht. Verwenden Sie einfach die mitgelieferte Aluminiummutter, um es in einem vorhandenen Loch zu befestigen oder ein neues Loch in Ihrem Armaturenbrett zu erstellen. Boom, zwei USB 3.0-Typ-A-Anschl\u00fcsse, bereit zum Fahren, wohin auch immer Ihre R\u00e4der Sie bringen.<\/p>\n<p>Mit der wasser- und staubdichten Abdeckung bleiben Ihre Anschl\u00fcsse unabh\u00e4ngig von der Fahrt vor Regen und Schmutz gesch\u00fctzt.<\/p>\n<p>USB 3.0 A-Stecker an einem Ende, USB 3.0 A-Buchse am anderen. Blanker Kupferleiter, Abschirmung aus Aluminiumfolie und Geflecht und eine \u00dcbertragungsrate von bis zu 5 Gbit\/s. Es ist schnell, zuverl\u00e4ssig und entspricht den RoHS- und REACH-Standards.<\/p>\n<p><span style=\"font-size: 16px;\">Seine Spezifikationen:<\/span><\/p>\n<ul>\n<li>Anschluss 1: USB 3.0 A Stecker x2<\/li>\n<li>Anschluss 2: USB 3.0 A Buchse x2<\/li>\n<li>Vergoldete Kontakte, vernickeltes Geh\u00e4use<\/li>\n<li>Kabel-Leiter: Blanke Kupfer<\/li>\n<li>Kabelquerschnitt: 28\/28\/24AWG<\/li>\n<li>Au\u00dfendurchmesser: 5,5 mm<\/li>\n<li>Abschirmung: Aluminiumfolie, Geflecht<\/li>\n<li>Geh\u00e4use: Spritzgussform<\/li>\n<li>Mantel: PVC<\/li>\n<li>Unterst\u00fctzt superschnelle USB 3.0-Ger\u00e4te und die \u00dcbertragungsrate erreicht bis zu 5Gbps<\/li>\n<li>Einhaltung der Vorschriften: RoHS, REACH<\/li>\n<\/ul>","protected":false},"excerpt":{"rendered":"<p>Dual Ports Flush USB Panel Mount Car USB 3.0 A Stecker zu Buchse Wasserdichtes Kabel f\u00fcr Autos, LKWs, Motorr\u00e4der, Boote, Yachten<\/p>","protected":false},"featured_media":24807,"template":"","meta":{"_acf_changed":false,"_seopress_robots_primary_cat":"","_seopress_titles_title":"USB Panel Mount Car USB 3.0 A Male to Female Cable","_seopress_titles_desc":"","_seopress_robots_index":"","site-sidebar-layout":"default","site-content-layout":"default","ast-site-content-layout":"default","site-content-style":"default","site-sidebar-style":"default","ast-global-header-display":"","ast-banner-title-visibility":"","ast-main-header-display":"","ast-hfb-above-header-display":"","ast-hfb-below-header-display":"","ast-hfb-mobile-header-display":"","site-post-title":"","ast-breadcrumbs-content":"","ast-featured-img":"","footer-sml-layout":"","ast-disable-related-posts":"","theme-transparent-header-meta":"default","adv-header-id-meta":"","stick-header-meta":"","header-above-stick-meta":"","header-main-stick-meta":"","header-below-stick-meta":"","astra-migrate-meta-layouts":"set","ast-page-background-enabled":"default","ast-page-background-meta":{"desktop":{"background-color":"","background-image":"","background-repeat":"repeat","background-position":"center center","background-size":"auto","background-attachment":"scroll","background-type":"","background-media":"","overlay-type":"","overlay-color":"","overlay-opacity":"","overlay-gradient":""},"tablet":{"background-color":"","background-image":"","background-repeat":"repeat","background-position":"center center","background-size":"auto","background-attachment":"scroll","background-type":"","background-media":"","overlay-type":"","overlay-color":"","overlay-opacity":"","overlay-gradient":""},"mobile":{"background-color":"","background-image":"","background-repeat":"repeat","background-position":"center center","background-size":"auto","background-attachment":"scroll","background-type":"","background-media":"","overlay-type":"","overlay-color":"","overlay-opacity":"","overlay-gradient":""}},"ast-content-background-meta":{"desktop":{"background-color":"var(--ast-global-color-5)","background-image":"","background-repeat":"repeat","background-position":"center center","background-size":"auto","background-attachment":"scroll","background-type":"","background-media":"","overlay-type":"","overlay-color":"","overlay-opacity":"","overlay-gradient":""},"tablet":{"background-color":"var(--ast-global-color-5)","background-image":"","background-repeat":"repeat","background-position":"center center","background-size":"auto","background-attachment":"scroll","background-type":"","background-media":"","overlay-type":"","overlay-color":"","overlay-opacity":"","overlay-gradient":""},"mobile":{"background-color":"var(--ast-global-color-5)","background-image":"","background-repeat":"repeat","background-position":"center center","background-size":"auto","background-attachment":"scroll","background-type":"","background-media":"","overlay-type":"","overlay-color":"","overlay-opacity":"","overlay-gradient":""}},"iawp_total_views":4},"product_brand":[],"product_cat":[238,681],"product_tag":[],"class_list":{"0":"post-24804","1":"product","2":"type-product","3":"status-publish","4":"has-post-thumbnail","6":"product_cat-panel-mount","7":"product_cat-waterproof-rugged-cables","8":"desktop-align-left","9":"tablet-align-left","10":"mobile-align-left","12":"first","13":"instock","14":"shipping-taxable","15":"purchasable","16":"product-type-simple"},"acf":[],"_links":{"self":[{"href":"https:\/\/www.fjpremium.com\/de\/wp-json\/wp\/v2\/product\/24804","targetHints":{"allow":["GET"]}}],"collection":[{"href":"https:\/\/www.fjpremium.com\/de\/wp-json\/wp\/v2\/product"}],"about":[{"href":"https:\/\/www.fjpremium.com\/de\/wp-json\/wp\/v2\/types\/product"}],"wp:featuredmedia":[{"embeddable":true,"href":"https:\/\/www.fjpremium.com\/de\/wp-json\/wp\/v2\/media\/24807"}],"wp:attachment":[{"href":"https:\/\/www.fjpremium.com\/de\/wp-json\/wp\/v2\/media?parent=24804"}],"wp:term":[{"taxonomy":"product_brand","embeddable":true,"href":"https:\/\/www.fjpremium.com\/de\/wp-json\/wp\/v2\/product_brand?post=24804"},{"taxonomy":"product_cat","embeddable":true,"href":"https:\/\/www.fjpremium.com\/de\/wp-json\/wp\/v2\/product_cat?post=24804"},{"taxonomy":"product_tag","embeddable":true,"href":"https:\/\/www.fjpremium.com\/de\/wp-json\/wp\/v2\/product_tag?post=24804"}],"curies":[{"name":"wp","href":"https:\/\/api.w.org\/{rel}","templated":true}]}}