{"id":24777,"date":"2024-01-22T16:24:37","date_gmt":"2024-01-22T08:24:37","guid":{"rendered":"https:\/\/www.fjpremium.com\/?post_type=product&#038;p=24777"},"modified":"2024-04-01T17:30:25","modified_gmt":"2024-04-01T09:30:25","slug":"aluminium-alloy-usb-3-0-a-car-waterproof-cable","status":"publish","type":"product","link":"https:\/\/www.fjpremium.com\/de\/product\/aluminium-alloy-usb-3-0-a-car-waterproof-cable\/","title":{"rendered":"Aluminiumlegierung Dual Ports USB 3.0 A Auto wasserdicht Kabel Stecker zu Buchse Flush Panel Mount Kabel mit LED-Anzeige"},"content":{"rendered":"<p>Das wasserdichte Dual-Port-USB-3.0-A-Autokabel von FARSINCE (Stecker auf Buchse) f\u00fcr die b\u00fcndige Schalttafelmontage erweitert zwei USB-3.0-Typ-A-Anschl\u00fcsse auf dem Armaturenbrett von Fahrzeugen.<\/p>\n<p>Seine robuste Konstruktion aus Aluminiumlegierung und die wasserdichte Abdeckung sch\u00fctzen vor Witterungseinfl\u00fcssen, w\u00e4hrend die M26 x 1,5 Aluminiummutter die Installation vereinfacht.<\/p>\n<p>Es ist ideal f\u00fcr Autos, LKWs, Motorr\u00e4der, Boote und Yachten und bietet Haltbarkeit und Zuverl\u00e4ssigkeit f\u00fcr den l\u00e4ngeren Einsatz.<\/p>\n<p><!-- notionvc: e16f256b-1002-40c7-afcf-7c7c760a7e79 --><\/p>\n<p><span style=\"font-size: 16px;\">Seine Spezifikationen:<\/span><\/p>\n<ul>\n<li>Anschluss 1: USB 3.0 A Stecker x2<\/li>\n<li>Anschluss 2: USB 3.0 A Buchse x2<\/li>\n<li>Vergoldete Kontakte, vernickeltes Geh\u00e4use<\/li>\n<li>Kabel-Leiter: Blanke Kupfer<\/li>\n<li>Kabelquerschnitt: 28\/28\/24AWG<\/li>\n<li>Au\u00dfendurchmesser: 5,5 mm<\/li>\n<li>Abschirmung: Aluminiumfolie, Geflecht<\/li>\n<li>Geh\u00e4use: Aluminiumlegierung<\/li>\n<li>Mantel: PVC<\/li>\n<li>Unterst\u00fctzt USB 3.0-Ger\u00e4te mit hoher Geschwindigkeit und einer \u00dcbertragungsrate von bis zu 5 Gbit\/s<\/li>\n<li>Einhaltung der Vorschriften: RoHS, REACH<\/li>\n<\/ul>","protected":false},"excerpt":{"rendered":"<p>Aluminiumlegierung Dual Ports USB 3.0 A Car Waterproof Cable Male to Female Flush Panel Mount Cable mit LED-Anzeige geeignet f\u00fcr Autos, LKWs, Motorr\u00e4der, Boote, Yachten<\/p>","protected":false},"featured_media":24778,"template":"","meta":{"_acf_changed":false,"_seopress_robots_primary_cat":"","_seopress_titles_title":"Aluminium Alloy Dual Ports USB 3.0 A Car Waterproof Cable","_seopress_titles_desc":"","_seopress_robots_index":"","site-sidebar-layout":"default","site-content-layout":"default","ast-site-content-layout":"default","site-content-style":"default","site-sidebar-style":"default","ast-global-header-display":"","ast-banner-title-visibility":"","ast-main-header-display":"","ast-hfb-above-header-display":"","ast-hfb-below-header-display":"","ast-hfb-mobile-header-display":"","site-post-title":"","ast-breadcrumbs-content":"","ast-featured-img":"","footer-sml-layout":"","ast-disable-related-posts":"","theme-transparent-header-meta":"default","adv-header-id-meta":"","stick-header-meta":"","header-above-stick-meta":"","header-main-stick-meta":"","header-below-stick-meta":"","astra-migrate-meta-layouts":"set","ast-page-background-enabled":"default","ast-page-background-meta":{"desktop":{"background-color":"","background-image":"","background-repeat":"repeat","background-position":"center center","background-size":"auto","background-attachment":"scroll","background-type":"","background-media":"","overlay-type":"","overlay-color":"","overlay-opacity":"","overlay-gradient":""},"tablet":{"background-color":"","background-image":"","background-repeat":"repeat","background-position":"center center","background-size":"auto","background-attachment":"scroll","background-type":"","background-media":"","overlay-type":"","overlay-color":"","overlay-opacity":"","overlay-gradient":""},"mobile":{"background-color":"","background-image":"","background-repeat":"repeat","background-position":"center center","background-size":"auto","background-attachment":"scroll","background-type":"","background-media":"","overlay-type":"","overlay-color":"","overlay-opacity":"","overlay-gradient":""}},"ast-content-background-meta":{"desktop":{"background-color":"var(--ast-global-color-5)","background-image":"","background-repeat":"repeat","background-position":"center center","background-size":"auto","background-attachment":"scroll","background-type":"","background-media":"","overlay-type":"","overlay-color":"","overlay-opacity":"","overlay-gradient":""},"tablet":{"background-color":"var(--ast-global-color-5)","background-image":"","background-repeat":"repeat","background-position":"center center","background-size":"auto","background-attachment":"scroll","background-type":"","background-media":"","overlay-type":"","overlay-color":"","overlay-opacity":"","overlay-gradient":""},"mobile":{"background-color":"var(--ast-global-color-5)","background-image":"","background-repeat":"repeat","background-position":"center center","background-size":"auto","background-attachment":"scroll","background-type":"","background-media":"","overlay-type":"","overlay-color":"","overlay-opacity":"","overlay-gradient":""}},"iawp_total_views":9},"product_brand":[],"product_cat":[238,681],"product_tag":[],"class_list":{"0":"post-24777","1":"product","2":"type-product","3":"status-publish","4":"has-post-thumbnail","6":"product_cat-panel-mount","7":"product_cat-waterproof-rugged-cables","8":"desktop-align-left","9":"tablet-align-left","10":"mobile-align-left","12":"first","13":"instock","14":"shipping-taxable","15":"purchasable","16":"product-type-simple"},"acf":[],"_links":{"self":[{"href":"https:\/\/www.fjpremium.com\/de\/wp-json\/wp\/v2\/product\/24777","targetHints":{"allow":["GET"]}}],"collection":[{"href":"https:\/\/www.fjpremium.com\/de\/wp-json\/wp\/v2\/product"}],"about":[{"href":"https:\/\/www.fjpremium.com\/de\/wp-json\/wp\/v2\/types\/product"}],"wp:featuredmedia":[{"embeddable":true,"href":"https:\/\/www.fjpremium.com\/de\/wp-json\/wp\/v2\/media\/24778"}],"wp:attachment":[{"href":"https:\/\/www.fjpremium.com\/de\/wp-json\/wp\/v2\/media?parent=24777"}],"wp:term":[{"taxonomy":"product_brand","embeddable":true,"href":"https:\/\/www.fjpremium.com\/de\/wp-json\/wp\/v2\/product_brand?post=24777"},{"taxonomy":"product_cat","embeddable":true,"href":"https:\/\/www.fjpremium.com\/de\/wp-json\/wp\/v2\/product_cat?post=24777"},{"taxonomy":"product_tag","embeddable":true,"href":"https:\/\/www.fjpremium.com\/de\/wp-json\/wp\/v2\/product_tag?post=24777"}],"curies":[{"name":"wp","href":"https:\/\/api.w.org\/{rel}","templated":true}]}}