{"id":24762,"date":"2024-01-22T11:48:23","date_gmt":"2024-01-22T03:48:23","guid":{"rendered":"https:\/\/www.fjpremium.com\/?post_type=product&#038;p=24762"},"modified":"2024-04-01T15:49:18","modified_gmt":"2024-04-01T07:49:18","slug":"iec-angle-c14-male-to-female-power-socket","status":"publish","type":"product","link":"https:\/\/www.fjpremium.com\/de\/product\/iec-angle-c14-male-to-female-power-socket\/","title":{"rendered":"AC-Winkel-C14-Stecker-auf-Buchse-Steckdose mit vier Schraubenl\u00f6chern"},"content":{"rendered":"<p>Die AC-Winkel-C14-Stecker-auf-Buchse-Steckdose bietet mit ihrem abgewinkelten Design und den sicheren Schraublochanschl\u00fcssen eine optimierte Installation und zuverl\u00e4ssige Stromanschl\u00fcsse.<\/p>\n<p>Das im Pr\u00e4zisionsspritzgussverfahren gefertigte, robuste Geh\u00e4use gew\u00e4hrleistet eine lange Lebensdauer und macht es ideal f\u00fcr verschiedene industrielle und kommerzielle Anwendungen.<\/p>\n<p>Es ist f\u00fcr 15 A und 250 V ausgelegt und liefert eine konstante Stromversorgung, w\u00e4hrend die Einhaltung der RoHS- und REACH-Vorschriften sein Engagement f\u00fcr Qualit\u00e4ts- und Umweltstandards unterstreicht.<\/p>\n<p>Diese Steckdose ist perfekt f\u00fcr enge R\u00e4ume und anspruchsvolle Umgebungen geeignet und eine wertvolle Bereicherung f\u00fcr jedes elektrische System, bei dem es auf Effizienz und Zuverl\u00e4ssigkeit ankommt.<\/p>\n<p><!-- notionvc: e16f256b-1002-40c7-afcf-7c7c760a7e79 --><\/p>\n<p><span style=\"font-size: 16px;\">Seine Spezifikationen:<\/span><\/p>\n<ul>\n<li>Anschluss 1: Winkel-AC-C14-Stecker mit zwei Schraubenl\u00f6chern<\/li>\n<li>Anschluss 2: AC C14-Buchse mit zwei Schraubenl\u00f6chern<\/li>\n<li>Lochabstand: 40\u00b10.3mm<\/li>\n<li>Geh\u00e4use: Spritzgussform<\/li>\n<li>Die Nennleistung betr\u00e4gt 15A, 250V<\/li>\n<li>Konform: RoHS, REACH<\/li>\n<\/ul>","protected":false},"excerpt":{"rendered":"<p>Schwarze AC-Winkel-C14-Stecker-auf-Buchse-Steckdose mit vier Schraubenl\u00f6chern<\/p>","protected":false},"featured_media":24763,"template":"","meta":{"_acf_changed":false,"_seopress_robots_primary_cat":"","_seopress_titles_title":"AC Angle C14 Male to Female Power Socket","_seopress_titles_desc":"","_seopress_robots_index":"","site-sidebar-layout":"default","site-content-layout":"default","ast-site-content-layout":"default","site-content-style":"default","site-sidebar-style":"default","ast-global-header-display":"","ast-banner-title-visibility":"","ast-main-header-display":"","ast-hfb-above-header-display":"","ast-hfb-below-header-display":"","ast-hfb-mobile-header-display":"","site-post-title":"","ast-breadcrumbs-content":"","ast-featured-img":"","footer-sml-layout":"","ast-disable-related-posts":"","theme-transparent-header-meta":"default","adv-header-id-meta":"","stick-header-meta":"","header-above-stick-meta":"","header-main-stick-meta":"","header-below-stick-meta":"","astra-migrate-meta-layouts":"set","ast-page-background-enabled":"default","ast-page-background-meta":{"desktop":{"background-color":"","background-image":"","background-repeat":"repeat","background-position":"center center","background-size":"auto","background-attachment":"scroll","background-type":"","background-media":"","overlay-type":"","overlay-color":"","overlay-opacity":"","overlay-gradient":""},"tablet":{"background-color":"","background-image":"","background-repeat":"repeat","background-position":"center center","background-size":"auto","background-attachment":"scroll","background-type":"","background-media":"","overlay-type":"","overlay-color":"","overlay-opacity":"","overlay-gradient":""},"mobile":{"background-color":"","background-image":"","background-repeat":"repeat","background-position":"center center","background-size":"auto","background-attachment":"scroll","background-type":"","background-media":"","overlay-type":"","overlay-color":"","overlay-opacity":"","overlay-gradient":""}},"ast-content-background-meta":{"desktop":{"background-color":"var(--ast-global-color-5)","background-image":"","background-repeat":"repeat","background-position":"center center","background-size":"auto","background-attachment":"scroll","background-type":"","background-media":"","overlay-type":"","overlay-color":"","overlay-opacity":"","overlay-gradient":""},"tablet":{"background-color":"var(--ast-global-color-5)","background-image":"","background-repeat":"repeat","background-position":"center center","background-size":"auto","background-attachment":"scroll","background-type":"","background-media":"","overlay-type":"","overlay-color":"","overlay-opacity":"","overlay-gradient":""},"mobile":{"background-color":"var(--ast-global-color-5)","background-image":"","background-repeat":"repeat","background-position":"center center","background-size":"auto","background-attachment":"scroll","background-type":"","background-media":"","overlay-type":"","overlay-color":"","overlay-opacity":"","overlay-gradient":""}},"iawp_total_views":8},"product_brand":[],"product_cat":[238,679],"product_tag":[],"class_list":{"0":"post-24762","1":"product","2":"type-product","3":"status-publish","4":"has-post-thumbnail","6":"product_cat-panel-mount","7":"product_cat-panel-mount-couplers","8":"desktop-align-left","9":"tablet-align-left","10":"mobile-align-left","12":"first","13":"instock","14":"shipping-taxable","15":"purchasable","16":"product-type-simple"},"acf":[],"_links":{"self":[{"href":"https:\/\/www.fjpremium.com\/de\/wp-json\/wp\/v2\/product\/24762","targetHints":{"allow":["GET"]}}],"collection":[{"href":"https:\/\/www.fjpremium.com\/de\/wp-json\/wp\/v2\/product"}],"about":[{"href":"https:\/\/www.fjpremium.com\/de\/wp-json\/wp\/v2\/types\/product"}],"wp:featuredmedia":[{"embeddable":true,"href":"https:\/\/www.fjpremium.com\/de\/wp-json\/wp\/v2\/media\/24763"}],"wp:attachment":[{"href":"https:\/\/www.fjpremium.com\/de\/wp-json\/wp\/v2\/media?parent=24762"}],"wp:term":[{"taxonomy":"product_brand","embeddable":true,"href":"https:\/\/www.fjpremium.com\/de\/wp-json\/wp\/v2\/product_brand?post=24762"},{"taxonomy":"product_cat","embeddable":true,"href":"https:\/\/www.fjpremium.com\/de\/wp-json\/wp\/v2\/product_cat?post=24762"},{"taxonomy":"product_tag","embeddable":true,"href":"https:\/\/www.fjpremium.com\/de\/wp-json\/wp\/v2\/product_tag?post=24762"}],"curies":[{"name":"wp","href":"https:\/\/api.w.org\/{rel}","templated":true}]}}