{"id":24752,"date":"2024-01-22T11:37:14","date_gmt":"2024-01-22T03:37:14","guid":{"rendered":"https:\/\/www.fjpremium.com\/?post_type=product&#038;p=24752"},"modified":"2024-04-01T15:38:04","modified_gmt":"2024-04-01T07:38:04","slug":"90-angle-panel-mount-vga-coupler-adapter","status":"publish","type":"product","link":"https:\/\/www.fjpremium.com\/de\/product\/90-angle-panel-mount-vga-coupler-adapter\/","title":{"rendered":"90\u00b0-Winkel-Panelmontage VGA-Stecker-Buchse-Koppler-Adapter"},"content":{"rendered":"<p>Der 90\u00b0-Winkel-Panel-Mount-VGA zeigt au\u00dfergew\u00f6hnliche Handwerkskunst und Funktionalit\u00e4t.<\/p>\n<p>Sein robustes Spritzgussgeh\u00e4use und die Schraubanschl\u00fcsse an beiden Enden sorgen f\u00fcr sichere und zuverl\u00e4ssige Verbindungen in jeder Umgebung.<\/p>\n<p>Es unterst\u00fctzt Aufl\u00f6sungen von bis zu 1920 x 1080 bei 60 Hz und liefert eine einwandfreie visuelle Klarheit, perfekt f\u00fcr anspruchsvolle professionelle und industrielle Anwendungen.<\/p>\n<p>Dar\u00fcber hinaus unterstreicht die Einhaltung der RoHS- und REACH-Vorschriften sein Engagement f\u00fcr Qualit\u00e4t und \u00f6kologische Nachhaltigkeit.<\/p>\n<p><!-- notionvc: e16f256b-1002-40c7-afcf-7c7c760a7e79 --><\/p>\n<p><span style=\"font-size: 16px;\">Seine Spezifikationen:<\/span><\/p>\n<ul>\n<li>Anschluss 1: VGA-Stecker mit Schraubverriegelung<\/li>\n<li>Anschluss 2: VGA-Buchse mit Schraubverriegelung<\/li>\n<li>Vergoldete Kontakte, vernickeltes Geh\u00e4use<\/li>\n<li>Geh\u00e4use: Spritzgie\u00dfen<\/li>\n<li>Aufl\u00f6sung bis zu 1920 x 1080 @ 60 Hz<\/li>\n<li>Einhaltung der Vorschriften: RoHS, REACH<\/li>\n<\/ul>","protected":false},"excerpt":{"rendered":"<p>90\u00b0 Winkel Panel Mount VGA Stecker zu Buchse Coupler Adapter, Unterst\u00fctzt eine hohe Aufl\u00f6sung bis zu 1920\u00d71080@60 (1080p Full HD) einschlie\u00dflich 720p und 1600\u00d71200 f\u00fcr HD-Monitore oder Projektoren<\/p>","protected":false},"featured_media":24753,"template":"","meta":{"_acf_changed":false,"_seopress_robots_primary_cat":"","_seopress_titles_title":"90\u00b0 Angle Panel Mount VGA Male to Female Coupler Adapter","_seopress_titles_desc":"","_seopress_robots_index":"","site-sidebar-layout":"default","site-content-layout":"default","ast-site-content-layout":"default","site-content-style":"default","site-sidebar-style":"default","ast-global-header-display":"","ast-banner-title-visibility":"","ast-main-header-display":"","ast-hfb-above-header-display":"","ast-hfb-below-header-display":"","ast-hfb-mobile-header-display":"","site-post-title":"","ast-breadcrumbs-content":"","ast-featured-img":"","footer-sml-layout":"","ast-disable-related-posts":"","theme-transparent-header-meta":"default","adv-header-id-meta":"","stick-header-meta":"","header-above-stick-meta":"","header-main-stick-meta":"","header-below-stick-meta":"","astra-migrate-meta-layouts":"set","ast-page-background-enabled":"default","ast-page-background-meta":{"desktop":{"background-color":"","background-image":"","background-repeat":"repeat","background-position":"center center","background-size":"auto","background-attachment":"scroll","background-type":"","background-media":"","overlay-type":"","overlay-color":"","overlay-opacity":"","overlay-gradient":""},"tablet":{"background-color":"","background-image":"","background-repeat":"repeat","background-position":"center center","background-size":"auto","background-attachment":"scroll","background-type":"","background-media":"","overlay-type":"","overlay-color":"","overlay-opacity":"","overlay-gradient":""},"mobile":{"background-color":"","background-image":"","background-repeat":"repeat","background-position":"center center","background-size":"auto","background-attachment":"scroll","background-type":"","background-media":"","overlay-type":"","overlay-color":"","overlay-opacity":"","overlay-gradient":""}},"ast-content-background-meta":{"desktop":{"background-color":"var(--ast-global-color-5)","background-image":"","background-repeat":"repeat","background-position":"center center","background-size":"auto","background-attachment":"scroll","background-type":"","background-media":"","overlay-type":"","overlay-color":"","overlay-opacity":"","overlay-gradient":""},"tablet":{"background-color":"var(--ast-global-color-5)","background-image":"","background-repeat":"repeat","background-position":"center center","background-size":"auto","background-attachment":"scroll","background-type":"","background-media":"","overlay-type":"","overlay-color":"","overlay-opacity":"","overlay-gradient":""},"mobile":{"background-color":"var(--ast-global-color-5)","background-image":"","background-repeat":"repeat","background-position":"center center","background-size":"auto","background-attachment":"scroll","background-type":"","background-media":"","overlay-type":"","overlay-color":"","overlay-opacity":"","overlay-gradient":""}},"iawp_total_views":14},"product_brand":[],"product_cat":[238,679],"product_tag":[],"class_list":{"0":"post-24752","1":"product","2":"type-product","3":"status-publish","4":"has-post-thumbnail","6":"product_cat-panel-mount","7":"product_cat-panel-mount-couplers","8":"desktop-align-left","9":"tablet-align-left","10":"mobile-align-left","12":"first","13":"instock","14":"shipping-taxable","15":"purchasable","16":"product-type-simple"},"acf":[],"_links":{"self":[{"href":"https:\/\/www.fjpremium.com\/de\/wp-json\/wp\/v2\/product\/24752","targetHints":{"allow":["GET"]}}],"collection":[{"href":"https:\/\/www.fjpremium.com\/de\/wp-json\/wp\/v2\/product"}],"about":[{"href":"https:\/\/www.fjpremium.com\/de\/wp-json\/wp\/v2\/types\/product"}],"wp:featuredmedia":[{"embeddable":true,"href":"https:\/\/www.fjpremium.com\/de\/wp-json\/wp\/v2\/media\/24753"}],"wp:attachment":[{"href":"https:\/\/www.fjpremium.com\/de\/wp-json\/wp\/v2\/media?parent=24752"}],"wp:term":[{"taxonomy":"product_brand","embeddable":true,"href":"https:\/\/www.fjpremium.com\/de\/wp-json\/wp\/v2\/product_brand?post=24752"},{"taxonomy":"product_cat","embeddable":true,"href":"https:\/\/www.fjpremium.com\/de\/wp-json\/wp\/v2\/product_cat?post=24752"},{"taxonomy":"product_tag","embeddable":true,"href":"https:\/\/www.fjpremium.com\/de\/wp-json\/wp\/v2\/product_tag?post=24752"}],"curies":[{"name":"wp","href":"https:\/\/api.w.org\/{rel}","templated":true}]}}