{"id":24725,"date":"2024-01-22T10:18:25","date_gmt":"2024-01-22T02:18:25","guid":{"rendered":"https:\/\/www.fjpremium.com\/?post_type=product&#038;p=24725"},"modified":"2024-03-29T16:31:34","modified_gmt":"2024-03-29T08:31:34","slug":"panel-mount-usb-2-0-a-to-b-copler-adapter","status":"publish","type":"product","link":"https:\/\/www.fjpremium.com\/de\/product\/panel-mount-usb-2-0-a-to-b-copler-adapter\/","title":{"rendered":"Panel Mount USB 2.0 A zu B Coupler Adapter mit Schraubloch Buchse zu Buchse"},"content":{"rendered":"<p>Der USB 2.0 A auf B-Koppleradapter zur Panelmontage bietet Zuverl\u00e4ssigkeit und Leistung.<\/p>\n<p>Vergoldete Kontakte und eine vernickelte H\u00fclle sorgen f\u00fcr Langlebigkeit, unterst\u00fctzt durch ein Spritzgussgeh\u00e4use.<\/p>\n<p>Verbindet USB 2.0-Ger\u00e4te vom Typ A und Typ B nahtlos und unterst\u00fctzt Hochgeschwindigkeits\u00fcbertragungen von bis zu 480 Mbit\/s.<\/p>\n<p>Auf Langlebigkeit ausgelegt und bietet Zuverl\u00e4ssigkeit und Langlebigkeit f\u00fcr verschiedene Umgebungen.<\/p>\n<p>Perfekt f\u00fcr B\u00fcros, Bildungseinrichtungen oder den Heimgebrauch, da es die Konnektivit\u00e4t optimiert und das Benutzererlebnis verbessert.<\/p>\n<p><!-- notionvc: e16f256b-1002-40c7-afcf-7c7c760a7e79 --><\/p>\n<p><span style=\"font-size: 16px;\">Seine Spezifikationen:<\/span><\/p>\n<ul>\n<li>Anschluss 1: USB 2.0 Typ-A Buchse<\/li>\n<li>Anschluss 2: USB 2.0 Typ-B Buchse mit Schraubloch<\/li>\n<li>Vergoldete Kontakte, vernickeltes Geh\u00e4use<\/li>\n<li>Geh\u00e4use: Spritzgie\u00dfen<\/li>\n<li>Unterst\u00fctzt Hochgeschwindigkeits-USB 2.0-Ger\u00e4te und erreicht eine \u00dcbertragungsrate von 480Mbps<\/li>\n<li>Abw\u00e4rtskompatibel mit USB 1.1 mit voller Geschwindigkeit (12 Mbit\/s) und USB 1.0 mit niedriger Geschwindigkeit (1,5 Mbit\/s)<\/li>\n<li>Einhaltung der Vorschriften: RoHS, REACH<\/li>\n<\/ul>","protected":false},"excerpt":{"rendered":"<p>Panel Mount USB 2.0 A zu B Coupler Adapter mit Schraubloch Buchse zu Buchse<\/p>","protected":false},"featured_media":24727,"template":"","meta":{"_acf_changed":false,"_seopress_robots_primary_cat":"","_seopress_titles_title":"Panel Mount USB 2.0 A to B Coupler Adapter with Screw Hole","_seopress_titles_desc":"","_seopress_robots_index":"","_seopress_analysis_target_kw":"Panel Mount USB 2.0 A to B Coupler","site-sidebar-layout":"default","site-content-layout":"default","ast-site-content-layout":"default","site-content-style":"default","site-sidebar-style":"default","ast-global-header-display":"","ast-banner-title-visibility":"","ast-main-header-display":"","ast-hfb-above-header-display":"","ast-hfb-below-header-display":"","ast-hfb-mobile-header-display":"","site-post-title":"","ast-breadcrumbs-content":"","ast-featured-img":"","footer-sml-layout":"","ast-disable-related-posts":"","theme-transparent-header-meta":"default","adv-header-id-meta":"","stick-header-meta":"","header-above-stick-meta":"","header-main-stick-meta":"","header-below-stick-meta":"","astra-migrate-meta-layouts":"set","ast-page-background-enabled":"default","ast-page-background-meta":{"desktop":{"background-color":"","background-image":"","background-repeat":"repeat","background-position":"center center","background-size":"auto","background-attachment":"scroll","background-type":"","background-media":"","overlay-type":"","overlay-color":"","overlay-opacity":"","overlay-gradient":""},"tablet":{"background-color":"","background-image":"","background-repeat":"repeat","background-position":"center center","background-size":"auto","background-attachment":"scroll","background-type":"","background-media":"","overlay-type":"","overlay-color":"","overlay-opacity":"","overlay-gradient":""},"mobile":{"background-color":"","background-image":"","background-repeat":"repeat","background-position":"center center","background-size":"auto","background-attachment":"scroll","background-type":"","background-media":"","overlay-type":"","overlay-color":"","overlay-opacity":"","overlay-gradient":""}},"ast-content-background-meta":{"desktop":{"background-color":"var(--ast-global-color-5)","background-image":"","background-repeat":"repeat","background-position":"center center","background-size":"auto","background-attachment":"scroll","background-type":"","background-media":"","overlay-type":"","overlay-color":"","overlay-opacity":"","overlay-gradient":""},"tablet":{"background-color":"var(--ast-global-color-5)","background-image":"","background-repeat":"repeat","background-position":"center center","background-size":"auto","background-attachment":"scroll","background-type":"","background-media":"","overlay-type":"","overlay-color":"","overlay-opacity":"","overlay-gradient":""},"mobile":{"background-color":"var(--ast-global-color-5)","background-image":"","background-repeat":"repeat","background-position":"center center","background-size":"auto","background-attachment":"scroll","background-type":"","background-media":"","overlay-type":"","overlay-color":"","overlay-opacity":"","overlay-gradient":""}},"iawp_total_views":14},"product_brand":[],"product_cat":[238,679],"product_tag":[],"class_list":{"0":"post-24725","1":"product","2":"type-product","3":"status-publish","4":"has-post-thumbnail","6":"product_cat-panel-mount","7":"product_cat-panel-mount-couplers","8":"desktop-align-left","9":"tablet-align-left","10":"mobile-align-left","12":"first","13":"instock","14":"shipping-taxable","15":"purchasable","16":"product-type-simple"},"acf":[],"_links":{"self":[{"href":"https:\/\/www.fjpremium.com\/de\/wp-json\/wp\/v2\/product\/24725","targetHints":{"allow":["GET"]}}],"collection":[{"href":"https:\/\/www.fjpremium.com\/de\/wp-json\/wp\/v2\/product"}],"about":[{"href":"https:\/\/www.fjpremium.com\/de\/wp-json\/wp\/v2\/types\/product"}],"wp:featuredmedia":[{"embeddable":true,"href":"https:\/\/www.fjpremium.com\/de\/wp-json\/wp\/v2\/media\/24727"}],"wp:attachment":[{"href":"https:\/\/www.fjpremium.com\/de\/wp-json\/wp\/v2\/media?parent=24725"}],"wp:term":[{"taxonomy":"product_brand","embeddable":true,"href":"https:\/\/www.fjpremium.com\/de\/wp-json\/wp\/v2\/product_brand?post=24725"},{"taxonomy":"product_cat","embeddable":true,"href":"https:\/\/www.fjpremium.com\/de\/wp-json\/wp\/v2\/product_cat?post=24725"},{"taxonomy":"product_tag","embeddable":true,"href":"https:\/\/www.fjpremium.com\/de\/wp-json\/wp\/v2\/product_tag?post=24725"}],"curies":[{"name":"wp","href":"https:\/\/api.w.org\/{rel}","templated":true}]}}