{"id":24718,"date":"2024-01-22T10:09:15","date_gmt":"2024-01-22T02:09:15","guid":{"rendered":"https:\/\/www.fjpremium.com\/?post_type=product&#038;p=24718"},"modified":"2024-03-29T16:24:53","modified_gmt":"2024-03-29T08:24:53","slug":"usb-2-0-b-to-a-panel-mount-adapter","status":"publish","type":"product","link":"https:\/\/www.fjpremium.com\/de\/product\/usb-2-0-b-to-a-panel-mount-adapter\/","title":{"rendered":"USB 2.0 B auf A Panel Mount Adapter Koppler Buchse auf Buchse"},"content":{"rendered":"<p>Der USB 2.0 B-zu-A-Adapterkoppler f\u00fcr die Panelmontage erm\u00f6glicht eine nahtlose USB-Konnektivit\u00e4t und verf\u00fcgt \u00fcber eine Typ-B-Buchse mit Schraubverriegelung und eine Typ-A-Buchse.<\/p>\n<p>Durch die Unterst\u00fctzung von Hochgeschwindigkeits-USB-2.0-Ger\u00e4ten und einer \u00dcbertragungsrate von bis zu 480 Mbit\/s sorgt es f\u00fcr eine effiziente Daten\u00fcbertragung.<\/p>\n<p>Sein spritzgegossenes Geh\u00e4use und der vernickelte M3-Mutter- und Schraubentyp sorgen f\u00fcr Haltbarkeit und Stabilit\u00e4t.<\/p>\n<p>Es ist mit verschiedenen Setups kompatibel und mit einem Lochabstand von 25 mm einfach zu installieren und bietet Zuverl\u00e4ssigkeit und Leistung.<\/p>\n<p><!-- notionvc: e16f256b-1002-40c7-afcf-7c7c760a7e79 --><\/p>\n<p><span style=\"font-size: 16px;\">Seine Spezifikationen:<\/span><\/p>\n<ul>\n<li>Anschluss 1: USB 2.0 Typ-B Buchse mit Schraubverschluss<\/li>\n<li>Anschluss 2: USB 2.0 Typ-A Buchse<\/li>\n<li>Vergoldete Kontakte, vernickeltes Geh\u00e4use<\/li>\n<li>Mutter und Schraube Typ: M3 vernickelt<\/li>\n<li>Lochabstand: 25mm<\/li>\n<li>Geh\u00e4use: Spritzgie\u00dfen<\/li>\n<li>Unterst\u00fctzt Hochgeschwindigkeits-USB 2.0-Ger\u00e4te und erreicht eine \u00dcbertragungsrate von 480Mbps<\/li>\n<li>Abw\u00e4rtskompatibel mit USB 1.1 mit voller Geschwindigkeit (12 Mbit\/s) und USB 1.0 mit niedriger Geschwindigkeit (1,5 Mbit\/s)<\/li>\n<li>Einhaltung der Vorschriften: RoHS, REACH<\/li>\n<\/ul>","protected":false},"excerpt":{"rendered":"<p>USB 2.0 B auf A Panel Mount Adapter Koppler Buchse auf Buchse mit Schraubbefestigung<\/p>","protected":false},"featured_media":24722,"template":"","meta":{"_acf_changed":false,"_seopress_robots_primary_cat":"","_seopress_titles_title":"USB 2.0 B to A Panel Mount Adapter Coupler Female to Female","_seopress_titles_desc":"","_seopress_robots_index":"","site-sidebar-layout":"default","site-content-layout":"default","ast-site-content-layout":"default","site-content-style":"default","site-sidebar-style":"default","ast-global-header-display":"","ast-banner-title-visibility":"","ast-main-header-display":"","ast-hfb-above-header-display":"","ast-hfb-below-header-display":"","ast-hfb-mobile-header-display":"","site-post-title":"","ast-breadcrumbs-content":"","ast-featured-img":"","footer-sml-layout":"","ast-disable-related-posts":"","theme-transparent-header-meta":"default","adv-header-id-meta":"","stick-header-meta":"","header-above-stick-meta":"","header-main-stick-meta":"","header-below-stick-meta":"","astra-migrate-meta-layouts":"set","ast-page-background-enabled":"default","ast-page-background-meta":{"desktop":{"background-color":"","background-image":"","background-repeat":"repeat","background-position":"center center","background-size":"auto","background-attachment":"scroll","background-type":"","background-media":"","overlay-type":"","overlay-color":"","overlay-opacity":"","overlay-gradient":""},"tablet":{"background-color":"","background-image":"","background-repeat":"repeat","background-position":"center center","background-size":"auto","background-attachment":"scroll","background-type":"","background-media":"","overlay-type":"","overlay-color":"","overlay-opacity":"","overlay-gradient":""},"mobile":{"background-color":"","background-image":"","background-repeat":"repeat","background-position":"center center","background-size":"auto","background-attachment":"scroll","background-type":"","background-media":"","overlay-type":"","overlay-color":"","overlay-opacity":"","overlay-gradient":""}},"ast-content-background-meta":{"desktop":{"background-color":"var(--ast-global-color-5)","background-image":"","background-repeat":"repeat","background-position":"center center","background-size":"auto","background-attachment":"scroll","background-type":"","background-media":"","overlay-type":"","overlay-color":"","overlay-opacity":"","overlay-gradient":""},"tablet":{"background-color":"var(--ast-global-color-5)","background-image":"","background-repeat":"repeat","background-position":"center center","background-size":"auto","background-attachment":"scroll","background-type":"","background-media":"","overlay-type":"","overlay-color":"","overlay-opacity":"","overlay-gradient":""},"mobile":{"background-color":"var(--ast-global-color-5)","background-image":"","background-repeat":"repeat","background-position":"center center","background-size":"auto","background-attachment":"scroll","background-type":"","background-media":"","overlay-type":"","overlay-color":"","overlay-opacity":"","overlay-gradient":""}},"iawp_total_views":5},"product_brand":[],"product_cat":[238,679],"product_tag":[],"class_list":{"0":"post-24718","1":"product","2":"type-product","3":"status-publish","4":"has-post-thumbnail","6":"product_cat-panel-mount","7":"product_cat-panel-mount-couplers","8":"desktop-align-left","9":"tablet-align-left","10":"mobile-align-left","12":"first","13":"instock","14":"shipping-taxable","15":"purchasable","16":"product-type-simple"},"acf":[],"_links":{"self":[{"href":"https:\/\/www.fjpremium.com\/de\/wp-json\/wp\/v2\/product\/24718","targetHints":{"allow":["GET"]}}],"collection":[{"href":"https:\/\/www.fjpremium.com\/de\/wp-json\/wp\/v2\/product"}],"about":[{"href":"https:\/\/www.fjpremium.com\/de\/wp-json\/wp\/v2\/types\/product"}],"wp:featuredmedia":[{"embeddable":true,"href":"https:\/\/www.fjpremium.com\/de\/wp-json\/wp\/v2\/media\/24722"}],"wp:attachment":[{"href":"https:\/\/www.fjpremium.com\/de\/wp-json\/wp\/v2\/media?parent=24718"}],"wp:term":[{"taxonomy":"product_brand","embeddable":true,"href":"https:\/\/www.fjpremium.com\/de\/wp-json\/wp\/v2\/product_brand?post=24718"},{"taxonomy":"product_cat","embeddable":true,"href":"https:\/\/www.fjpremium.com\/de\/wp-json\/wp\/v2\/product_cat?post=24718"},{"taxonomy":"product_tag","embeddable":true,"href":"https:\/\/www.fjpremium.com\/de\/wp-json\/wp\/v2\/product_tag?post=24718"}],"curies":[{"name":"wp","href":"https:\/\/api.w.org\/{rel}","templated":true}]}}