{"id":24703,"date":"2024-01-22T09:43:22","date_gmt":"2024-01-22T01:43:22","guid":{"rendered":"https:\/\/www.fjpremium.com\/?post_type=product&#038;p=24703"},"modified":"2024-03-29T16:04:21","modified_gmt":"2024-03-29T08:04:21","slug":"hdmi-female-to-female-wall-socket-face-plate","status":"publish","type":"product","link":"https:\/\/www.fjpremium.com\/de\/product\/hdmi-female-to-female-wall-socket-face-plate\/","title":{"rendered":"HDMI Buchse auf Buchse Wandplatte"},"content":{"rendered":"<p>Die FARSINCE HDMI-Buchse-auf-Buchse-Wandsteckdose-Frontplatte bietet eine vielseitige und hochwertige L\u00f6sung f\u00fcr ma\u00dfgeschneiderte Konnektivit\u00e4tsanforderungen.<\/p>\n<p>Sein modularer Aufbau erm\u00f6glicht eine m\u00fchelose Anpassung und bietet je nach Bedarf Platz f\u00fcr HDMI- und USB-Anschl\u00fcsse.<\/p>\n<p>Es verf\u00fcgt \u00fcber vergoldete Kontakte f\u00fcr optimale Leistung und Haltbarkeit und unterst\u00fctzt Aufl\u00f6sungen bis zu 4K*2K@50\/60 (2160p) und sorgt so f\u00fcr gestochen scharfe Klarheit.<\/p>\n<p>Die Installation ist dank der Kompatibilit\u00e4t mit standardm\u00e4\u00dfigen 86 mm x 86 mm gro\u00dfen Einbaudosen f\u00fcr die Wandmontage ein Kinderspiel.<\/p>\n<p>Im Wesentlichen vereint die FARSINCE-Frontplatte Flexibilit\u00e4t, Leistung und Zuverl\u00e4ssigkeit und ist somit die ideale Wahl f\u00fcr eine Reihe von Anwendungen.<\/p>\n<p><!-- notionvc: e16f256b-1002-40c7-afcf-7c7c760a7e79 --><\/p>\n<p><span style=\"font-size: 16px;\">Seine Spezifikationen:<\/span><\/p>\n<ul>\n<li>Anschluss 1: HDMI-Buchse<\/li>\n<li>Anschluss 2: HDMI-Buchse mit Steckdosenleiste<\/li>\n<li>Vergoldeter Kontakt, vergoldetes Geh\u00e4use<\/li>\n<li>Geh\u00e4use: Spritzgie\u00dfen<\/li>\n<li>Schnittstelle Gr\u00f6\u00dfe: 24*48mm, brandneue importierte feuerhemmende PC-Material<\/li>\n<li>Bandbreite bis zu 18Gbps<\/li>\n<li>4K\/50\/60 (2160p), d. h. die vierfache Klarheit einer 1080p\/60-Videoaufl\u00f6sung<\/li>\n<li>Einhaltung der Vorschriften: RoHS, REACH<\/li>\n<\/ul>","protected":false},"excerpt":{"rendered":"<p>HDMI Buchse auf Buchse Wandplatte, vergoldeter Stecker<\/p>","protected":false},"featured_media":24706,"template":"","meta":{"_acf_changed":false,"_seopress_robots_primary_cat":"","_seopress_titles_title":"HDMI Female to Female Wall Socket Face Plate- Farsince","_seopress_titles_desc":"","_seopress_robots_index":"","site-sidebar-layout":"default","site-content-layout":"default","ast-site-content-layout":"default","site-content-style":"default","site-sidebar-style":"default","ast-global-header-display":"","ast-banner-title-visibility":"","ast-main-header-display":"","ast-hfb-above-header-display":"","ast-hfb-below-header-display":"","ast-hfb-mobile-header-display":"","site-post-title":"","ast-breadcrumbs-content":"","ast-featured-img":"","footer-sml-layout":"","ast-disable-related-posts":"","theme-transparent-header-meta":"default","adv-header-id-meta":"","stick-header-meta":"","header-above-stick-meta":"","header-main-stick-meta":"","header-below-stick-meta":"","astra-migrate-meta-layouts":"set","ast-page-background-enabled":"default","ast-page-background-meta":{"desktop":{"background-color":"","background-image":"","background-repeat":"repeat","background-position":"center center","background-size":"auto","background-attachment":"scroll","background-type":"","background-media":"","overlay-type":"","overlay-color":"","overlay-opacity":"","overlay-gradient":""},"tablet":{"background-color":"","background-image":"","background-repeat":"repeat","background-position":"center center","background-size":"auto","background-attachment":"scroll","background-type":"","background-media":"","overlay-type":"","overlay-color":"","overlay-opacity":"","overlay-gradient":""},"mobile":{"background-color":"","background-image":"","background-repeat":"repeat","background-position":"center center","background-size":"auto","background-attachment":"scroll","background-type":"","background-media":"","overlay-type":"","overlay-color":"","overlay-opacity":"","overlay-gradient":""}},"ast-content-background-meta":{"desktop":{"background-color":"var(--ast-global-color-5)","background-image":"","background-repeat":"repeat","background-position":"center center","background-size":"auto","background-attachment":"scroll","background-type":"","background-media":"","overlay-type":"","overlay-color":"","overlay-opacity":"","overlay-gradient":""},"tablet":{"background-color":"var(--ast-global-color-5)","background-image":"","background-repeat":"repeat","background-position":"center center","background-size":"auto","background-attachment":"scroll","background-type":"","background-media":"","overlay-type":"","overlay-color":"","overlay-opacity":"","overlay-gradient":""},"mobile":{"background-color":"var(--ast-global-color-5)","background-image":"","background-repeat":"repeat","background-position":"center center","background-size":"auto","background-attachment":"scroll","background-type":"","background-media":"","overlay-type":"","overlay-color":"","overlay-opacity":"","overlay-gradient":""}},"iawp_total_views":21},"product_brand":[],"product_cat":[238,679],"product_tag":[],"class_list":{"0":"post-24703","1":"product","2":"type-product","3":"status-publish","4":"has-post-thumbnail","6":"product_cat-panel-mount","7":"product_cat-panel-mount-couplers","8":"desktop-align-left","9":"tablet-align-left","10":"mobile-align-left","12":"first","13":"instock","14":"shipping-taxable","15":"purchasable","16":"product-type-simple"},"acf":[],"_links":{"self":[{"href":"https:\/\/www.fjpremium.com\/de\/wp-json\/wp\/v2\/product\/24703","targetHints":{"allow":["GET"]}}],"collection":[{"href":"https:\/\/www.fjpremium.com\/de\/wp-json\/wp\/v2\/product"}],"about":[{"href":"https:\/\/www.fjpremium.com\/de\/wp-json\/wp\/v2\/types\/product"}],"wp:featuredmedia":[{"embeddable":true,"href":"https:\/\/www.fjpremium.com\/de\/wp-json\/wp\/v2\/media\/24706"}],"wp:attachment":[{"href":"https:\/\/www.fjpremium.com\/de\/wp-json\/wp\/v2\/media?parent=24703"}],"wp:term":[{"taxonomy":"product_brand","embeddable":true,"href":"https:\/\/www.fjpremium.com\/de\/wp-json\/wp\/v2\/product_brand?post=24703"},{"taxonomy":"product_cat","embeddable":true,"href":"https:\/\/www.fjpremium.com\/de\/wp-json\/wp\/v2\/product_cat?post=24703"},{"taxonomy":"product_tag","embeddable":true,"href":"https:\/\/www.fjpremium.com\/de\/wp-json\/wp\/v2\/product_tag?post=24703"}],"curies":[{"name":"wp","href":"https:\/\/api.w.org\/{rel}","templated":true}]}}