{"id":24689,"date":"2024-01-22T09:22:42","date_gmt":"2024-01-22T01:22:42","guid":{"rendered":"https:\/\/www.fjpremium.com\/?post_type=product&#038;p=24689"},"modified":"2024-03-29T15:00:23","modified_gmt":"2024-03-29T07:00:23","slug":"90-angle-4k-hdmi-2-0-panel-mount-adapter","status":"publish","type":"product","link":"https:\/\/www.fjpremium.com\/de\/product\/90-angle-4k-hdmi-2-0-panel-mount-adapter\/","title":{"rendered":"90\u00b0-Winkel-4K-HDMI-2.0-Adapter f\u00fcr die Panelmontage mit Schraubverriegelung, Buchse auf Buchse"},"content":{"rendered":"<p>Erleben Sie nahtlose Konnektivit\u00e4t mit unserem 4K HDMI 2.0-Adapterkoppler f\u00fcr die Panelmontage im 90\u00b0-Winkel.<\/p>\n<p>Mit vergoldeten HDMI-Buchsen, darunter eine mit Schraubverriegelung, gew\u00e4hrleistet dieser Adapter eine zuverl\u00e4ssige \u00dcbertragung und sichere Verbindungen. Mit einem robusten, vernickelten M3-Design und einem Lochabstand von 25 mm f\u00fcr eine einfache Installation ist es auf Langlebigkeit ausgelegt.<\/p>\n<p>Genie\u00dfen Sie makellose 4K-Aufl\u00f6sung, 3D-Video und lebendige Farben, alles unterst\u00fctzt durch eine Bandbreite von bis zu 18 Gbit\/s. Dar\u00fcber hinaus k\u00f6nnen Sie sich darauf verlassen, dass es den RoHS- und REACH-Standards entspricht.<\/p>\n<p>R\u00fcsten Sie Ihr Setup m\u00fchelos auf \u2013 entscheiden Sie sich f\u00fcr Qualit\u00e4t, entscheiden Sie sich f\u00fcr Innovation.<\/p>\n<p><span style=\"font-size: 16px;\">Seine Spezifikationen:<\/span><\/p>\n<ul>\n<li>Stecker 1: HDMI Buchse 90\u00b0 Winkel, vergoldet<\/li>\n<li>Anschluss 2: HDMI-Buchse mit Schraubverschluss, vergoldet<\/li>\n<li>Mutter und Schraube Typ: M3 vernickelt<\/li>\n<li>Lochabstand: 25mm<\/li>\n<li>Geh\u00e4use: Spritzgie\u00dfen<\/li>\n<li>Bandbreite bis zu 18Gbps<\/li>\n<li>4K\/50\/60 (2160p), d. h. die vierfache Klarheit einer 1080p\/60-Videoaufl\u00f6sung<\/li>\n<li>3D-Video, Deep Color und x.v. Color\u2122<\/li>\n<li>Einhaltung der Vorschriften: RoHS, REACH<\/li>\n<\/ul>","protected":false},"excerpt":{"rendered":"<p>90\u00b0-Winkel-4K-HDMI-2.0-Adapter f\u00fcr die Panelmontage mit Schraubverriegelung, Buchse auf Buchse, vergoldeter Stecker<\/p>","protected":false},"featured_media":24690,"template":"","meta":{"_acf_changed":false,"_seopress_robots_primary_cat":"","_seopress_titles_title":"90\u00b0 Angle 4K HDMI 2.0 Panel Mount Adapter Coupler","_seopress_titles_desc":"","_seopress_robots_index":"","site-sidebar-layout":"default","site-content-layout":"default","ast-site-content-layout":"default","site-content-style":"default","site-sidebar-style":"default","ast-global-header-display":"","ast-banner-title-visibility":"","ast-main-header-display":"","ast-hfb-above-header-display":"","ast-hfb-below-header-display":"","ast-hfb-mobile-header-display":"","site-post-title":"","ast-breadcrumbs-content":"","ast-featured-img":"","footer-sml-layout":"","ast-disable-related-posts":"","theme-transparent-header-meta":"default","adv-header-id-meta":"","stick-header-meta":"","header-above-stick-meta":"","header-main-stick-meta":"","header-below-stick-meta":"","astra-migrate-meta-layouts":"set","ast-page-background-enabled":"default","ast-page-background-meta":{"desktop":{"background-color":"","background-image":"","background-repeat":"repeat","background-position":"center center","background-size":"auto","background-attachment":"scroll","background-type":"","background-media":"","overlay-type":"","overlay-color":"","overlay-opacity":"","overlay-gradient":""},"tablet":{"background-color":"","background-image":"","background-repeat":"repeat","background-position":"center center","background-size":"auto","background-attachment":"scroll","background-type":"","background-media":"","overlay-type":"","overlay-color":"","overlay-opacity":"","overlay-gradient":""},"mobile":{"background-color":"","background-image":"","background-repeat":"repeat","background-position":"center center","background-size":"auto","background-attachment":"scroll","background-type":"","background-media":"","overlay-type":"","overlay-color":"","overlay-opacity":"","overlay-gradient":""}},"ast-content-background-meta":{"desktop":{"background-color":"var(--ast-global-color-5)","background-image":"","background-repeat":"repeat","background-position":"center center","background-size":"auto","background-attachment":"scroll","background-type":"","background-media":"","overlay-type":"","overlay-color":"","overlay-opacity":"","overlay-gradient":""},"tablet":{"background-color":"var(--ast-global-color-5)","background-image":"","background-repeat":"repeat","background-position":"center center","background-size":"auto","background-attachment":"scroll","background-type":"","background-media":"","overlay-type":"","overlay-color":"","overlay-opacity":"","overlay-gradient":""},"mobile":{"background-color":"var(--ast-global-color-5)","background-image":"","background-repeat":"repeat","background-position":"center center","background-size":"auto","background-attachment":"scroll","background-type":"","background-media":"","overlay-type":"","overlay-color":"","overlay-opacity":"","overlay-gradient":""}},"iawp_total_views":6},"product_brand":[],"product_cat":[238,679],"product_tag":[],"class_list":{"0":"post-24689","1":"product","2":"type-product","3":"status-publish","4":"has-post-thumbnail","6":"product_cat-panel-mount","7":"product_cat-panel-mount-couplers","8":"desktop-align-left","9":"tablet-align-left","10":"mobile-align-left","12":"first","13":"instock","14":"shipping-taxable","15":"purchasable","16":"product-type-simple"},"acf":[],"_links":{"self":[{"href":"https:\/\/www.fjpremium.com\/de\/wp-json\/wp\/v2\/product\/24689","targetHints":{"allow":["GET"]}}],"collection":[{"href":"https:\/\/www.fjpremium.com\/de\/wp-json\/wp\/v2\/product"}],"about":[{"href":"https:\/\/www.fjpremium.com\/de\/wp-json\/wp\/v2\/types\/product"}],"wp:featuredmedia":[{"embeddable":true,"href":"https:\/\/www.fjpremium.com\/de\/wp-json\/wp\/v2\/media\/24690"}],"wp:attachment":[{"href":"https:\/\/www.fjpremium.com\/de\/wp-json\/wp\/v2\/media?parent=24689"}],"wp:term":[{"taxonomy":"product_brand","embeddable":true,"href":"https:\/\/www.fjpremium.com\/de\/wp-json\/wp\/v2\/product_brand?post=24689"},{"taxonomy":"product_cat","embeddable":true,"href":"https:\/\/www.fjpremium.com\/de\/wp-json\/wp\/v2\/product_cat?post=24689"},{"taxonomy":"product_tag","embeddable":true,"href":"https:\/\/www.fjpremium.com\/de\/wp-json\/wp\/v2\/product_tag?post=24689"}],"curies":[{"name":"wp","href":"https:\/\/api.w.org\/{rel}","templated":true}]}}