{"id":24659,"date":"2024-01-19T17:02:15","date_gmt":"2024-01-19T09:02:15","guid":{"rendered":"https:\/\/www.fjpremium.com\/?post_type=product&#038;p=24659"},"modified":"2024-03-28T15:44:29","modified_gmt":"2024-03-28T07:44:29","slug":"c14-to-90-angle-c13-power-panel-mount-cable","status":"publish","type":"product","link":"https:\/\/www.fjpremium.com\/de\/product\/c14-to-90-angle-c13-power-panel-mount-cable\/","title":{"rendered":"IEC C14 auf 90\u00b0-Winkel C13 Power Panel Mount Kabel, Stecker auf Buchse"},"content":{"rendered":"<p>Das FARSINCE IEC C14-zu-90\u00b0-Winkel-C13-Stromtafelmontagekabel bietet eine praktische L\u00f6sung f\u00fcr den Anschluss von C14- und C13-Kabeln in engen R\u00e4umen.<\/p>\n<p>Mit einer Nennspannung von 10 A\/250 V gew\u00e4hrleistet es eine sichere und effiziente Stromversorgung f\u00fcr Computer, Server, Router und Monitore.<\/p>\n<p>Mit Schraubenl\u00f6chern f\u00fcr eine sichere Befestigung und einem um 90\u00b0 abgewinkelten Design f\u00fcr Flexibilit\u00e4t bei beengten Installationen bietet dieses Kabel eine praktische und zuverl\u00e4ssige Netzkabelverwaltung.<\/p>\n<p>Benutzer sollten die Kompatibilit\u00e4t des Ger\u00e4ts mit der bereitgestellten Spannung \u00fcberpr\u00fcfen, um Sch\u00e4den zu vermeiden.<\/p>\n<p><span style=\"font-size: 16px;\">Seine Spezifikationen:<\/span><\/p>\n<ul>\n<li>Stecker 1: IEC C14-Stecker mit Schraubloch<\/li>\n<li>Stecker 2: 90\u00b0-Winkel IEC C13-Buchse<\/li>\n<li>Vernickelter Kontakt, vernickeltes Geh\u00e4use<\/li>\n<li>Kabel-Leiter: Blanke Kupfer<\/li>\n<li>\u00c4u\u00dferer Durchmesser: 6,8 mm<\/li>\n<li>Mantel: PVC<\/li>\n<li>Geh\u00e4use: Spritzgussform<\/li>\n<li>Die Nennleistung betr\u00e4gt 10A\/250V<\/li>\n<li>Konform: RoHS, REACH<\/li>\n<\/ul>","protected":false},"excerpt":{"rendered":"<p>IEC C14 auf 90\u00b0 Winkel C13 Power Panel Mount Kabel mit Schraube, 1.5m<\/p>","protected":false},"featured_media":24660,"template":"","meta":{"_acf_changed":false,"_seopress_robots_primary_cat":"","_seopress_titles_title":"IEC C14 to 90\u00b0 Angle C13 Power Panel Mount Cable, M-F","_seopress_titles_desc":"","_seopress_robots_index":"","site-sidebar-layout":"default","site-content-layout":"default","ast-site-content-layout":"default","site-content-style":"default","site-sidebar-style":"default","ast-global-header-display":"","ast-banner-title-visibility":"","ast-main-header-display":"","ast-hfb-above-header-display":"","ast-hfb-below-header-display":"","ast-hfb-mobile-header-display":"","site-post-title":"","ast-breadcrumbs-content":"","ast-featured-img":"","footer-sml-layout":"","ast-disable-related-posts":"","theme-transparent-header-meta":"default","adv-header-id-meta":"","stick-header-meta":"","header-above-stick-meta":"","header-main-stick-meta":"","header-below-stick-meta":"","astra-migrate-meta-layouts":"set","ast-page-background-enabled":"default","ast-page-background-meta":{"desktop":{"background-color":"","background-image":"","background-repeat":"repeat","background-position":"center center","background-size":"auto","background-attachment":"scroll","background-type":"","background-media":"","overlay-type":"","overlay-color":"","overlay-opacity":"","overlay-gradient":""},"tablet":{"background-color":"","background-image":"","background-repeat":"repeat","background-position":"center center","background-size":"auto","background-attachment":"scroll","background-type":"","background-media":"","overlay-type":"","overlay-color":"","overlay-opacity":"","overlay-gradient":""},"mobile":{"background-color":"","background-image":"","background-repeat":"repeat","background-position":"center center","background-size":"auto","background-attachment":"scroll","background-type":"","background-media":"","overlay-type":"","overlay-color":"","overlay-opacity":"","overlay-gradient":""}},"ast-content-background-meta":{"desktop":{"background-color":"var(--ast-global-color-5)","background-image":"","background-repeat":"repeat","background-position":"center center","background-size":"auto","background-attachment":"scroll","background-type":"","background-media":"","overlay-type":"","overlay-color":"","overlay-opacity":"","overlay-gradient":""},"tablet":{"background-color":"var(--ast-global-color-5)","background-image":"","background-repeat":"repeat","background-position":"center center","background-size":"auto","background-attachment":"scroll","background-type":"","background-media":"","overlay-type":"","overlay-color":"","overlay-opacity":"","overlay-gradient":""},"mobile":{"background-color":"var(--ast-global-color-5)","background-image":"","background-repeat":"repeat","background-position":"center center","background-size":"auto","background-attachment":"scroll","background-type":"","background-media":"","overlay-type":"","overlay-color":"","overlay-opacity":"","overlay-gradient":""}},"iawp_total_views":51},"product_brand":[],"product_cat":[238,678],"product_tag":[],"class_list":{"0":"post-24659","1":"product","2":"type-product","3":"status-publish","4":"has-post-thumbnail","6":"product_cat-panel-mount","7":"product_cat-panel-mount-cables","8":"desktop-align-left","9":"tablet-align-left","10":"mobile-align-left","12":"first","13":"instock","14":"shipping-taxable","15":"purchasable","16":"product-type-simple"},"acf":[],"_links":{"self":[{"href":"https:\/\/www.fjpremium.com\/de\/wp-json\/wp\/v2\/product\/24659","targetHints":{"allow":["GET"]}}],"collection":[{"href":"https:\/\/www.fjpremium.com\/de\/wp-json\/wp\/v2\/product"}],"about":[{"href":"https:\/\/www.fjpremium.com\/de\/wp-json\/wp\/v2\/types\/product"}],"wp:featuredmedia":[{"embeddable":true,"href":"https:\/\/www.fjpremium.com\/de\/wp-json\/wp\/v2\/media\/24660"}],"wp:attachment":[{"href":"https:\/\/www.fjpremium.com\/de\/wp-json\/wp\/v2\/media?parent=24659"}],"wp:term":[{"taxonomy":"product_brand","embeddable":true,"href":"https:\/\/www.fjpremium.com\/de\/wp-json\/wp\/v2\/product_brand?post=24659"},{"taxonomy":"product_cat","embeddable":true,"href":"https:\/\/www.fjpremium.com\/de\/wp-json\/wp\/v2\/product_cat?post=24659"},{"taxonomy":"product_tag","embeddable":true,"href":"https:\/\/www.fjpremium.com\/de\/wp-json\/wp\/v2\/product_tag?post=24659"}],"curies":[{"name":"wp","href":"https:\/\/api.w.org\/{rel}","templated":true}]}}