{"id":24638,"date":"2024-01-19T16:20:13","date_gmt":"2024-01-19T08:20:13","guid":{"rendered":"https:\/\/www.fjpremium.com\/?post_type=product&#038;p=24638"},"modified":"2024-03-28T15:14:34","modified_gmt":"2024-03-28T07:14:34","slug":"db9-to-10pin-idc-serial-panel-mount-cable","status":"publish","type":"product","link":"https:\/\/www.fjpremium.com\/de\/product\/db9-to-10pin-idc-serial-panel-mount-cable\/","title":{"rendered":"Serielles DB9-zu-10PIN-IDC-Kabel f\u00fcr die Schalttafelmontage"},"content":{"rendered":"<p>Das serielle DB9-zu-10PIN-IDC-Panelmontagekabel bietet robuste Konnektivit\u00e4t f\u00fcr verschiedene Anwendungen.<\/p>\n<p>Sein blanker Kupferleiter und der PVC-Mantel sorgen f\u00fcr optimale Signal\u00fcbertragung und Schutz.<\/p>\n<p>Serieller RS232-Stecker auf 10-poliges (2\u00d75) IDC-Motherboard-Header-Flachbandkabel f\u00fcr Schalttafelmontage, geeignet f\u00fcr industrielle Steuerung und automatische Steuerung. Programmierkabel, CNC-Werkzeugmaschinen, PDAs, Steuerpr\u00fcfmaschinen, Barcode-Maschinen usw.<\/p>\n<p>Flachbandkabel sparen Platz und Zeit bei Schaltkreisverbindungskomponenten.<\/p>\n<p><span style=\"font-size: 16px;\">Seine Spezifikationen:<\/span><\/p>\n<ul>\n<li>Anschluss 1: DB9-Stecker<\/li>\n<li>Anschluss 2: 10PIN DIC-Buchse mit Schraubverriegelung<\/li>\n<li>Vergoldete Kontakte, vernickeltes Geh\u00e4use<\/li>\n<li>Mutter und Schraube Typ: M3 vernickelt<\/li>\n<li>Kabel-Leiter: Blanke Kupfer<\/li>\n<li>Mantel: PVC<\/li>\n<li>Geh\u00e4use: Spritzgie\u00dfen<\/li>\n<li>Konform: RoHS, REACH<\/li>\n<\/ul>","protected":false},"excerpt":{"rendered":"<p>DB9 zu 10PIN IDC Serielle Panelmontage Kabel, RS232 Serieller Stecker zu 10-Pin (2\u00d75) IDC Motherboard Header Panelmontage Flachbandkabel, 0.3M<\/p>","protected":false},"featured_media":24641,"template":"","meta":{"_acf_changed":false,"_seopress_robots_primary_cat":"","_seopress_titles_title":"DB9 to 10PIN IDC Serial Panel Mount Cable","_seopress_titles_desc":"","_seopress_robots_index":"","site-sidebar-layout":"default","site-content-layout":"default","ast-site-content-layout":"default","site-content-style":"default","site-sidebar-style":"default","ast-global-header-display":"","ast-banner-title-visibility":"","ast-main-header-display":"","ast-hfb-above-header-display":"","ast-hfb-below-header-display":"","ast-hfb-mobile-header-display":"","site-post-title":"","ast-breadcrumbs-content":"","ast-featured-img":"","footer-sml-layout":"","ast-disable-related-posts":"","theme-transparent-header-meta":"default","adv-header-id-meta":"","stick-header-meta":"","header-above-stick-meta":"","header-main-stick-meta":"","header-below-stick-meta":"","astra-migrate-meta-layouts":"set","ast-page-background-enabled":"default","ast-page-background-meta":{"desktop":{"background-color":"","background-image":"","background-repeat":"repeat","background-position":"center center","background-size":"auto","background-attachment":"scroll","background-type":"","background-media":"","overlay-type":"","overlay-color":"","overlay-opacity":"","overlay-gradient":""},"tablet":{"background-color":"","background-image":"","background-repeat":"repeat","background-position":"center center","background-size":"auto","background-attachment":"scroll","background-type":"","background-media":"","overlay-type":"","overlay-color":"","overlay-opacity":"","overlay-gradient":""},"mobile":{"background-color":"","background-image":"","background-repeat":"repeat","background-position":"center center","background-size":"auto","background-attachment":"scroll","background-type":"","background-media":"","overlay-type":"","overlay-color":"","overlay-opacity":"","overlay-gradient":""}},"ast-content-background-meta":{"desktop":{"background-color":"var(--ast-global-color-5)","background-image":"","background-repeat":"repeat","background-position":"center center","background-size":"auto","background-attachment":"scroll","background-type":"","background-media":"","overlay-type":"","overlay-color":"","overlay-opacity":"","overlay-gradient":""},"tablet":{"background-color":"var(--ast-global-color-5)","background-image":"","background-repeat":"repeat","background-position":"center center","background-size":"auto","background-attachment":"scroll","background-type":"","background-media":"","overlay-type":"","overlay-color":"","overlay-opacity":"","overlay-gradient":""},"mobile":{"background-color":"var(--ast-global-color-5)","background-image":"","background-repeat":"repeat","background-position":"center center","background-size":"auto","background-attachment":"scroll","background-type":"","background-media":"","overlay-type":"","overlay-color":"","overlay-opacity":"","overlay-gradient":""}},"iawp_total_views":56},"product_brand":[],"product_cat":[238,678],"product_tag":[],"class_list":{"0":"post-24638","1":"product","2":"type-product","3":"status-publish","4":"has-post-thumbnail","6":"product_cat-panel-mount","7":"product_cat-panel-mount-cables","8":"desktop-align-left","9":"tablet-align-left","10":"mobile-align-left","12":"first","13":"instock","14":"shipping-taxable","15":"purchasable","16":"product-type-simple"},"acf":[],"_links":{"self":[{"href":"https:\/\/www.fjpremium.com\/de\/wp-json\/wp\/v2\/product\/24638","targetHints":{"allow":["GET"]}}],"collection":[{"href":"https:\/\/www.fjpremium.com\/de\/wp-json\/wp\/v2\/product"}],"about":[{"href":"https:\/\/www.fjpremium.com\/de\/wp-json\/wp\/v2\/types\/product"}],"wp:featuredmedia":[{"embeddable":true,"href":"https:\/\/www.fjpremium.com\/de\/wp-json\/wp\/v2\/media\/24641"}],"wp:attachment":[{"href":"https:\/\/www.fjpremium.com\/de\/wp-json\/wp\/v2\/media?parent=24638"}],"wp:term":[{"taxonomy":"product_brand","embeddable":true,"href":"https:\/\/www.fjpremium.com\/de\/wp-json\/wp\/v2\/product_brand?post=24638"},{"taxonomy":"product_cat","embeddable":true,"href":"https:\/\/www.fjpremium.com\/de\/wp-json\/wp\/v2\/product_cat?post=24638"},{"taxonomy":"product_tag","embeddable":true,"href":"https:\/\/www.fjpremium.com\/de\/wp-json\/wp\/v2\/product_tag?post=24638"}],"curies":[{"name":"wp","href":"https:\/\/api.w.org\/{rel}","templated":true}]}}