{"id":24635,"date":"2024-01-19T16:12:27","date_gmt":"2024-01-19T08:12:27","guid":{"rendered":"https:\/\/www.fjpremium.com\/?post_type=product&#038;p=24635"},"modified":"2024-03-28T14:18:10","modified_gmt":"2024-03-28T06:18:10","slug":"keyston-type-rj45-panel-mount-cable","status":"publish","type":"product","link":"https:\/\/www.fjpremium.com\/de\/product\/keyston-type-rj45-panel-mount-cable\/","title":{"rendered":"Keystone-Typ RJ45-Panelmontagekabel, Cat6A, Cat7, Cat8, SFTP-Verl\u00e4ngerungskabel (m\u00e4nnlich auf weiblich)."},"content":{"rendered":"<p>Wir stellen Ihnen das hochwertige FARSINCE Keystone Typ Cat6A\/Cat7\/Cat8 SFTP-Verl\u00e4ngerungskabel f\u00fcr Panelmontage (m\u00e4nnlich auf weiblich) vor \u2013 die ultimative L\u00f6sung f\u00fcr die sichere und zuverl\u00e4ssige Erweiterung von LAN-Netzwerkverbindungen.<\/p>\n<p>Mit seiner robusten Konstruktion, einschlie\u00dflich vergoldeter Kontakte und vernickelter H\u00fclle, gew\u00e4hrleistet dieses Kabel Langlebigkeit und optimale Signal\u00fcbertragung.<\/p>\n<p>Getestet auf 500\/600\/2000 MHz und unterst\u00fctzt 10G\/40G Base-T Gigabit Ethernet, garantiert es eine Hochgeschwindigkeits-Daten\u00fcbertragung f\u00fcr verschiedene Anwendungen.<\/p>\n<p>Dar\u00fcber hinaus entspricht es den RoHS- und REACH-Richtlinien f\u00fcr Umweltvertr\u00e4glichkeit und Benutzersicherheit. R\u00fcsten Sie Ihr Netzwerk-Setup noch heute mit Zuversicht auf!<\/p>\n<p><span style=\"font-size: 16px;\">Seine Spezifikationen:<\/span><\/p>\n<ul>\n<li>Anschluss 1: RJ45 SFTP-Stecker<\/li>\n<li>Anschluss 2: Keystone RJ45 SFTP Buchse mit Schraubverriegelung<\/li>\n<li>Vergoldeter Kontakt 3U, vernickeltes Geh\u00e4use<\/li>\n<li>Mutter und Schraube Typ: #M3 vernickelt<\/li>\n<li>Lochabstand: 25mm<\/li>\n<li>Kabel-Leiter: Blanke Kupfer<\/li>\n<li>Kabelquerschnitt: 26AWG<\/li>\n<li>Au\u00dfendurchmesser: 6,0\u00b10,2mm<\/li>\n<li>Geh\u00e4use: Spritzgie\u00dfen<\/li>\n<li>Mantel: PVC<\/li>\n<li>Erf\u00fcllt oder \u00fcbertrifft die TIA\/EIA -568-C.2 und ISO\/IEC 11801 Spezifikation<\/li>\n<li>Getestet auf 500\/600\/2000 MHz und Unterst\u00fctzung von 10G\/40G Base-T Gigabit Ethernet<\/li>\n<li>Einhaltung der Vorschriften: RoHS, REACH<\/li>\n<\/ul>","protected":false},"excerpt":{"rendered":"<p>Keyston Typ RJ45 Panel Mount Kabel Cat6A Cat7 Cat8 SFTP Stecker zu Buchse Verl\u00e4ngerungskabel mit Schraubbefestigung, 0.5M<\/p>","protected":false},"featured_media":24636,"template":"","meta":{"_acf_changed":false,"_seopress_robots_primary_cat":"","_seopress_titles_title":"Keyston type RJ45 Panel Mount Cable Cat6A Cat7 Cat8 SFTP","_seopress_titles_desc":"","_seopress_robots_index":"","site-sidebar-layout":"default","site-content-layout":"default","ast-site-content-layout":"default","site-content-style":"default","site-sidebar-style":"default","ast-global-header-display":"","ast-banner-title-visibility":"","ast-main-header-display":"","ast-hfb-above-header-display":"","ast-hfb-below-header-display":"","ast-hfb-mobile-header-display":"","site-post-title":"","ast-breadcrumbs-content":"","ast-featured-img":"","footer-sml-layout":"","ast-disable-related-posts":"","theme-transparent-header-meta":"default","adv-header-id-meta":"","stick-header-meta":"","header-above-stick-meta":"","header-main-stick-meta":"","header-below-stick-meta":"","astra-migrate-meta-layouts":"set","ast-page-background-enabled":"default","ast-page-background-meta":{"desktop":{"background-color":"","background-image":"","background-repeat":"repeat","background-position":"center center","background-size":"auto","background-attachment":"scroll","background-type":"","background-media":"","overlay-type":"","overlay-color":"","overlay-opacity":"","overlay-gradient":""},"tablet":{"background-color":"","background-image":"","background-repeat":"repeat","background-position":"center center","background-size":"auto","background-attachment":"scroll","background-type":"","background-media":"","overlay-type":"","overlay-color":"","overlay-opacity":"","overlay-gradient":""},"mobile":{"background-color":"","background-image":"","background-repeat":"repeat","background-position":"center center","background-size":"auto","background-attachment":"scroll","background-type":"","background-media":"","overlay-type":"","overlay-color":"","overlay-opacity":"","overlay-gradient":""}},"ast-content-background-meta":{"desktop":{"background-color":"var(--ast-global-color-5)","background-image":"","background-repeat":"repeat","background-position":"center center","background-size":"auto","background-attachment":"scroll","background-type":"","background-media":"","overlay-type":"","overlay-color":"","overlay-opacity":"","overlay-gradient":""},"tablet":{"background-color":"var(--ast-global-color-5)","background-image":"","background-repeat":"repeat","background-position":"center center","background-size":"auto","background-attachment":"scroll","background-type":"","background-media":"","overlay-type":"","overlay-color":"","overlay-opacity":"","overlay-gradient":""},"mobile":{"background-color":"var(--ast-global-color-5)","background-image":"","background-repeat":"repeat","background-position":"center center","background-size":"auto","background-attachment":"scroll","background-type":"","background-media":"","overlay-type":"","overlay-color":"","overlay-opacity":"","overlay-gradient":""}},"iawp_total_views":3},"product_brand":[],"product_cat":[238,678],"product_tag":[],"class_list":{"0":"post-24635","1":"product","2":"type-product","3":"status-publish","4":"has-post-thumbnail","6":"product_cat-panel-mount","7":"product_cat-panel-mount-cables","8":"desktop-align-left","9":"tablet-align-left","10":"mobile-align-left","12":"first","13":"instock","14":"shipping-taxable","15":"purchasable","16":"product-type-simple"},"acf":[],"_links":{"self":[{"href":"https:\/\/www.fjpremium.com\/de\/wp-json\/wp\/v2\/product\/24635","targetHints":{"allow":["GET"]}}],"collection":[{"href":"https:\/\/www.fjpremium.com\/de\/wp-json\/wp\/v2\/product"}],"about":[{"href":"https:\/\/www.fjpremium.com\/de\/wp-json\/wp\/v2\/types\/product"}],"wp:featuredmedia":[{"embeddable":true,"href":"https:\/\/www.fjpremium.com\/de\/wp-json\/wp\/v2\/media\/24636"}],"wp:attachment":[{"href":"https:\/\/www.fjpremium.com\/de\/wp-json\/wp\/v2\/media?parent=24635"}],"wp:term":[{"taxonomy":"product_brand","embeddable":true,"href":"https:\/\/www.fjpremium.com\/de\/wp-json\/wp\/v2\/product_brand?post=24635"},{"taxonomy":"product_cat","embeddable":true,"href":"https:\/\/www.fjpremium.com\/de\/wp-json\/wp\/v2\/product_cat?post=24635"},{"taxonomy":"product_tag","embeddable":true,"href":"https:\/\/www.fjpremium.com\/de\/wp-json\/wp\/v2\/product_tag?post=24635"}],"curies":[{"name":"wp","href":"https:\/\/api.w.org\/{rel}","templated":true}]}}