{"id":24630,"date":"2024-01-19T15:26:56","date_gmt":"2024-01-19T07:26:56","guid":{"rendered":"https:\/\/www.fjpremium.com\/?post_type=product&#038;p=24630"},"modified":"2024-03-14T15:45:49","modified_gmt":"2024-03-14T07:45:49","slug":"panel-mount-ethernet-rj45-cable","status":"publish","type":"product","link":"https:\/\/www.fjpremium.com\/de\/product\/panel-mount-ethernet-rj45-cable\/","title":{"rendered":"Panelmontage Ethernet RJ45 Kabel CAT6A CAT7 CAT8 SFTP Kabel"},"content":{"rendered":"<p>Farsince High Quality Keyston Typ CAT6A\/CAT7\/CAT8 SFTP Buchse zu Buchse Panel Mount Kabel ist perfekt f\u00fcr die Kombination von zwei Patch-Kabel, um Konnektivit\u00e4t durch ein Panel zu erreichen. Dies erm\u00f6glicht es dem Benutzer, Konnektivit\u00e4t von einer Quelle, die innerhalb eines sicheren Ortes enthalten ist, bereitzustellen.<\/p>\n<p>Das Dual Panel Mount Ethernet RJ45-Kabel erf\u00fcllt oder \u00fcbertrifft die Anforderungen der Kategorie 6A\/7\/8 in \u00dcbereinstimmung mit den TIA\/EIA-568-C.2 Spezifikationen. Blanke Kupferleiter verbessern die Kabelleistung und erf\u00fcllen die Spezifikationen f\u00fcr Kommunikationskabel. Das flexible und langlebige CAT6A\/CAT7\/CAT8-Kabel mit einer hohen Bandbreite von bis zu 500\/600\/2000 MHz garantiert eine Hochgeschwindigkeits-Daten\u00fcbertragung f\u00fcr Serveranwendungen, Cloud Computing, Video\u00fcberwachung und Online-High-Definition-Video-Streaming.<\/p>\n<p><span style=\"font-size: 16px;\">Seine Spezifikationen:<\/span><\/p>\n<ul>\n<li>Anschluss 1: RJ45 SFTP-Buchse<\/li>\n<li>Anschluss 2: Keyston RJ45 SFTP Buchse mit Schraubverriegelung<\/li>\n<li>Vergoldeter Kontakt 3U, vernickeltes Geh\u00e4use<\/li>\n<li>Mutter und Schraube Typ: #M3 vernickelt<\/li>\n<li>Lochabstand: 25mm<\/li>\n<li>Kabel-Leiter: Blanke Kupfer<\/li>\n<li>Kabelquerschnitt: 26AWG<\/li>\n<li>Au\u00dfendurchmesser: 6,0\u00b10,2mm<\/li>\n<li>Abschirmung: Drahtseil, Alufolie, Geflecht<\/li>\n<li>Geh\u00e4use: Spritzgie\u00dfen<\/li>\n<li>Mantel: PVC<\/li>\n<li>Erf\u00fcllt oder \u00fcbertrifft die TIA\/EIA -568-C.2 und ISO\/IEC 11801 Spezifikation<\/li>\n<li>Getestet auf 500\/600\/2000 MHz und Unterst\u00fctzung von 10G\/40G Base-T Gigabit Ethernet<\/li>\n<li>Einhaltung der Vorschriften: RoHS, REACH<\/li>\n<\/ul>","protected":false},"excerpt":{"rendered":"<p>Dual Panel Mount Ethernet RJ45 Kabel CAT6A CAT7 CAT8 Kabel mit Schraubbefestigung, 0.3M<\/p>","protected":false},"featured_media":24634,"template":"","meta":{"_acf_changed":false,"_seopress_robots_primary_cat":"","_seopress_titles_title":"Panel Mount Ethernet RJ45 Cable CAT6A CAT7 CAT8 Cable","_seopress_titles_desc":"","_seopress_robots_index":"","site-sidebar-layout":"default","site-content-layout":"default","ast-site-content-layout":"default","site-content-style":"default","site-sidebar-style":"default","ast-global-header-display":"","ast-banner-title-visibility":"","ast-main-header-display":"","ast-hfb-above-header-display":"","ast-hfb-below-header-display":"","ast-hfb-mobile-header-display":"","site-post-title":"","ast-breadcrumbs-content":"","ast-featured-img":"","footer-sml-layout":"","ast-disable-related-posts":"","theme-transparent-header-meta":"default","adv-header-id-meta":"","stick-header-meta":"","header-above-stick-meta":"","header-main-stick-meta":"","header-below-stick-meta":"","astra-migrate-meta-layouts":"set","ast-page-background-enabled":"default","ast-page-background-meta":{"desktop":{"background-color":"","background-image":"","background-repeat":"repeat","background-position":"center center","background-size":"auto","background-attachment":"scroll","background-type":"","background-media":"","overlay-type":"","overlay-color":"","overlay-opacity":"","overlay-gradient":""},"tablet":{"background-color":"","background-image":"","background-repeat":"repeat","background-position":"center center","background-size":"auto","background-attachment":"scroll","background-type":"","background-media":"","overlay-type":"","overlay-color":"","overlay-opacity":"","overlay-gradient":""},"mobile":{"background-color":"","background-image":"","background-repeat":"repeat","background-position":"center center","background-size":"auto","background-attachment":"scroll","background-type":"","background-media":"","overlay-type":"","overlay-color":"","overlay-opacity":"","overlay-gradient":""}},"ast-content-background-meta":{"desktop":{"background-color":"var(--ast-global-color-5)","background-image":"","background-repeat":"repeat","background-position":"center center","background-size":"auto","background-attachment":"scroll","background-type":"","background-media":"","overlay-type":"","overlay-color":"","overlay-opacity":"","overlay-gradient":""},"tablet":{"background-color":"var(--ast-global-color-5)","background-image":"","background-repeat":"repeat","background-position":"center center","background-size":"auto","background-attachment":"scroll","background-type":"","background-media":"","overlay-type":"","overlay-color":"","overlay-opacity":"","overlay-gradient":""},"mobile":{"background-color":"var(--ast-global-color-5)","background-image":"","background-repeat":"repeat","background-position":"center center","background-size":"auto","background-attachment":"scroll","background-type":"","background-media":"","overlay-type":"","overlay-color":"","overlay-opacity":"","overlay-gradient":""}},"iawp_total_views":6},"product_brand":[],"product_cat":[238,678],"product_tag":[],"class_list":{"0":"post-24630","1":"product","2":"type-product","3":"status-publish","4":"has-post-thumbnail","6":"product_cat-panel-mount","7":"product_cat-panel-mount-cables","8":"desktop-align-left","9":"tablet-align-left","10":"mobile-align-left","12":"first","13":"instock","14":"shipping-taxable","15":"purchasable","16":"product-type-simple"},"acf":[],"_links":{"self":[{"href":"https:\/\/www.fjpremium.com\/de\/wp-json\/wp\/v2\/product\/24630","targetHints":{"allow":["GET"]}}],"collection":[{"href":"https:\/\/www.fjpremium.com\/de\/wp-json\/wp\/v2\/product"}],"about":[{"href":"https:\/\/www.fjpremium.com\/de\/wp-json\/wp\/v2\/types\/product"}],"wp:featuredmedia":[{"embeddable":true,"href":"https:\/\/www.fjpremium.com\/de\/wp-json\/wp\/v2\/media\/24634"}],"wp:attachment":[{"href":"https:\/\/www.fjpremium.com\/de\/wp-json\/wp\/v2\/media?parent=24630"}],"wp:term":[{"taxonomy":"product_brand","embeddable":true,"href":"https:\/\/www.fjpremium.com\/de\/wp-json\/wp\/v2\/product_brand?post=24630"},{"taxonomy":"product_cat","embeddable":true,"href":"https:\/\/www.fjpremium.com\/de\/wp-json\/wp\/v2\/product_cat?post=24630"},{"taxonomy":"product_tag","embeddable":true,"href":"https:\/\/www.fjpremium.com\/de\/wp-json\/wp\/v2\/product_tag?post=24630"}],"curies":[{"name":"wp","href":"https:\/\/api.w.org\/{rel}","templated":true}]}}