{"id":24622,"date":"2024-01-19T15:16:10","date_gmt":"2024-01-19T07:16:10","guid":{"rendered":"https:\/\/www.fjpremium.com\/?post_type=product&#038;p=24622"},"modified":"2024-03-28T11:26:26","modified_gmt":"2024-03-28T03:26:26","slug":"20pin-to-usb-3-1-type-c-panel-mount-cable","status":"publish","type":"product","link":"https:\/\/www.fjpremium.com\/de\/product\/20pin-to-usb-3-1-type-c-panel-mount-cable\/","title":{"rendered":"MotherBoard 20PIN zu USB 3.1 Typ C Panel Mount Kabel, Buchse zu Buchse"},"content":{"rendered":"<p>Betreten Sie die Zukunft der Konnektivit\u00e4t mit unserem Motherboard-20PIN-zu-USB-3.1-Typ-C-Panelmontagekabel.<\/p>\n<p>Dieses auf Leistung und Haltbarkeit ausgelegte Kabel bietet eine nahtlose Daten\u00fcbertragung mit Geschwindigkeiten von bis zu 10 Gbit\/s, unterst\u00fctzt Aufl\u00f6sungen von bis zu 4K bei 60 Hz und USB-Schnellladung mit bis zu 100 W.<\/p>\n<p>Mit seinem pr\u00e4zisen Design, einschlie\u00dflich vernickelter M3-Muttern und -Schrauben und robustem PVC-Mantel gew\u00e4hrleistet es jederzeit eine sichere und stabile Verbindung.<\/p>\n<p>Dar\u00fcber hinaus entspricht es den RoHS- und REACH-Richtlinien und unterstreicht unser Engagement f\u00fcr Qualit\u00e4t und Nachhaltigkeit. R\u00fcsten Sie Ihr Setup noch heute auf und erleben Sie den Unterschied aus erster Hand!<\/p>\n<p><span style=\"font-size: 16px;\">Seine Spezifikationen:<\/span><\/p>\n<ul>\n<li>Anschluss 1: 20PIN MotherBoard-Buchse<\/li>\n<li>Anschluss 2: USB 3.1 Typ C Buchse mit Schraubverschluss<\/li>\n<li>Vergoldete Kontakte, vernickeltes Geh\u00e4use<\/li>\n<li>Mutter und Schraube Typ: M3 vernickelt<\/li>\n<li>Lochabstand: 17mm<\/li>\n<li>Kabel-Leiter: Verzinntes Kupfer<\/li>\n<li>Drahtst\u00e4rke: 32AWG<\/li>\n<li>Au\u00dfendurchmesser: 4,6 mm<\/li>\n<li>Abschirmung: Aluminiumfolie, Geflecht<\/li>\n<li>Geh\u00e4use: Spritzgie\u00dfen<\/li>\n<li>Mantel: PVC<\/li>\n<li>Unterst\u00fctzt bis zu einer Aufl\u00f6sung von 4K@60Hz<\/li>\n<li>Ultra-schnelle Daten\u00fcbertragung\/Synchronisation (bis zu 10Gbps), unterst\u00fctzt auch USB-Schnellladung bis zu 100W<\/li>\n<li>Einhaltung der Vorschriften: RoHS, REACH<\/li>\n<\/ul>","protected":false},"excerpt":{"rendered":"<p>MotherBoard 20PIN auf USB 3.1 Typ C Panel Mount Kabel mit Schraubverschluss, 0.3M<\/p>","protected":false},"featured_media":24623,"template":"","meta":{"_acf_changed":false,"_seopress_robots_primary_cat":"","_seopress_titles_title":"MotherBoard 20PIN to USB 3.1 Type C Panel Mount Cable, F-F","_seopress_titles_desc":"","_seopress_robots_index":"","site-sidebar-layout":"default","site-content-layout":"default","ast-site-content-layout":"default","site-content-style":"default","site-sidebar-style":"default","ast-global-header-display":"","ast-banner-title-visibility":"","ast-main-header-display":"","ast-hfb-above-header-display":"","ast-hfb-below-header-display":"","ast-hfb-mobile-header-display":"","site-post-title":"","ast-breadcrumbs-content":"","ast-featured-img":"","footer-sml-layout":"","ast-disable-related-posts":"","theme-transparent-header-meta":"default","adv-header-id-meta":"","stick-header-meta":"","header-above-stick-meta":"","header-main-stick-meta":"","header-below-stick-meta":"","astra-migrate-meta-layouts":"set","ast-page-background-enabled":"default","ast-page-background-meta":{"desktop":{"background-color":"","background-image":"","background-repeat":"repeat","background-position":"center center","background-size":"auto","background-attachment":"scroll","background-type":"","background-media":"","overlay-type":"","overlay-color":"","overlay-opacity":"","overlay-gradient":""},"tablet":{"background-color":"","background-image":"","background-repeat":"repeat","background-position":"center center","background-size":"auto","background-attachment":"scroll","background-type":"","background-media":"","overlay-type":"","overlay-color":"","overlay-opacity":"","overlay-gradient":""},"mobile":{"background-color":"","background-image":"","background-repeat":"repeat","background-position":"center center","background-size":"auto","background-attachment":"scroll","background-type":"","background-media":"","overlay-type":"","overlay-color":"","overlay-opacity":"","overlay-gradient":""}},"ast-content-background-meta":{"desktop":{"background-color":"var(--ast-global-color-5)","background-image":"","background-repeat":"repeat","background-position":"center center","background-size":"auto","background-attachment":"scroll","background-type":"","background-media":"","overlay-type":"","overlay-color":"","overlay-opacity":"","overlay-gradient":""},"tablet":{"background-color":"var(--ast-global-color-5)","background-image":"","background-repeat":"repeat","background-position":"center center","background-size":"auto","background-attachment":"scroll","background-type":"","background-media":"","overlay-type":"","overlay-color":"","overlay-opacity":"","overlay-gradient":""},"mobile":{"background-color":"var(--ast-global-color-5)","background-image":"","background-repeat":"repeat","background-position":"center center","background-size":"auto","background-attachment":"scroll","background-type":"","background-media":"","overlay-type":"","overlay-color":"","overlay-opacity":"","overlay-gradient":""}},"iawp_total_views":2},"product_brand":[],"product_cat":[238,678],"product_tag":[],"class_list":{"0":"post-24622","1":"product","2":"type-product","3":"status-publish","4":"has-post-thumbnail","6":"product_cat-panel-mount","7":"product_cat-panel-mount-cables","8":"desktop-align-left","9":"tablet-align-left","10":"mobile-align-left","12":"first","13":"instock","14":"shipping-taxable","15":"purchasable","16":"product-type-simple"},"acf":[],"_links":{"self":[{"href":"https:\/\/www.fjpremium.com\/de\/wp-json\/wp\/v2\/product\/24622","targetHints":{"allow":["GET"]}}],"collection":[{"href":"https:\/\/www.fjpremium.com\/de\/wp-json\/wp\/v2\/product"}],"about":[{"href":"https:\/\/www.fjpremium.com\/de\/wp-json\/wp\/v2\/types\/product"}],"wp:featuredmedia":[{"embeddable":true,"href":"https:\/\/www.fjpremium.com\/de\/wp-json\/wp\/v2\/media\/24623"}],"wp:attachment":[{"href":"https:\/\/www.fjpremium.com\/de\/wp-json\/wp\/v2\/media?parent=24622"}],"wp:term":[{"taxonomy":"product_brand","embeddable":true,"href":"https:\/\/www.fjpremium.com\/de\/wp-json\/wp\/v2\/product_brand?post=24622"},{"taxonomy":"product_cat","embeddable":true,"href":"https:\/\/www.fjpremium.com\/de\/wp-json\/wp\/v2\/product_cat?post=24622"},{"taxonomy":"product_tag","embeddable":true,"href":"https:\/\/www.fjpremium.com\/de\/wp-json\/wp\/v2\/product_tag?post=24622"}],"curies":[{"name":"wp","href":"https:\/\/api.w.org\/{rel}","templated":true}]}}