{"id":24616,"date":"2024-01-19T15:04:34","date_gmt":"2024-01-19T07:04:34","guid":{"rendered":"https:\/\/www.fjpremium.com\/?post_type=product&#038;p=24616"},"modified":"2024-03-27T17:52:50","modified_gmt":"2024-03-27T09:52:50","slug":"flat-panel-mount-usb-type-e-cable-to-usb-c","status":"publish","type":"product","link":"https:\/\/www.fjpremium.com\/de\/product\/flat-panel-mount-usb-type-e-cable-to-usb-c\/","title":{"rendered":"Flaches USB-Typ-E-Panel-Mount-Kabel (Stecker) auf USB 3.1 Typ C (Buchse) MotherBoard-Panel-Mount-Verl\u00e4ngerungskabel"},"content":{"rendered":"<p>Entdecken Sie den Gipfel der Konnektivit\u00e4t mit dem flachen USB-Typ-E-Panel-Montagekabel \u2013 einer innovativen L\u00f6sung, die auf eine nahtlose Daten\u00fcbertragung zugeschnitten ist.<\/p>\n<p>Dieses pr\u00e4zise gefertigte Kabel verf\u00fcgt \u00fcber einen USB Type-E-Stecker, der nahtlos in eine USB 3.1 Type-C-Buchse integriert ist und \u00fcber einen sicheren Schraubverriegelungsmechanismus f\u00fcr stabile Verbindungen in jeder Umgebung verf\u00fcgt.<\/p>\n<p>Der vernickelte M3-Mutter- und Schraubentyp sorgt f\u00fcr dauerhafte Haltbarkeit, w\u00e4hrend der verzinnte Kupferleiter und die zweischichtige Abschirmung aus Aluminiumfolie und Geflecht vor St\u00f6rungen sch\u00fctzen und blitzschnelle Daten\u00fcbertragungsgeschwindigkeiten von bis zu 10 Gbit\/s erm\u00f6glichen.<\/p>\n<p>Es ist auf Vielseitigkeit ausgelegt und zeichnet sich durch Multimedia-Streaming, Datei\u00fcbertragungen und mehr aus.<\/p>\n<p><span style=\"font-size: 16px;\">Seine Spezifikationen:<\/span><\/p>\n<ul>\n<li>Anschluss 1: USB Typ E Stecker<\/li>\n<li>Anschluss 2: USB 3.1 Typ C Buchse mit Schraubverschluss<\/li>\n<li>Vergoldete Kontakte, vernickeltes Geh\u00e4use<\/li>\n<li>Mutter und Schraube Typ: M3 vernickelt<\/li>\n<li>Lochabstand: 25,8\u00b10,5mm<\/li>\n<li>Kabel-Leiter: Verzinntes Kupfer<\/li>\n<li>Drahtst\u00e4rke: 30AWG<\/li>\n<li>Au\u00dfendurchmesser: 5,5 mm<\/li>\n<li>Abschirmung: Aluminiumfolie, Geflecht<\/li>\n<li>Geh\u00e4use: Spritzgie\u00dfen<\/li>\n<li>Mantel: PVC<\/li>\n<li>\u00dcbertragungsrate erreicht 10Gbps<\/li>\n<li>Einhaltung der Vorschriften: RoHS, REACH<\/li>\n<\/ul>","protected":false},"excerpt":{"rendered":"<p>Flaches USB Typ-E Panel Mount Kabel m\u00e4nnlich zu USB 3.1 Typ C weiblich MotherBoard Panel Mount Verl\u00e4ngerungskabel, 0.3M<\/p>","protected":false},"featured_media":24621,"template":"","meta":{"_acf_changed":false,"_seopress_robots_primary_cat":"","_seopress_titles_title":"Flat USB Type-E Panel Mount Cable to USB 3.1 Type C Cable","_seopress_titles_desc":"","_seopress_robots_index":"","site-sidebar-layout":"default","site-content-layout":"default","ast-site-content-layout":"default","site-content-style":"default","site-sidebar-style":"default","ast-global-header-display":"","ast-banner-title-visibility":"","ast-main-header-display":"","ast-hfb-above-header-display":"","ast-hfb-below-header-display":"","ast-hfb-mobile-header-display":"","site-post-title":"","ast-breadcrumbs-content":"","ast-featured-img":"","footer-sml-layout":"","ast-disable-related-posts":"","theme-transparent-header-meta":"default","adv-header-id-meta":"","stick-header-meta":"","header-above-stick-meta":"","header-main-stick-meta":"","header-below-stick-meta":"","astra-migrate-meta-layouts":"set","ast-page-background-enabled":"default","ast-page-background-meta":{"desktop":{"background-color":"","background-image":"","background-repeat":"repeat","background-position":"center center","background-size":"auto","background-attachment":"scroll","background-type":"","background-media":"","overlay-type":"","overlay-color":"","overlay-opacity":"","overlay-gradient":""},"tablet":{"background-color":"","background-image":"","background-repeat":"repeat","background-position":"center center","background-size":"auto","background-attachment":"scroll","background-type":"","background-media":"","overlay-type":"","overlay-color":"","overlay-opacity":"","overlay-gradient":""},"mobile":{"background-color":"","background-image":"","background-repeat":"repeat","background-position":"center center","background-size":"auto","background-attachment":"scroll","background-type":"","background-media":"","overlay-type":"","overlay-color":"","overlay-opacity":"","overlay-gradient":""}},"ast-content-background-meta":{"desktop":{"background-color":"var(--ast-global-color-5)","background-image":"","background-repeat":"repeat","background-position":"center center","background-size":"auto","background-attachment":"scroll","background-type":"","background-media":"","overlay-type":"","overlay-color":"","overlay-opacity":"","overlay-gradient":""},"tablet":{"background-color":"var(--ast-global-color-5)","background-image":"","background-repeat":"repeat","background-position":"center center","background-size":"auto","background-attachment":"scroll","background-type":"","background-media":"","overlay-type":"","overlay-color":"","overlay-opacity":"","overlay-gradient":""},"mobile":{"background-color":"var(--ast-global-color-5)","background-image":"","background-repeat":"repeat","background-position":"center center","background-size":"auto","background-attachment":"scroll","background-type":"","background-media":"","overlay-type":"","overlay-color":"","overlay-opacity":"","overlay-gradient":""}},"iawp_total_views":5},"product_brand":[],"product_cat":[238,678],"product_tag":[],"class_list":{"0":"post-24616","1":"product","2":"type-product","3":"status-publish","4":"has-post-thumbnail","6":"product_cat-panel-mount","7":"product_cat-panel-mount-cables","8":"desktop-align-left","9":"tablet-align-left","10":"mobile-align-left","12":"first","13":"instock","14":"shipping-taxable","15":"purchasable","16":"product-type-simple"},"acf":[],"_links":{"self":[{"href":"https:\/\/www.fjpremium.com\/de\/wp-json\/wp\/v2\/product\/24616","targetHints":{"allow":["GET"]}}],"collection":[{"href":"https:\/\/www.fjpremium.com\/de\/wp-json\/wp\/v2\/product"}],"about":[{"href":"https:\/\/www.fjpremium.com\/de\/wp-json\/wp\/v2\/types\/product"}],"wp:featuredmedia":[{"embeddable":true,"href":"https:\/\/www.fjpremium.com\/de\/wp-json\/wp\/v2\/media\/24621"}],"wp:attachment":[{"href":"https:\/\/www.fjpremium.com\/de\/wp-json\/wp\/v2\/media?parent=24616"}],"wp:term":[{"taxonomy":"product_brand","embeddable":true,"href":"https:\/\/www.fjpremium.com\/de\/wp-json\/wp\/v2\/product_brand?post=24616"},{"taxonomy":"product_cat","embeddable":true,"href":"https:\/\/www.fjpremium.com\/de\/wp-json\/wp\/v2\/product_cat?post=24616"},{"taxonomy":"product_tag","embeddable":true,"href":"https:\/\/www.fjpremium.com\/de\/wp-json\/wp\/v2\/product_tag?post=24616"}],"curies":[{"name":"wp","href":"https:\/\/api.w.org\/{rel}","templated":true}]}}