{"id":24614,"date":"2024-01-19T14:56:19","date_gmt":"2024-01-19T06:56:19","guid":{"rendered":"https:\/\/www.fjpremium.com\/?post_type=product&#038;p=24614"},"modified":"2024-03-27T17:47:34","modified_gmt":"2024-03-27T09:47:34","slug":"panel-mount-usb-type-e-cable-to-usb-c","status":"publish","type":"product","link":"https:\/\/www.fjpremium.com\/de\/product\/panel-mount-usb-type-e-cable-to-usb-c\/","title":{"rendered":"Panel Mount USB Typ-E Kabel Stecker auf USB 3.1 Typ-C Buchse MotherBoard Verl\u00e4ngerungskabel"},"content":{"rendered":"<p>Erweitern Sie Ihre Konnektivit\u00e4t mit dem Panel Mount USB Type-E-Kabel \u2013 einer revolution\u00e4ren L\u00f6sung f\u00fcr nahtlose Daten\u00fcbertragung.<\/p>\n<p>Ausgestattet mit einem pr\u00e4zisionsgefertigten USB-Typ-E-Stecker und einer USB 3.1-Typ-C-Buchse mit robuster Schraubverriegelung sorgt es f\u00fcr sichere Verbindungen in jeder Umgebung.<\/p>\n<p>Mit vergoldeten Kontakten und einem vernickelten Geh\u00e4use ist die Signalintegrit\u00e4t un\u00fcbertroffen, w\u00e4hrend die vernickelte M3-Mutter und der Schraubentyp die Haltbarkeit erh\u00f6hen.<\/p>\n<p>Der verzinnte Kupferleiter und die zweischichtige Abschirmung garantieren eine st\u00f6rungsfreie \u00dcbertragung mit Geschwindigkeiten von bis zu 10 Gbit\/s, ideal f\u00fcr HD-Medien-Streaming und gro\u00dfe Datei\u00fcbertragungen.<\/p>\n<p>Es entspricht den RoHS- und REACH-Standards und steht f\u00fcr Qualit\u00e4t und Nachhaltigkeit.<\/p>\n<p><span style=\"font-size: 16px;\">Seine Spezifikationen:<\/span><\/p>\n<ul>\n<li>Anschluss 1: USB Typ-E Stecker<\/li>\n<li>Anschluss 2: USB 3.1 Typ-C Buchse mit Schraubverschluss<\/li>\n<li>Vergoldete Kontakte, vernickeltes Geh\u00e4use<\/li>\n<li>Mutter und Schraube Typ: M3 vernickelt<\/li>\n<li>Lochabstand: 25,8\u00b10,5mm<\/li>\n<li>Kabel-Leiter: Verzinntes Kupfer<\/li>\n<li>Drahtst\u00e4rke: 30\/30\/24AWG<\/li>\n<li>Au\u00dfendurchmesser: 5,5 mm<\/li>\n<li>Abschirmung: Aluminiumfolie, Geflecht<\/li>\n<li>Geh\u00e4use: Spritzgie\u00dfen<\/li>\n<li>Mantel: PVC<\/li>\n<li>\u00dcbertragungsrate erreicht 10Gbps<\/li>\n<li>Einhaltung der Vorschriften: RoHS, REACH<\/li>\n<\/ul>","protected":false},"excerpt":{"rendered":"<p>Panel Mount USB Typ-E Kabel Stecker auf USB 3.1 Typ-C Buchse MotherBoard Verl\u00e4ngerungskabel, 0.3M<\/p>","protected":false},"featured_media":24615,"template":"","meta":{"_acf_changed":false,"_seopress_robots_primary_cat":"","_seopress_titles_title":"Panel Mount USB Type-E Cable to USB 3.1 Type-C Cable","_seopress_titles_desc":"","_seopress_robots_index":"","site-sidebar-layout":"default","site-content-layout":"default","ast-site-content-layout":"default","site-content-style":"default","site-sidebar-style":"default","ast-global-header-display":"","ast-banner-title-visibility":"","ast-main-header-display":"","ast-hfb-above-header-display":"","ast-hfb-below-header-display":"","ast-hfb-mobile-header-display":"","site-post-title":"","ast-breadcrumbs-content":"","ast-featured-img":"","footer-sml-layout":"","ast-disable-related-posts":"","theme-transparent-header-meta":"default","adv-header-id-meta":"","stick-header-meta":"","header-above-stick-meta":"","header-main-stick-meta":"","header-below-stick-meta":"","astra-migrate-meta-layouts":"set","ast-page-background-enabled":"default","ast-page-background-meta":{"desktop":{"background-color":"","background-image":"","background-repeat":"repeat","background-position":"center center","background-size":"auto","background-attachment":"scroll","background-type":"","background-media":"","overlay-type":"","overlay-color":"","overlay-opacity":"","overlay-gradient":""},"tablet":{"background-color":"","background-image":"","background-repeat":"repeat","background-position":"center center","background-size":"auto","background-attachment":"scroll","background-type":"","background-media":"","overlay-type":"","overlay-color":"","overlay-opacity":"","overlay-gradient":""},"mobile":{"background-color":"","background-image":"","background-repeat":"repeat","background-position":"center center","background-size":"auto","background-attachment":"scroll","background-type":"","background-media":"","overlay-type":"","overlay-color":"","overlay-opacity":"","overlay-gradient":""}},"ast-content-background-meta":{"desktop":{"background-color":"var(--ast-global-color-5)","background-image":"","background-repeat":"repeat","background-position":"center center","background-size":"auto","background-attachment":"scroll","background-type":"","background-media":"","overlay-type":"","overlay-color":"","overlay-opacity":"","overlay-gradient":""},"tablet":{"background-color":"var(--ast-global-color-5)","background-image":"","background-repeat":"repeat","background-position":"center center","background-size":"auto","background-attachment":"scroll","background-type":"","background-media":"","overlay-type":"","overlay-color":"","overlay-opacity":"","overlay-gradient":""},"mobile":{"background-color":"var(--ast-global-color-5)","background-image":"","background-repeat":"repeat","background-position":"center center","background-size":"auto","background-attachment":"scroll","background-type":"","background-media":"","overlay-type":"","overlay-color":"","overlay-opacity":"","overlay-gradient":""}},"iawp_total_views":8},"product_brand":[],"product_cat":[238,678],"product_tag":[],"class_list":{"0":"post-24614","1":"product","2":"type-product","3":"status-publish","4":"has-post-thumbnail","6":"product_cat-panel-mount","7":"product_cat-panel-mount-cables","8":"desktop-align-left","9":"tablet-align-left","10":"mobile-align-left","12":"first","13":"instock","14":"shipping-taxable","15":"purchasable","16":"product-type-simple"},"acf":[],"_links":{"self":[{"href":"https:\/\/www.fjpremium.com\/de\/wp-json\/wp\/v2\/product\/24614","targetHints":{"allow":["GET"]}}],"collection":[{"href":"https:\/\/www.fjpremium.com\/de\/wp-json\/wp\/v2\/product"}],"about":[{"href":"https:\/\/www.fjpremium.com\/de\/wp-json\/wp\/v2\/types\/product"}],"wp:featuredmedia":[{"embeddable":true,"href":"https:\/\/www.fjpremium.com\/de\/wp-json\/wp\/v2\/media\/24615"}],"wp:attachment":[{"href":"https:\/\/www.fjpremium.com\/de\/wp-json\/wp\/v2\/media?parent=24614"}],"wp:term":[{"taxonomy":"product_brand","embeddable":true,"href":"https:\/\/www.fjpremium.com\/de\/wp-json\/wp\/v2\/product_brand?post=24614"},{"taxonomy":"product_cat","embeddable":true,"href":"https:\/\/www.fjpremium.com\/de\/wp-json\/wp\/v2\/product_cat?post=24614"},{"taxonomy":"product_tag","embeddable":true,"href":"https:\/\/www.fjpremium.com\/de\/wp-json\/wp\/v2\/product_tag?post=24614"}],"curies":[{"name":"wp","href":"https:\/\/api.w.org\/{rel}","templated":true}]}}