{"id":24603,"date":"2024-01-19T14:37:00","date_gmt":"2024-01-19T06:37:00","guid":{"rendered":"https:\/\/www.fjpremium.com\/?post_type=product&#038;p=24603"},"modified":"2024-03-27T17:25:40","modified_gmt":"2024-03-27T09:25:40","slug":"up-angle-usb-c-panel-mount-cable","status":"publish","type":"product","link":"https:\/\/www.fjpremium.com\/de\/product\/up-angle-usb-c-panel-mount-cable\/","title":{"rendered":"UP Angle USB-C Panel Mount Kabel USB 3.1 Typ C Stecker auf Stecker Kabel mit Schraube"},"content":{"rendered":"<p>Genie\u00dfen Sie nahtlose Konnektivit\u00e4t mit dem UP-Winkel-USB-3.1-Typ-C-Panelmontagekabel, das \u00fcber einen sorgf\u00e4ltig gestalteten UP-Winkel-USB-3.1-Typ-C-Stecker mit Schraubverriegelung f\u00fcr sichere und platzsparende Installationen verf\u00fcgt.<\/p>\n<p>Der vernickelte M2-Mutter- und Schraubentyp sorgt f\u00fcr weitere Verst\u00e4rkung, w\u00e4hrend der verzinnte Kupferleiter und die Aluminiumfolienabschirmung die Datenintegrit\u00e4t f\u00fcr ultraschnelle Daten\u00fcbertragungsgeschwindigkeiten von bis zu 10 Gbit\/s gew\u00e4hrleisten.<\/p>\n<p>Es unterst\u00fctzt Aufl\u00f6sungen von bis zu 4K bei 60 Hz und USB-Schnellladung mit bis zu 100 W und ist ein Kraftpaket f\u00fcr Hochleistungsanwendungen.<\/p>\n<p><span style=\"font-size: 16px;\">Seine Spezifikationen:<\/span><\/p>\n<ul>\n<li>Anschluss 1: UP-Winkel USB 3.1 Typ C Stecker mit Schraubverschluss<\/li>\n<li>Anschluss 2: USB 3.1 Typ C Stecker<\/li>\n<li>Vergoldete Kontakte, vernickeltes Geh\u00e4use<\/li>\n<li>Mutter und Schraube Typ: M2 vernickelt<\/li>\n<li>Lochabstand: 16,5 mm<\/li>\n<li>Kabel-Leiter: Verzinntes Kupfer<\/li>\n<li>Drahtst\u00e4rke: 32\/32\/21AWG<\/li>\n<li>Au\u00dfendurchmesser: 4,5\u00b10,2mm<\/li>\n<li>Abschirmung: Aluminiumfolie, Geflecht<\/li>\n<li>Geh\u00e4use: Spritzgie\u00dfen<\/li>\n<li>Mantel: PVC<\/li>\n<li>Unterst\u00fctzt bis zu einer Aufl\u00f6sung von 4K@60Hz<\/li>\n<li>Ultra-schnelle Daten\u00fcbertragung\/Synchronisation (bis zu 10Gbps), unterst\u00fctzt auch USB-Schnellladung bis zu 100W<\/li>\n<li>Einhaltung der Vorschriften: RoHS, REACH<\/li>\n<\/ul>","protected":false},"excerpt":{"rendered":"<p>UP Angle USB-C Panel Mount Kabel USB 3.1 Typ C Stecker auf Stecker Kabel mit Schraubverschluss, 0.5M-2M<\/p>","protected":false},"featured_media":24606,"template":"","meta":{"_acf_changed":false,"_seopress_robots_primary_cat":"","_seopress_titles_title":"UP Angle USB-C Panel Mount Cable USB 3.1 Type C M-M Cable","_seopress_titles_desc":"","_seopress_robots_index":"","site-sidebar-layout":"default","site-content-layout":"default","ast-site-content-layout":"default","site-content-style":"default","site-sidebar-style":"default","ast-global-header-display":"","ast-banner-title-visibility":"","ast-main-header-display":"","ast-hfb-above-header-display":"","ast-hfb-below-header-display":"","ast-hfb-mobile-header-display":"","site-post-title":"","ast-breadcrumbs-content":"","ast-featured-img":"","footer-sml-layout":"","ast-disable-related-posts":"","theme-transparent-header-meta":"default","adv-header-id-meta":"","stick-header-meta":"","header-above-stick-meta":"","header-main-stick-meta":"","header-below-stick-meta":"","astra-migrate-meta-layouts":"set","ast-page-background-enabled":"default","ast-page-background-meta":{"desktop":{"background-color":"","background-image":"","background-repeat":"repeat","background-position":"center center","background-size":"auto","background-attachment":"scroll","background-type":"","background-media":"","overlay-type":"","overlay-color":"","overlay-opacity":"","overlay-gradient":""},"tablet":{"background-color":"","background-image":"","background-repeat":"repeat","background-position":"center center","background-size":"auto","background-attachment":"scroll","background-type":"","background-media":"","overlay-type":"","overlay-color":"","overlay-opacity":"","overlay-gradient":""},"mobile":{"background-color":"","background-image":"","background-repeat":"repeat","background-position":"center center","background-size":"auto","background-attachment":"scroll","background-type":"","background-media":"","overlay-type":"","overlay-color":"","overlay-opacity":"","overlay-gradient":""}},"ast-content-background-meta":{"desktop":{"background-color":"var(--ast-global-color-5)","background-image":"","background-repeat":"repeat","background-position":"center center","background-size":"auto","background-attachment":"scroll","background-type":"","background-media":"","overlay-type":"","overlay-color":"","overlay-opacity":"","overlay-gradient":""},"tablet":{"background-color":"var(--ast-global-color-5)","background-image":"","background-repeat":"repeat","background-position":"center center","background-size":"auto","background-attachment":"scroll","background-type":"","background-media":"","overlay-type":"","overlay-color":"","overlay-opacity":"","overlay-gradient":""},"mobile":{"background-color":"var(--ast-global-color-5)","background-image":"","background-repeat":"repeat","background-position":"center center","background-size":"auto","background-attachment":"scroll","background-type":"","background-media":"","overlay-type":"","overlay-color":"","overlay-opacity":"","overlay-gradient":""}},"iawp_total_views":9},"product_brand":[],"product_cat":[238,678],"product_tag":[],"class_list":{"0":"post-24603","1":"product","2":"type-product","3":"status-publish","4":"has-post-thumbnail","6":"product_cat-panel-mount","7":"product_cat-panel-mount-cables","8":"desktop-align-left","9":"tablet-align-left","10":"mobile-align-left","12":"first","13":"instock","14":"shipping-taxable","15":"purchasable","16":"product-type-simple"},"acf":[],"_links":{"self":[{"href":"https:\/\/www.fjpremium.com\/de\/wp-json\/wp\/v2\/product\/24603","targetHints":{"allow":["GET"]}}],"collection":[{"href":"https:\/\/www.fjpremium.com\/de\/wp-json\/wp\/v2\/product"}],"about":[{"href":"https:\/\/www.fjpremium.com\/de\/wp-json\/wp\/v2\/types\/product"}],"wp:featuredmedia":[{"embeddable":true,"href":"https:\/\/www.fjpremium.com\/de\/wp-json\/wp\/v2\/media\/24606"}],"wp:attachment":[{"href":"https:\/\/www.fjpremium.com\/de\/wp-json\/wp\/v2\/media?parent=24603"}],"wp:term":[{"taxonomy":"product_brand","embeddable":true,"href":"https:\/\/www.fjpremium.com\/de\/wp-json\/wp\/v2\/product_brand?post=24603"},{"taxonomy":"product_cat","embeddable":true,"href":"https:\/\/www.fjpremium.com\/de\/wp-json\/wp\/v2\/product_cat?post=24603"},{"taxonomy":"product_tag","embeddable":true,"href":"https:\/\/www.fjpremium.com\/de\/wp-json\/wp\/v2\/product_tag?post=24603"}],"curies":[{"name":"wp","href":"https:\/\/api.w.org\/{rel}","templated":true}]}}