{"id":24591,"date":"2024-01-19T14:06:42","date_gmt":"2024-01-19T06:06:42","guid":{"rendered":"https:\/\/www.fjpremium.com\/?post_type=product&#038;p=24591"},"modified":"2024-03-27T16:50:25","modified_gmt":"2024-03-27T08:50:25","slug":"panel-mount-usb-3-1-type-c-usb-c-cable","status":"publish","type":"product","link":"https:\/\/www.fjpremium.com\/de\/product\/panel-mount-usb-3-1-type-c-usb-c-cable\/","title":{"rendered":"Panel Mount USB 3.1 Typ C USB-C Stecker zu Stecker Kabel"},"content":{"rendered":"<p>Im Bereich der professionellen Konnektivit\u00e4t erweist sich das Panel Mount USB 3.1 Typ C USB-C-Stecker-auf-Stecker-Kabel als Ma\u00dfstab f\u00fcr Zuverl\u00e4ssigkeit und Effizienz.<\/p>\n<p>Es wurde mit viel Liebe zum Detail entwickelt und zeichnet sich durch eine robuste Konstruktion mit vergoldeten Kontakten, einem vernickelten Geh\u00e4use und einem vernickelten M2-Mutter- und Schraubentyp aus, wodurch stabile Verbindungen auch in anspruchsvollen Umgebungen gew\u00e4hrleistet sind.<\/p>\n<p>Mit seinem verzinnten Kupferleiter, der Abschirmung aus Aluminiumfolie und dem Geflecht erm\u00f6glicht dieses Kabel eine nahtlose Daten\u00fcbertragung mit rasanten Geschwindigkeiten von bis zu 10 Gbit\/s, unterst\u00fctzt Aufl\u00f6sungen bis zu 4K bei 60 Hz und unterst\u00fctzt USB-Schnellladung mit bis zu 100 W.<\/p>\n<p>Von professionellen Setups bis hin zum pers\u00f6nlichen Gebrauch ist dieses Kabel ein Beweis f\u00fcr beispiellose Leistung und Haltbarkeit.<\/p>\n<p><span style=\"font-size: 16px;\">Seine Spezifikationen:<\/span><\/p>\n<ul>\n<li>Anschluss 1: USB 3.1 Typ C Stecker mit Schraubanschluss<\/li>\n<li>Anschluss 2: USB 3.1 Typ C Stecker<\/li>\n<li>Vergoldete Kontakte, vernickeltes Geh\u00e4use<\/li>\n<li>Mutter und Schraube Typ: M2 vernickelt<\/li>\n<li>Lochabstand: 7mm<\/li>\n<li>Kabel-Leiter: Verzinntes Kupfer<\/li>\n<li>Drahtst\u00e4rke: 32\/32\/21AWG<\/li>\n<li>Au\u00dfendurchmesser: 4,5\u00b10,2mm<\/li>\n<li>Abschirmung: Aluminiumfolie, Geflecht<\/li>\n<li>Geh\u00e4use: Spritzgie\u00dfen<\/li>\n<li>Mantel: PVC<\/li>\n<li>Unterst\u00fctzt bis zu einer Aufl\u00f6sung von 4K@60Hz<\/li>\n<li>Ultra-schnelle Daten\u00fcbertragung\/Synchronisation (bis zu 10Gbps), unterst\u00fctzt auch USB-Schnellladung bis zu 100W<\/li>\n<li>Einhaltung der Vorschriften: RoHS, REACH<\/li>\n<\/ul>","protected":false},"excerpt":{"rendered":"<p>Panel Mount USB 3.1 Typ C USB-C Stecker auf Stecker Kabel mit Schraubverschluss, 0.5M-2M<\/p>","protected":false},"featured_media":24594,"template":"","meta":{"_acf_changed":false,"_seopress_robots_primary_cat":"","_seopress_titles_title":"Panel Mount USB 3.1 Type C USB-C Male to Male Cable","_seopress_titles_desc":"","_seopress_robots_index":"","site-sidebar-layout":"default","site-content-layout":"default","ast-site-content-layout":"default","site-content-style":"default","site-sidebar-style":"default","ast-global-header-display":"","ast-banner-title-visibility":"","ast-main-header-display":"","ast-hfb-above-header-display":"","ast-hfb-below-header-display":"","ast-hfb-mobile-header-display":"","site-post-title":"","ast-breadcrumbs-content":"","ast-featured-img":"","footer-sml-layout":"","ast-disable-related-posts":"","theme-transparent-header-meta":"default","adv-header-id-meta":"","stick-header-meta":"","header-above-stick-meta":"","header-main-stick-meta":"","header-below-stick-meta":"","astra-migrate-meta-layouts":"set","ast-page-background-enabled":"default","ast-page-background-meta":{"desktop":{"background-color":"","background-image":"","background-repeat":"repeat","background-position":"center center","background-size":"auto","background-attachment":"scroll","background-type":"","background-media":"","overlay-type":"","overlay-color":"","overlay-opacity":"","overlay-gradient":""},"tablet":{"background-color":"","background-image":"","background-repeat":"repeat","background-position":"center center","background-size":"auto","background-attachment":"scroll","background-type":"","background-media":"","overlay-type":"","overlay-color":"","overlay-opacity":"","overlay-gradient":""},"mobile":{"background-color":"","background-image":"","background-repeat":"repeat","background-position":"center center","background-size":"auto","background-attachment":"scroll","background-type":"","background-media":"","overlay-type":"","overlay-color":"","overlay-opacity":"","overlay-gradient":""}},"ast-content-background-meta":{"desktop":{"background-color":"var(--ast-global-color-5)","background-image":"","background-repeat":"repeat","background-position":"center center","background-size":"auto","background-attachment":"scroll","background-type":"","background-media":"","overlay-type":"","overlay-color":"","overlay-opacity":"","overlay-gradient":""},"tablet":{"background-color":"var(--ast-global-color-5)","background-image":"","background-repeat":"repeat","background-position":"center center","background-size":"auto","background-attachment":"scroll","background-type":"","background-media":"","overlay-type":"","overlay-color":"","overlay-opacity":"","overlay-gradient":""},"mobile":{"background-color":"var(--ast-global-color-5)","background-image":"","background-repeat":"repeat","background-position":"center center","background-size":"auto","background-attachment":"scroll","background-type":"","background-media":"","overlay-type":"","overlay-color":"","overlay-opacity":"","overlay-gradient":""}},"iawp_total_views":13},"product_brand":[],"product_cat":[238,678],"product_tag":[],"class_list":{"0":"post-24591","1":"product","2":"type-product","3":"status-publish","4":"has-post-thumbnail","6":"product_cat-panel-mount","7":"product_cat-panel-mount-cables","8":"desktop-align-left","9":"tablet-align-left","10":"mobile-align-left","12":"first","13":"instock","14":"shipping-taxable","15":"purchasable","16":"product-type-simple"},"acf":[],"_links":{"self":[{"href":"https:\/\/www.fjpremium.com\/de\/wp-json\/wp\/v2\/product\/24591","targetHints":{"allow":["GET"]}}],"collection":[{"href":"https:\/\/www.fjpremium.com\/de\/wp-json\/wp\/v2\/product"}],"about":[{"href":"https:\/\/www.fjpremium.com\/de\/wp-json\/wp\/v2\/types\/product"}],"wp:featuredmedia":[{"embeddable":true,"href":"https:\/\/www.fjpremium.com\/de\/wp-json\/wp\/v2\/media\/24594"}],"wp:attachment":[{"href":"https:\/\/www.fjpremium.com\/de\/wp-json\/wp\/v2\/media?parent=24591"}],"wp:term":[{"taxonomy":"product_brand","embeddable":true,"href":"https:\/\/www.fjpremium.com\/de\/wp-json\/wp\/v2\/product_brand?post=24591"},{"taxonomy":"product_cat","embeddable":true,"href":"https:\/\/www.fjpremium.com\/de\/wp-json\/wp\/v2\/product_cat?post=24591"},{"taxonomy":"product_tag","embeddable":true,"href":"https:\/\/www.fjpremium.com\/de\/wp-json\/wp\/v2\/product_tag?post=24591"}],"curies":[{"name":"wp","href":"https:\/\/api.w.org\/{rel}","templated":true}]}}