{"id":24533,"date":"2024-01-19T09:56:56","date_gmt":"2024-01-19T01:56:56","guid":{"rendered":"https:\/\/www.fjpremium.com\/?post_type=product&#038;p=24533"},"modified":"2024-03-27T14:44:12","modified_gmt":"2024-03-27T06:44:12","slug":"usb-3-0-a-to-left-right-angle-usb-c-panel-mount-cable","status":"publish","type":"product","link":"https:\/\/www.fjpremium.com\/de\/product\/usb-3-0-a-to-left-right-angle-usb-c-panel-mount-cable\/","title":{"rendered":"USB 3.0 A auf USB C Panel Mount Kabel mit Schraube, Stecker auf Stecker, rechtwinklig"},"content":{"rendered":"<p><span style=\"font-size: 16px;\">Das USB 3.0 A-auf-Links-Rechts-Winkel-USB-C-Panelmontagekabel bietet zuverl\u00e4ssige Konnektivit\u00e4t mit seinem sicheren Schraubenverriegelungsmechanismus und seiner langlebigen Konstruktion. <\/span><\/p>\n<p><span style=\"font-size: 16px;\">Mit verzinnten Kupferleitern und einer Abschirmung gegen St\u00f6rungen sorgt es f\u00fcr eine optimale Signal\u00fcbertragung.<\/span><\/p>\n<p><span style=\"font-size: 16px;\">Das abgewinkelte Design bietet die M\u00f6glichkeit zum Anschluss auf kleinem Raum.<\/span><\/p>\n<p><span style=\"font-size: 16px;\">Es unterst\u00fctzt superschnelle USB 3.0-Ger\u00e4te mit 5 Gbit\/s und ist abw\u00e4rtskompatibel mit USB 2.0, sodass es vielseitig f\u00fcr zahlreiche Anwendungen einsetzbar ist. <\/span><\/p>\n<p><span style=\"font-size: 16px;\">Insgesamt ist es eine hochwertige Wahl f\u00fcr Profis und Enthusiasten, die zuverl\u00e4ssige Konnektivit\u00e4tsl\u00f6sungen suchen.\u00a0<\/span><\/p>\n<p><span style=\"font-size: 16px;\">Seine Spezifikationen:<\/span><\/p>\n<ul>\n<li>Anschluss 1: USB 3.0 A Stecker<\/li>\n<li>Anschluss 2: Links Rechts abgewinkelter USB Typ-C Stecker mit Schraubverschluss<\/li>\n<li>Vergoldete Kontakte, vernickeltes Geh\u00e4use<\/li>\n<li>Mutter und Schraube Typ: M2 vernickelt<\/li>\n<li>Lochabstand: 7,5 mm<\/li>\n<li>Kabel-Leiter: Verzinntes Kupfer<\/li>\n<li>Drahtst\u00e4rke: 30\/30\/22AWG<\/li>\n<li>Au\u00dfendurchmesser: 4,5\u00b10,2mm<\/li>\n<li>Abschirmung: Aluminiumfolie, Geflecht<\/li>\n<li>Geh\u00e4use: Spritzgie\u00dfen<\/li>\n<li>Mantel: PVC<\/li>\n<li>Unterst\u00fctzt USB 3.0-Ger\u00e4te mit hoher Geschwindigkeit und einer \u00dcbertragungsrate von bis zu 5 Gbit\/s<\/li>\n<li>Abw\u00e4rtskompatibel mit High-Speed-USB 2.0 (480 Mbit\/s), Full-Speed-USB 1.1 (12 Mbit\/s) und Low-Speed-USB 1.0 (1,5 Mbit\/s)<\/li>\n<li>Einhaltung der Vorschriften: RoHS, REACH<\/li>\n<\/ul>","protected":false},"excerpt":{"rendered":"<p>USB 3.0 A auf Links-Rechts-Winkel USB C Panel Mount Kabel, Stecker auf Stecker mit Schraubbefestigung, 0.5M-3M<\/p>","protected":false},"featured_media":24535,"template":"","meta":{"_acf_changed":false,"_seopress_robots_primary_cat":"","_seopress_titles_title":"USB 3.0 A to Left Right Angle USB C Panel Mount Cable","_seopress_titles_desc":"","_seopress_robots_index":"","site-sidebar-layout":"default","site-content-layout":"default","ast-site-content-layout":"default","site-content-style":"default","site-sidebar-style":"default","ast-global-header-display":"","ast-banner-title-visibility":"","ast-main-header-display":"","ast-hfb-above-header-display":"","ast-hfb-below-header-display":"","ast-hfb-mobile-header-display":"","site-post-title":"","ast-breadcrumbs-content":"","ast-featured-img":"","footer-sml-layout":"","ast-disable-related-posts":"","theme-transparent-header-meta":"default","adv-header-id-meta":"","stick-header-meta":"","header-above-stick-meta":"","header-main-stick-meta":"","header-below-stick-meta":"","astra-migrate-meta-layouts":"set","ast-page-background-enabled":"default","ast-page-background-meta":{"desktop":{"background-color":"","background-image":"","background-repeat":"repeat","background-position":"center center","background-size":"auto","background-attachment":"scroll","background-type":"","background-media":"","overlay-type":"","overlay-color":"","overlay-opacity":"","overlay-gradient":""},"tablet":{"background-color":"","background-image":"","background-repeat":"repeat","background-position":"center center","background-size":"auto","background-attachment":"scroll","background-type":"","background-media":"","overlay-type":"","overlay-color":"","overlay-opacity":"","overlay-gradient":""},"mobile":{"background-color":"","background-image":"","background-repeat":"repeat","background-position":"center center","background-size":"auto","background-attachment":"scroll","background-type":"","background-media":"","overlay-type":"","overlay-color":"","overlay-opacity":"","overlay-gradient":""}},"ast-content-background-meta":{"desktop":{"background-color":"var(--ast-global-color-5)","background-image":"","background-repeat":"repeat","background-position":"center center","background-size":"auto","background-attachment":"scroll","background-type":"","background-media":"","overlay-type":"","overlay-color":"","overlay-opacity":"","overlay-gradient":""},"tablet":{"background-color":"var(--ast-global-color-5)","background-image":"","background-repeat":"repeat","background-position":"center center","background-size":"auto","background-attachment":"scroll","background-type":"","background-media":"","overlay-type":"","overlay-color":"","overlay-opacity":"","overlay-gradient":""},"mobile":{"background-color":"var(--ast-global-color-5)","background-image":"","background-repeat":"repeat","background-position":"center center","background-size":"auto","background-attachment":"scroll","background-type":"","background-media":"","overlay-type":"","overlay-color":"","overlay-opacity":"","overlay-gradient":""}},"iawp_total_views":1},"product_brand":[],"product_cat":[238,678],"product_tag":[],"class_list":{"0":"post-24533","1":"product","2":"type-product","3":"status-publish","4":"has-post-thumbnail","6":"product_cat-panel-mount","7":"product_cat-panel-mount-cables","8":"desktop-align-left","9":"tablet-align-left","10":"mobile-align-left","12":"first","13":"instock","14":"shipping-taxable","15":"purchasable","16":"product-type-simple"},"acf":[],"_links":{"self":[{"href":"https:\/\/www.fjpremium.com\/de\/wp-json\/wp\/v2\/product\/24533","targetHints":{"allow":["GET"]}}],"collection":[{"href":"https:\/\/www.fjpremium.com\/de\/wp-json\/wp\/v2\/product"}],"about":[{"href":"https:\/\/www.fjpremium.com\/de\/wp-json\/wp\/v2\/types\/product"}],"wp:featuredmedia":[{"embeddable":true,"href":"https:\/\/www.fjpremium.com\/de\/wp-json\/wp\/v2\/media\/24535"}],"wp:attachment":[{"href":"https:\/\/www.fjpremium.com\/de\/wp-json\/wp\/v2\/media?parent=24533"}],"wp:term":[{"taxonomy":"product_brand","embeddable":true,"href":"https:\/\/www.fjpremium.com\/de\/wp-json\/wp\/v2\/product_brand?post=24533"},{"taxonomy":"product_cat","embeddable":true,"href":"https:\/\/www.fjpremium.com\/de\/wp-json\/wp\/v2\/product_cat?post=24533"},{"taxonomy":"product_tag","embeddable":true,"href":"https:\/\/www.fjpremium.com\/de\/wp-json\/wp\/v2\/product_tag?post=24533"}],"curies":[{"name":"wp","href":"https:\/\/api.w.org\/{rel}","templated":true}]}}