{"id":24495,"date":"2024-01-18T09:48:58","date_gmt":"2024-01-18T01:48:58","guid":{"rendered":"https:\/\/www.fjpremium.com\/?post_type=product&#038;p=24495"},"modified":"2024-03-29T09:42:09","modified_gmt":"2024-03-29T01:42:09","slug":"panel-mount-usb-3-0-a-to-b-cable","status":"publish","type":"product","link":"https:\/\/www.fjpremium.com\/de\/product\/panel-mount-usb-3-0-a-to-b-cable\/","title":{"rendered":"USB 3.0-Verl\u00e4ngerungskabel f\u00fcr die Schalttafelmontage, Stecker auf Buchse, A auf B"},"content":{"rendered":"<p>Das Panel Mount USB 3.0 A-auf-B-Verl\u00e4ngerungskabel ist ein Beispiel f\u00fcr erstklassige Konnektivit\u00e4t und wurde f\u00fcr verschiedene Anwendungen entwickelt.<\/p>\n<p>Ausgestattet mit einem USB 3.0 A-Stecker und einer USB 3.0 B-Buchse mit sicherer Schraubverriegelung sorgt es f\u00fcr stabile Verbindungen.<\/p>\n<p>Es unterst\u00fctzt Super-Speed-USB-3.0-Ger\u00e4te mit einer \u00dcbertragungsrate von 5 Gbit\/s und ist abw\u00e4rtskompatibel mit USB 2.0 und bietet so Vielseitigkeit.<\/p>\n<p>Es besteht aus langlebigen Materialien, darunter blanke Kupferleiter und eine Abschirmung aus Aluminiumfoliengeflecht, und garantiert eine stabile Konnektivit\u00e4t.<\/p>\n<p>Von der industriellen Automatisierung bis hin zu Multimedia-Setups bietet dieses Kabel in allen Bereichen zuverl\u00e4ssige Leistung.<\/p>\n<p><span style=\"font-size: 16px;\">Seine Spezifikationen:<\/span><\/p>\n<ul>\n<li>Anschluss 1: USB 3.0 A Stecker<\/li>\n<li>Anschluss 2: USB 3.0 B-Buchse mit Schraubverschluss<\/li>\n<li>Vergoldete Kontakte, vernickeltes Geh\u00e4use<\/li>\n<li>Mutter und Schraube Typ: M3 vernickelt<\/li>\n<li>Lochabstand: 30\u00b10,5mm<\/li>\n<li>Kabel-Leiter: Blanke Kupfer<\/li>\n<li>Kabelquerschnitt: 28\/28\/24AWG<\/li>\n<li>Au\u00dfendurchmesser: 5,5\u00b10,15mm<\/li>\n<li>Abschirmung: Aluminiumfolie, Geflecht<\/li>\n<li>Geh\u00e4use: Spritzgie\u00dfen<\/li>\n<li>Mantel: PVC<\/li>\n<li>Unterst\u00fctzt USB 3.0-Ger\u00e4te mit hoher Geschwindigkeit und einer \u00dcbertragungsrate von bis zu 5 Gbit\/s<\/li>\n<li>Abw\u00e4rtskompatibel mit High-Speed-USB 2.0 (480 Mbit\/s), Full-Speed-USB 1.1 (12 Mbit\/s) und Low-Speed-USB 1.0 (1,5 Mbit\/s)<\/li>\n<li>Einhaltung der Vorschriften: RoHS, REACH<\/li>\n<\/ul>","protected":false},"excerpt":{"rendered":"<p>Panel Mount USB 3.0 A zu B Verl\u00e4ngerungskabel, Stecker zu Buchse mit Schraubbefestigung, 0.3M<\/p>","protected":false},"featured_media":25224,"template":"","meta":{"_acf_changed":false,"_seopress_robots_primary_cat":"","_seopress_titles_title":"Panel Mount USB 3.0 A to B Extension Cable, Male to Female","_seopress_titles_desc":"","_seopress_robots_index":"","site-sidebar-layout":"default","site-content-layout":"default","ast-site-content-layout":"default","site-content-style":"default","site-sidebar-style":"default","ast-global-header-display":"","ast-banner-title-visibility":"","ast-main-header-display":"","ast-hfb-above-header-display":"","ast-hfb-below-header-display":"","ast-hfb-mobile-header-display":"","site-post-title":"","ast-breadcrumbs-content":"","ast-featured-img":"","footer-sml-layout":"","ast-disable-related-posts":"","theme-transparent-header-meta":"default","adv-header-id-meta":"","stick-header-meta":"","header-above-stick-meta":"","header-main-stick-meta":"","header-below-stick-meta":"","astra-migrate-meta-layouts":"set","ast-page-background-enabled":"default","ast-page-background-meta":{"desktop":{"background-color":"","background-image":"","background-repeat":"repeat","background-position":"center center","background-size":"auto","background-attachment":"scroll","background-type":"","background-media":"","overlay-type":"","overlay-color":"","overlay-opacity":"","overlay-gradient":""},"tablet":{"background-color":"","background-image":"","background-repeat":"repeat","background-position":"center center","background-size":"auto","background-attachment":"scroll","background-type":"","background-media":"","overlay-type":"","overlay-color":"","overlay-opacity":"","overlay-gradient":""},"mobile":{"background-color":"","background-image":"","background-repeat":"repeat","background-position":"center center","background-size":"auto","background-attachment":"scroll","background-type":"","background-media":"","overlay-type":"","overlay-color":"","overlay-opacity":"","overlay-gradient":""}},"ast-content-background-meta":{"desktop":{"background-color":"var(--ast-global-color-5)","background-image":"","background-repeat":"repeat","background-position":"center center","background-size":"auto","background-attachment":"scroll","background-type":"","background-media":"","overlay-type":"","overlay-color":"","overlay-opacity":"","overlay-gradient":""},"tablet":{"background-color":"var(--ast-global-color-5)","background-image":"","background-repeat":"repeat","background-position":"center center","background-size":"auto","background-attachment":"scroll","background-type":"","background-media":"","overlay-type":"","overlay-color":"","overlay-opacity":"","overlay-gradient":""},"mobile":{"background-color":"var(--ast-global-color-5)","background-image":"","background-repeat":"repeat","background-position":"center center","background-size":"auto","background-attachment":"scroll","background-type":"","background-media":"","overlay-type":"","overlay-color":"","overlay-opacity":"","overlay-gradient":""}},"iawp_total_views":51},"product_brand":[],"product_cat":[238,678],"product_tag":[],"class_list":{"0":"post-24495","1":"product","2":"type-product","3":"status-publish","4":"has-post-thumbnail","6":"product_cat-panel-mount","7":"product_cat-panel-mount-cables","8":"desktop-align-left","9":"tablet-align-left","10":"mobile-align-left","12":"first","13":"instock","14":"shipping-taxable","15":"purchasable","16":"product-type-simple"},"acf":[],"_links":{"self":[{"href":"https:\/\/www.fjpremium.com\/de\/wp-json\/wp\/v2\/product\/24495","targetHints":{"allow":["GET"]}}],"collection":[{"href":"https:\/\/www.fjpremium.com\/de\/wp-json\/wp\/v2\/product"}],"about":[{"href":"https:\/\/www.fjpremium.com\/de\/wp-json\/wp\/v2\/types\/product"}],"wp:featuredmedia":[{"embeddable":true,"href":"https:\/\/www.fjpremium.com\/de\/wp-json\/wp\/v2\/media\/25224"}],"wp:attachment":[{"href":"https:\/\/www.fjpremium.com\/de\/wp-json\/wp\/v2\/media?parent=24495"}],"wp:term":[{"taxonomy":"product_brand","embeddable":true,"href":"https:\/\/www.fjpremium.com\/de\/wp-json\/wp\/v2\/product_brand?post=24495"},{"taxonomy":"product_cat","embeddable":true,"href":"https:\/\/www.fjpremium.com\/de\/wp-json\/wp\/v2\/product_cat?post=24495"},{"taxonomy":"product_tag","embeddable":true,"href":"https:\/\/www.fjpremium.com\/de\/wp-json\/wp\/v2\/product_tag?post=24495"}],"curies":[{"name":"wp","href":"https:\/\/api.w.org\/{rel}","templated":true}]}}