{"id":24474,"date":"2024-01-17T15:16:25","date_gmt":"2024-01-17T07:16:25","guid":{"rendered":"https:\/\/www.fjpremium.com\/?post_type=product&#038;p=24474"},"modified":"2024-03-27T10:28:42","modified_gmt":"2024-03-27T02:28:42","slug":"usb-3-0-20pin-to-dual-usb-a-panel-mount-cable","status":"publish","type":"product","link":"https:\/\/www.fjpremium.com\/de\/product\/usb-3-0-20pin-to-dual-usb-a-panel-mount-cable\/","title":{"rendered":"USB 3.0 20Pin auf Dual USB 3.0 A Panel Mount Kabel, Buchse auf Buchse"},"content":{"rendered":"<p>Dieses Kabel verf\u00fcgt \u00fcber eine 20-PIN-Motherboard-Buchse und zwei USB 3.0-Typ-A-Buchsen mit Schraubverriegelung f\u00fcr sichere Verbindungen.<\/p>\n<p>USB 3.0 20-Pin-zu-Dual-USB 3.0-A-Panelmontagekabel, das superschnelle USB 3.0-Ger\u00e4te mit einer \u00dcbertragungsrate von bis zu 5 Gbit\/s und Abw\u00e4rtskompatibilit\u00e4t mit USB 2.0 unterst\u00fctzt und eine vielseitige und effiziente Daten\u00fcbertragung gew\u00e4hrleistet.<\/p>\n<p>Es besteht aus langlebigen Materialien und entspricht den RoHS- und REACH-Vorschriften und bietet Zuverl\u00e4ssigkeit und Sicherheit.<\/p>\n<p>Es eignet sich f\u00fcr verschiedene Anwendungen, einschlie\u00dflich kundenspezifischer PC-Builds und industrieller Setups, und bietet zuverl\u00e4ssige Konnektivit\u00e4t und Leistung.<\/p>\n<p><span style=\"font-size: 16px;\">Seine Spezifikationen:<\/span><\/p>\n<ul>\n<li>Anschluss 1: 20PIN MotherBoard-Buchse<\/li>\n<li>Anschluss 2: Duale USB 3.0 Typ-A Buchse mit Schraubverschluss<\/li>\n<li>Vergoldete Kontakte, vernickeltes Geh\u00e4use<\/li>\n<li>Mutter und Schraube Typ: M3 vernickelt<\/li>\n<li>Lochabstand: 30\u00b10,5mm<\/li>\n<li>Kabel-Leiter: Blanke Kupfer<\/li>\n<li>Kabelquerschnitt: 28\/28\/24AWG<\/li>\n<li>Au\u00dfendurchmesser: 5,5\u00b10,15mm<\/li>\n<li>Abschirmung: Aluminiumfolie, Geflecht<\/li>\n<li>Geh\u00e4use: Spritzgie\u00dfen<\/li>\n<li>Mantel: PVC<\/li>\n<li>Unterst\u00fctzt USB 3.0-Ger\u00e4te mit hoher Geschwindigkeit und einer \u00dcbertragungsrate von bis zu 5 Gbit\/s<\/li>\n<li>Abw\u00e4rtskompatibel mit High-Speed-USB 2.0 (480 Mbit\/s), Full-Speed-USB 1.1 (12 Mbit\/s) und Low-Speed-USB 1.0 (1,5 Mbit\/s)<\/li>\n<li>Einhaltung der Vorschriften: RoHS, REACH<\/li>\n<\/ul>","protected":false},"excerpt":{"rendered":"<p>USB 3.0 20Pin auf Dual USB 3.0 A Panel Mount Kabel, Buchse auf Buchse mit Schraubbefestigung, 0.3M<\/p>","protected":false},"featured_media":24476,"template":"","meta":{"_acf_changed":false,"_seopress_robots_primary_cat":"","_seopress_titles_title":"USB 3.0 20Pin to Dual USB 3.0 A Panel Mount Cable, F-F","_seopress_titles_desc":"","_seopress_robots_index":"","site-sidebar-layout":"default","site-content-layout":"default","ast-site-content-layout":"default","site-content-style":"default","site-sidebar-style":"default","ast-global-header-display":"","ast-banner-title-visibility":"","ast-main-header-display":"","ast-hfb-above-header-display":"","ast-hfb-below-header-display":"","ast-hfb-mobile-header-display":"","site-post-title":"","ast-breadcrumbs-content":"","ast-featured-img":"","footer-sml-layout":"","ast-disable-related-posts":"","theme-transparent-header-meta":"default","adv-header-id-meta":"","stick-header-meta":"","header-above-stick-meta":"","header-main-stick-meta":"","header-below-stick-meta":"","astra-migrate-meta-layouts":"set","ast-page-background-enabled":"default","ast-page-background-meta":{"desktop":{"background-color":"","background-image":"","background-repeat":"repeat","background-position":"center center","background-size":"auto","background-attachment":"scroll","background-type":"","background-media":"","overlay-type":"","overlay-color":"","overlay-opacity":"","overlay-gradient":""},"tablet":{"background-color":"","background-image":"","background-repeat":"repeat","background-position":"center center","background-size":"auto","background-attachment":"scroll","background-type":"","background-media":"","overlay-type":"","overlay-color":"","overlay-opacity":"","overlay-gradient":""},"mobile":{"background-color":"","background-image":"","background-repeat":"repeat","background-position":"center center","background-size":"auto","background-attachment":"scroll","background-type":"","background-media":"","overlay-type":"","overlay-color":"","overlay-opacity":"","overlay-gradient":""}},"ast-content-background-meta":{"desktop":{"background-color":"var(--ast-global-color-5)","background-image":"","background-repeat":"repeat","background-position":"center center","background-size":"auto","background-attachment":"scroll","background-type":"","background-media":"","overlay-type":"","overlay-color":"","overlay-opacity":"","overlay-gradient":""},"tablet":{"background-color":"var(--ast-global-color-5)","background-image":"","background-repeat":"repeat","background-position":"center center","background-size":"auto","background-attachment":"scroll","background-type":"","background-media":"","overlay-type":"","overlay-color":"","overlay-opacity":"","overlay-gradient":""},"mobile":{"background-color":"var(--ast-global-color-5)","background-image":"","background-repeat":"repeat","background-position":"center center","background-size":"auto","background-attachment":"scroll","background-type":"","background-media":"","overlay-type":"","overlay-color":"","overlay-opacity":"","overlay-gradient":""}},"iawp_total_views":1},"product_brand":[],"product_cat":[238,678],"product_tag":[],"class_list":{"0":"post-24474","1":"product","2":"type-product","3":"status-publish","4":"has-post-thumbnail","6":"product_cat-panel-mount","7":"product_cat-panel-mount-cables","8":"desktop-align-left","9":"tablet-align-left","10":"mobile-align-left","12":"first","13":"instock","14":"shipping-taxable","15":"purchasable","16":"product-type-simple"},"acf":[],"_links":{"self":[{"href":"https:\/\/www.fjpremium.com\/de\/wp-json\/wp\/v2\/product\/24474","targetHints":{"allow":["GET"]}}],"collection":[{"href":"https:\/\/www.fjpremium.com\/de\/wp-json\/wp\/v2\/product"}],"about":[{"href":"https:\/\/www.fjpremium.com\/de\/wp-json\/wp\/v2\/types\/product"}],"wp:featuredmedia":[{"embeddable":true,"href":"https:\/\/www.fjpremium.com\/de\/wp-json\/wp\/v2\/media\/24476"}],"wp:attachment":[{"href":"https:\/\/www.fjpremium.com\/de\/wp-json\/wp\/v2\/media?parent=24474"}],"wp:term":[{"taxonomy":"product_brand","embeddable":true,"href":"https:\/\/www.fjpremium.com\/de\/wp-json\/wp\/v2\/product_brand?post=24474"},{"taxonomy":"product_cat","embeddable":true,"href":"https:\/\/www.fjpremium.com\/de\/wp-json\/wp\/v2\/product_cat?post=24474"},{"taxonomy":"product_tag","embeddable":true,"href":"https:\/\/www.fjpremium.com\/de\/wp-json\/wp\/v2\/product_tag?post=24474"}],"curies":[{"name":"wp","href":"https:\/\/api.w.org\/{rel}","templated":true}]}}