{"id":24421,"date":"2024-01-17T14:05:17","date_gmt":"2024-01-17T06:05:17","guid":{"rendered":"https:\/\/www.fjpremium.com\/?post_type=product&#038;p=24421"},"modified":"2024-03-26T16:49:54","modified_gmt":"2024-03-26T08:49:54","slug":"micro-usb-2-0-to-usb-c-panel-mount-cable","status":"publish","type":"product","link":"https:\/\/www.fjpremium.com\/de\/product\/micro-usb-2-0-to-usb-c-panel-mount-cable\/","title":{"rendered":"Micro USB 2.0 auf USB-C Panel Mount Kabel, Stecker auf Buchse Verl\u00e4ngerungskabel"},"content":{"rendered":"<p>Entdecken Sie nahtlose Konnektivit\u00e4t mit unserem Micro-USB 2.0-zu-USB-C-Panelmontagekabel. Ausgestattet mit pr\u00e4zisionsgefertigten Micro 5PIN USB 2.0-Steckern auf USB 2.0 Typ-C-Buchsen mit Schraubverriegelung f\u00fcr sichere Verbindungen.<\/p>\n<p>Entwickelt mit vernickeltem Muttern- und Schraubentyp M3 f\u00fcr eine einfache Installation, mit einem Lochabstand von 17 mm und einem schlanken Au\u00dfendurchmesser von 4,5 mm.<\/p>\n<p>Erleben Sie eine schnelle Daten\u00fcbertragung mit 480 Mbit\/s f\u00fcr Hochgeschwindigkeits-USB 2.0-Ger\u00e4te, abgeschirmt f\u00fcr optimale Signalintegrit\u00e4t und Schutz vor St\u00f6rungen.<\/p>\n<p>Unser Kabel entspricht den RoHS- und REACH-Standards und erf\u00fcllt die Branchenma\u00dfst\u00e4be f\u00fcr Qualit\u00e4t und Umweltverantwortung.<\/p>\n<p>R\u00fcsten Sie problemlos auf mit unserem Micro-USB 2.0-auf-USB-C-Panelmontagekabel \u2013 dem Gipfel der Konnektivit\u00e4t.<\/p>\n<p><span style=\"font-size: 16px;\">Seine Spezifikationen:<\/span><\/p>\n<ul>\n<li>Anschluss 1: Micro 5PIN USB 2.0 Stecker<\/li>\n<li>Anschluss 2: USB 2.0 Typ-C Buchse mit Schraubverschluss<\/li>\n<li>Vergoldete Kontakte, vernickeltes Geh\u00e4use<\/li>\n<li>Mutter und Schraube Typ: M3 vernickelt<\/li>\n<li>Lochabstand: 17\u00b10,5mm<\/li>\n<li>Kabel-Leiter: Blanke Kupfer<\/li>\n<li>Kabelquerschnitt: 28\/24AWG<\/li>\n<li>Au\u00dfendurchmesser: 4,5\u00b10,2mm<\/li>\n<li>Abschirmung: Aluminiumfolie, Geflecht<\/li>\n<li>Geh\u00e4use: Spritzgie\u00dfen<\/li>\n<li>Mantel: PVC<\/li>\n<li>Unterst\u00fctzt Hochgeschwindigkeits-USB 2.0-Ger\u00e4te und erreicht eine \u00dcbertragungsrate von 480Mbps<\/li>\n<li>Abw\u00e4rtskompatibel mit USB 1.1 mit voller Geschwindigkeit (12 Mbit\/s) und USB 1.0 mit niedriger Geschwindigkeit (1,5 Mbit\/s)<\/li>\n<li>Einhaltung der Vorschriften: RoHS, REACH<\/li>\n<\/ul>","protected":false},"excerpt":{"rendered":"<p>Micro USB 2.0 auf USB-C Panel Mount Kabel, Stecker auf Buchse Verl\u00e4ngerungskabelmit Schraubbefestigung, 0.3M<\/p>","protected":false},"featured_media":24422,"template":"","meta":{"_acf_changed":false,"_seopress_robots_primary_cat":"","_seopress_titles_title":"Micro USB 2.0 to USB-C Panel Mount Cable, M-F","_seopress_titles_desc":"","_seopress_robots_index":"","site-sidebar-layout":"default","site-content-layout":"default","ast-site-content-layout":"default","site-content-style":"default","site-sidebar-style":"default","ast-global-header-display":"","ast-banner-title-visibility":"","ast-main-header-display":"","ast-hfb-above-header-display":"","ast-hfb-below-header-display":"","ast-hfb-mobile-header-display":"","site-post-title":"","ast-breadcrumbs-content":"","ast-featured-img":"","footer-sml-layout":"","ast-disable-related-posts":"","theme-transparent-header-meta":"default","adv-header-id-meta":"","stick-header-meta":"","header-above-stick-meta":"","header-main-stick-meta":"","header-below-stick-meta":"","astra-migrate-meta-layouts":"set","ast-page-background-enabled":"default","ast-page-background-meta":{"desktop":{"background-color":"","background-image":"","background-repeat":"repeat","background-position":"center center","background-size":"auto","background-attachment":"scroll","background-type":"","background-media":"","overlay-type":"","overlay-color":"","overlay-opacity":"","overlay-gradient":""},"tablet":{"background-color":"","background-image":"","background-repeat":"repeat","background-position":"center center","background-size":"auto","background-attachment":"scroll","background-type":"","background-media":"","overlay-type":"","overlay-color":"","overlay-opacity":"","overlay-gradient":""},"mobile":{"background-color":"","background-image":"","background-repeat":"repeat","background-position":"center center","background-size":"auto","background-attachment":"scroll","background-type":"","background-media":"","overlay-type":"","overlay-color":"","overlay-opacity":"","overlay-gradient":""}},"ast-content-background-meta":{"desktop":{"background-color":"var(--ast-global-color-5)","background-image":"","background-repeat":"repeat","background-position":"center center","background-size":"auto","background-attachment":"scroll","background-type":"","background-media":"","overlay-type":"","overlay-color":"","overlay-opacity":"","overlay-gradient":""},"tablet":{"background-color":"var(--ast-global-color-5)","background-image":"","background-repeat":"repeat","background-position":"center center","background-size":"auto","background-attachment":"scroll","background-type":"","background-media":"","overlay-type":"","overlay-color":"","overlay-opacity":"","overlay-gradient":""},"mobile":{"background-color":"var(--ast-global-color-5)","background-image":"","background-repeat":"repeat","background-position":"center center","background-size":"auto","background-attachment":"scroll","background-type":"","background-media":"","overlay-type":"","overlay-color":"","overlay-opacity":"","overlay-gradient":""}},"iawp_total_views":14},"product_brand":[],"product_cat":[238,678],"product_tag":[],"class_list":{"0":"post-24421","1":"product","2":"type-product","3":"status-publish","4":"has-post-thumbnail","6":"product_cat-panel-mount","7":"product_cat-panel-mount-cables","8":"desktop-align-left","9":"tablet-align-left","10":"mobile-align-left","12":"first","13":"instock","14":"shipping-taxable","15":"purchasable","16":"product-type-simple"},"acf":[],"_links":{"self":[{"href":"https:\/\/www.fjpremium.com\/de\/wp-json\/wp\/v2\/product\/24421","targetHints":{"allow":["GET"]}}],"collection":[{"href":"https:\/\/www.fjpremium.com\/de\/wp-json\/wp\/v2\/product"}],"about":[{"href":"https:\/\/www.fjpremium.com\/de\/wp-json\/wp\/v2\/types\/product"}],"wp:featuredmedia":[{"embeddable":true,"href":"https:\/\/www.fjpremium.com\/de\/wp-json\/wp\/v2\/media\/24422"}],"wp:attachment":[{"href":"https:\/\/www.fjpremium.com\/de\/wp-json\/wp\/v2\/media?parent=24421"}],"wp:term":[{"taxonomy":"product_brand","embeddable":true,"href":"https:\/\/www.fjpremium.com\/de\/wp-json\/wp\/v2\/product_brand?post=24421"},{"taxonomy":"product_cat","embeddable":true,"href":"https:\/\/www.fjpremium.com\/de\/wp-json\/wp\/v2\/product_cat?post=24421"},{"taxonomy":"product_tag","embeddable":true,"href":"https:\/\/www.fjpremium.com\/de\/wp-json\/wp\/v2\/product_tag?post=24421"}],"curies":[{"name":"wp","href":"https:\/\/api.w.org\/{rel}","templated":true}]}}