{"id":24364,"date":"2024-01-17T11:06:42","date_gmt":"2024-01-17T03:06:42","guid":{"rendered":"https:\/\/www.fjpremium.com\/?post_type=product&#038;p=24364"},"modified":"2024-03-25T14:44:45","modified_gmt":"2024-03-25T06:44:45","slug":"usb-2-0-b-panel-mount-extension-cable","status":"publish","type":"product","link":"https:\/\/www.fjpremium.com\/de\/product\/usb-2-0-b-panel-mount-extension-cable\/","title":{"rendered":"USB 2.0 B Panel Mount Verl\u00e4ngerungskabel mit Schraubstab, M-F"},"content":{"rendered":"<p>FARSINCE USB 2.0 B Panel Mount-Verl\u00e4ngerungskabel \u2013 der Inbegriff von Zuverl\u00e4ssigkeit und Innovation. Dieses Kabel wurde f\u00fcr die nahtlose Verl\u00e4ngerung Ihrer USB-Verbindungen entwickelt und gew\u00e4hrleistet eine Hochgeschwindigkeits-Daten\u00fcbertragung von bis zu 480 Mbit\/s.<\/p>\n<p>Unser Kabel verf\u00fcgt \u00fcber vergoldete Kontakte und ein vernickeltes Geh\u00e4use f\u00fcr hervorragende Leitf\u00e4higkeit und Haltbarkeit. Die vernickelte M3-Mutter und der Schraubentyp sorgen f\u00fcr einen sicheren Sitz, w\u00e4hrend die Abschirmung aus Aluminiumfoliengeflecht St\u00f6rungen verhindert.<\/p>\n<p>Mit einem kompakten Design und einem Lochabstand von 19,5 mm f\u00fcgt sich dieses Kabel nahtlos in jedes Setup ein. Unser Qualit\u00e4tsversprechen entspricht den RoHS- und REACH-Standards und erstreckt sich auch auf die Verantwortung f\u00fcr die Umwelt.<\/p>\n<p>Erweitern Sie Ihr Konnektivit\u00e4tserlebnis mit unserem USB 2.0 B-Verl\u00e4ngerungskabel f\u00fcr die Panelmontage \u2013 wo Qualit\u00e4t auf Innovation trifft.<\/p>\n<p>Seine Spezifikationen:<\/p>\n<ul>\n<li>Anschluss 1: USB 2.0 Typ -B Stecker<\/li>\n<li>Anschluss 2: USB 2.0 Typ -B-Buchse mit Schraubstift<\/li>\n<li>Vergoldete Kontakte, vernickeltes Geh\u00e4use<\/li>\n<li>Mutter und Schraube Typ: M3 vernickelt<\/li>\n<li>Lochabstand: 19,5\u00b10,5mm<\/li>\n<li>Kabel-Leiter: Blanke Kupfer<\/li>\n<li>Kabelquerschnitt: 28\/24AWG<\/li>\n<li>Au\u00dfendurchmesser: 4,5\u00b10,2mm<\/li>\n<li>Abschirmung: Aluminiumfolie, Geflecht<\/li>\n<li>Geh\u00e4use: Spritzgie\u00dfen<\/li>\n<li>Mantel: PVC<\/li>\n<li>Unterst\u00fctzt Hochgeschwindigkeits-USB 2.0-Ger\u00e4te und erreicht eine \u00dcbertragungsrate von 480Mbps<\/li>\n<li>Abw\u00e4rtskompatibel mit USB 1.1 mit voller Geschwindigkeit (12 Mbit\/s) und USB 1.0 mit niedriger Geschwindigkeit (1,5 Mbit\/s)<\/li>\n<li>Einhaltung der Vorschriften: RoHS, REACH<\/li>\n<\/ul>","protected":false},"excerpt":{"rendered":"<p>USB 2.0 B Panel Mount Verl\u00e4ngerungskabel mit Schraubstab, M-F, 1.5M,3M<\/p>","protected":false},"featured_media":24366,"template":"","meta":{"_acf_changed":false,"_seopress_robots_primary_cat":"","_seopress_titles_title":"USB 2.0 B Panel Mount Extension Cable with Screw Rod, M-F","_seopress_titles_desc":"","_seopress_robots_index":"","site-sidebar-layout":"default","site-content-layout":"default","ast-site-content-layout":"default","site-content-style":"default","site-sidebar-style":"default","ast-global-header-display":"","ast-banner-title-visibility":"","ast-main-header-display":"","ast-hfb-above-header-display":"","ast-hfb-below-header-display":"","ast-hfb-mobile-header-display":"","site-post-title":"","ast-breadcrumbs-content":"","ast-featured-img":"","footer-sml-layout":"","ast-disable-related-posts":"","theme-transparent-header-meta":"default","adv-header-id-meta":"","stick-header-meta":"","header-above-stick-meta":"","header-main-stick-meta":"","header-below-stick-meta":"","astra-migrate-meta-layouts":"set","ast-page-background-enabled":"default","ast-page-background-meta":{"desktop":{"background-color":"","background-image":"","background-repeat":"repeat","background-position":"center center","background-size":"auto","background-attachment":"scroll","background-type":"","background-media":"","overlay-type":"","overlay-color":"","overlay-opacity":"","overlay-gradient":""},"tablet":{"background-color":"","background-image":"","background-repeat":"repeat","background-position":"center center","background-size":"auto","background-attachment":"scroll","background-type":"","background-media":"","overlay-type":"","overlay-color":"","overlay-opacity":"","overlay-gradient":""},"mobile":{"background-color":"","background-image":"","background-repeat":"repeat","background-position":"center center","background-size":"auto","background-attachment":"scroll","background-type":"","background-media":"","overlay-type":"","overlay-color":"","overlay-opacity":"","overlay-gradient":""}},"ast-content-background-meta":{"desktop":{"background-color":"var(--ast-global-color-5)","background-image":"","background-repeat":"repeat","background-position":"center center","background-size":"auto","background-attachment":"scroll","background-type":"","background-media":"","overlay-type":"","overlay-color":"","overlay-opacity":"","overlay-gradient":""},"tablet":{"background-color":"var(--ast-global-color-5)","background-image":"","background-repeat":"repeat","background-position":"center center","background-size":"auto","background-attachment":"scroll","background-type":"","background-media":"","overlay-type":"","overlay-color":"","overlay-opacity":"","overlay-gradient":""},"mobile":{"background-color":"var(--ast-global-color-5)","background-image":"","background-repeat":"repeat","background-position":"center center","background-size":"auto","background-attachment":"scroll","background-type":"","background-media":"","overlay-type":"","overlay-color":"","overlay-opacity":"","overlay-gradient":""}},"iawp_total_views":3},"product_brand":[],"product_cat":[238,678],"product_tag":[],"class_list":{"0":"post-24364","1":"product","2":"type-product","3":"status-publish","4":"has-post-thumbnail","6":"product_cat-panel-mount","7":"product_cat-panel-mount-cables","8":"desktop-align-left","9":"tablet-align-left","10":"mobile-align-left","12":"first","13":"instock","14":"shipping-taxable","15":"purchasable","16":"product-type-simple"},"acf":[],"_links":{"self":[{"href":"https:\/\/www.fjpremium.com\/de\/wp-json\/wp\/v2\/product\/24364","targetHints":{"allow":["GET"]}}],"collection":[{"href":"https:\/\/www.fjpremium.com\/de\/wp-json\/wp\/v2\/product"}],"about":[{"href":"https:\/\/www.fjpremium.com\/de\/wp-json\/wp\/v2\/types\/product"}],"wp:featuredmedia":[{"embeddable":true,"href":"https:\/\/www.fjpremium.com\/de\/wp-json\/wp\/v2\/media\/24366"}],"wp:attachment":[{"href":"https:\/\/www.fjpremium.com\/de\/wp-json\/wp\/v2\/media?parent=24364"}],"wp:term":[{"taxonomy":"product_brand","embeddable":true,"href":"https:\/\/www.fjpremium.com\/de\/wp-json\/wp\/v2\/product_brand?post=24364"},{"taxonomy":"product_cat","embeddable":true,"href":"https:\/\/www.fjpremium.com\/de\/wp-json\/wp\/v2\/product_cat?post=24364"},{"taxonomy":"product_tag","embeddable":true,"href":"https:\/\/www.fjpremium.com\/de\/wp-json\/wp\/v2\/product_tag?post=24364"}],"curies":[{"name":"wp","href":"https:\/\/api.w.org\/{rel}","templated":true}]}}