{"id":24317,"date":"2024-01-17T09:33:09","date_gmt":"2024-01-17T01:33:09","guid":{"rendered":"https:\/\/www.fjpremium.com\/?post_type=product&#038;p=24317"},"modified":"2024-03-21T16:34:58","modified_gmt":"2024-03-21T08:34:58","slug":"mini-dp-to-dp-panel-mount-cable","status":"publish","type":"product","link":"https:\/\/www.fjpremium.com\/de\/product\/mini-dp-to-dp-panel-mount-cable\/","title":{"rendered":"Mini DisplayPort Stecker zu Displayport Buchse Panel Mount Kabel, Mini Dp zu DP Panel Mount Kabel"},"content":{"rendered":"<p>FARSINCE Mini-DP-zu-DP-Panelmontagekabel: Kombinieren Sie Ihre DisplayPort- und Mini-DisplayPort-Kabel nahtlos mit unserer zuverl\u00e4ssigen L\u00f6sung.<\/p>\n<p>Dieses Kabel ist f\u00fcr den Anschluss \u00fcber ein Panel konzipiert und verf\u00fcgt \u00fcber eine Konstruktion aus hochwertigen Materialien, darunter verzinnter Kupferleiter, Aluminiumfolie und Geflechtabschirmung, alles umh\u00fcllt von einem haltbaren PVC-Mantel.<\/p>\n<p>Erleben Sie eine einwandfreie \u00dcbertragung mit Unterst\u00fctzung f\u00fcr Bandbreite mit hoher Bitrate und einer Aufl\u00f6sung von bis zu 4K, die den DisplayPort 1.2-Standards entspricht. Seien Sie beruhigt, denn es ist RoHS- und REACH-zertifiziert und verf\u00fcgt \u00fcber eine solide 2-Jahres-Garantie. Steigern Sie Ihre Konnektivit\u00e4t mit Vertrauen in Qualit\u00e4t und Zuverl\u00e4ssigkeit.<\/p>\n<p>Seine Spezifikationen:<\/p>\n<ul>\n<li>Anschluss 1: Mini DisplayPort-Stecker, vergoldet<\/li>\n<li>Anschluss 2: DisplayPort-Buchse mit Schraubverschluss, vergoldeter Kontakt, vernickeltes Geh\u00e4use<\/li>\n<li>Mutter und Schraube Typ: M3 vernickelt<\/li>\n<li>Lochabstand: 27\u00b10,5mm<\/li>\n<li>Kabel-Leiter: Verd\u00fcnntes Kupfer<\/li>\n<li>Drahtst\u00e4rke: 32AWG<\/li>\n<li>Au\u00dfendurchmesser: 5,0\u00b10,2mm<\/li>\n<li>Abschirmung: Alufolie<\/li>\n<li>Geh\u00e4use: Spritzgie\u00dfen<\/li>\n<li>Mantel: PVC<\/li>\n<li>Unterst\u00fctzt eine hohe Bitrate (HBR) und eine Aufl\u00f6sung von bis zu 4K<\/li>\n<li>Erf\u00fcllt den DisplayPort 1.2-Standard<\/li>\n<li>Einhaltung der Vorschriften: RoHS, REACH<\/li>\n<\/ul>","protected":false},"excerpt":{"rendered":"<p>Hochgeschwindigkeits-Mini-DisplayPort-Stecker zu Displayport-Buchse Panel Mount Kabel, Mini Dp zu DP Panel Mount Kabel, 0.2M<\/p>","protected":false},"featured_media":24318,"template":"","meta":{"_acf_changed":false,"_seopress_robots_primary_cat":"","_seopress_titles_title":"Mini DisplayPort, Mini Dp to DP Panel Mount Cable","_seopress_titles_desc":"","_seopress_robots_index":"","site-sidebar-layout":"default","site-content-layout":"default","ast-site-content-layout":"default","site-content-style":"default","site-sidebar-style":"default","ast-global-header-display":"","ast-banner-title-visibility":"","ast-main-header-display":"","ast-hfb-above-header-display":"","ast-hfb-below-header-display":"","ast-hfb-mobile-header-display":"","site-post-title":"","ast-breadcrumbs-content":"","ast-featured-img":"","footer-sml-layout":"","ast-disable-related-posts":"","theme-transparent-header-meta":"default","adv-header-id-meta":"","stick-header-meta":"","header-above-stick-meta":"","header-main-stick-meta":"","header-below-stick-meta":"","astra-migrate-meta-layouts":"set","ast-page-background-enabled":"default","ast-page-background-meta":{"desktop":{"background-color":"","background-image":"","background-repeat":"repeat","background-position":"center center","background-size":"auto","background-attachment":"scroll","background-type":"","background-media":"","overlay-type":"","overlay-color":"","overlay-opacity":"","overlay-gradient":""},"tablet":{"background-color":"","background-image":"","background-repeat":"repeat","background-position":"center center","background-size":"auto","background-attachment":"scroll","background-type":"","background-media":"","overlay-type":"","overlay-color":"","overlay-opacity":"","overlay-gradient":""},"mobile":{"background-color":"","background-image":"","background-repeat":"repeat","background-position":"center center","background-size":"auto","background-attachment":"scroll","background-type":"","background-media":"","overlay-type":"","overlay-color":"","overlay-opacity":"","overlay-gradient":""}},"ast-content-background-meta":{"desktop":{"background-color":"var(--ast-global-color-5)","background-image":"","background-repeat":"repeat","background-position":"center center","background-size":"auto","background-attachment":"scroll","background-type":"","background-media":"","overlay-type":"","overlay-color":"","overlay-opacity":"","overlay-gradient":""},"tablet":{"background-color":"var(--ast-global-color-5)","background-image":"","background-repeat":"repeat","background-position":"center center","background-size":"auto","background-attachment":"scroll","background-type":"","background-media":"","overlay-type":"","overlay-color":"","overlay-opacity":"","overlay-gradient":""},"mobile":{"background-color":"var(--ast-global-color-5)","background-image":"","background-repeat":"repeat","background-position":"center center","background-size":"auto","background-attachment":"scroll","background-type":"","background-media":"","overlay-type":"","overlay-color":"","overlay-opacity":"","overlay-gradient":""}},"iawp_total_views":16},"product_brand":[],"product_cat":[238,678],"product_tag":[],"class_list":{"0":"post-24317","1":"product","2":"type-product","3":"status-publish","4":"has-post-thumbnail","6":"product_cat-panel-mount","7":"product_cat-panel-mount-cables","8":"desktop-align-left","9":"tablet-align-left","10":"mobile-align-left","12":"first","13":"instock","14":"shipping-taxable","15":"purchasable","16":"product-type-simple"},"acf":[],"_links":{"self":[{"href":"https:\/\/www.fjpremium.com\/de\/wp-json\/wp\/v2\/product\/24317","targetHints":{"allow":["GET"]}}],"collection":[{"href":"https:\/\/www.fjpremium.com\/de\/wp-json\/wp\/v2\/product"}],"about":[{"href":"https:\/\/www.fjpremium.com\/de\/wp-json\/wp\/v2\/types\/product"}],"wp:featuredmedia":[{"embeddable":true,"href":"https:\/\/www.fjpremium.com\/de\/wp-json\/wp\/v2\/media\/24318"}],"wp:attachment":[{"href":"https:\/\/www.fjpremium.com\/de\/wp-json\/wp\/v2\/media?parent=24317"}],"wp:term":[{"taxonomy":"product_brand","embeddable":true,"href":"https:\/\/www.fjpremium.com\/de\/wp-json\/wp\/v2\/product_brand?post=24317"},{"taxonomy":"product_cat","embeddable":true,"href":"https:\/\/www.fjpremium.com\/de\/wp-json\/wp\/v2\/product_cat?post=24317"},{"taxonomy":"product_tag","embeddable":true,"href":"https:\/\/www.fjpremium.com\/de\/wp-json\/wp\/v2\/product_tag?post=24317"}],"curies":[{"name":"wp","href":"https:\/\/api.w.org\/{rel}","templated":true}]}}