{"id":24309,"date":"2024-01-16T17:40:09","date_gmt":"2024-01-16T09:40:09","guid":{"rendered":"https:\/\/www.fjpremium.com\/?post_type=product&#038;p=24309"},"modified":"2024-03-21T16:14:39","modified_gmt":"2024-03-21T08:14:39","slug":"angle-displayport-panel-mount-cable","status":"publish","type":"product","link":"https:\/\/www.fjpremium.com\/de\/product\/angle-displayport-panel-mount-cable\/","title":{"rendered":"Angle DisplayPort Panel Mount Kabel, DP 1.2 Stecker auf Buchse Verl\u00e4ngerungskabel"},"content":{"rendered":"<p>FARSINCE Winkel-DisplayPort-Panelmontagekabel: Perfekt f\u00fcr nahtlose Konnektivit\u00e4t auf engstem Raum. Mit vier verf\u00fcgbaren Winkeltypen (Links, Rechts, Oben, Unten) ist das Erreichen der perfekten Verbindung m\u00fchelos m\u00f6glich.<\/p>\n<p>Dieses DP 1.2-Stecker-auf-Buchse-Verl\u00e4ngerungskabel ist ideal f\u00fcr die Kombination zweier DisplayPort-Kabel \u00fcber ein Panel. Hergestellt aus verzinntem Kupferleiter, Aluminiumfolie und Geflechtabschirmung, zusammen mit einem ABS-Geh\u00e4use f\u00fcr Angle DisplayPort-Stecker und Spritzguss f\u00fcr DisplayPort-Buchsen, ist Haltbarkeit gew\u00e4hrleistet.<\/p>\n<p>Erleben Sie atemberaubende 4K-Aufl\u00f6sung und Unterst\u00fctzung f\u00fcr hohe Bitratenbandbreite, alles nach DisplayPort 1.2-Standards gebaut. Dar\u00fcber hinaus sind mit RoHS- und REACH-Zertifizierungen und einer zweij\u00e4hrigen Garantie Qualit\u00e4t und Sicherheit garantiert. Erweitern Sie noch heute Ihre Konnektivit\u00e4t.<\/p>\n<p>Seine Spezifikationen:<\/p>\n<ul>\n<li>Anschluss 1: DisplayPort-Stecker, Winkel, vergoldet<\/li>\n<li>Anschluss 2: DisplayPort-Buchse mit Schraubverschluss, vergoldeter Kontakt, vernickeltes Geh\u00e4use<\/li>\n<li>Mutter und Schraube Typ: M3 vernickelt<\/li>\n<li>Lochabstand: 25\u00b11mm<\/li>\n<li>Kabel-Leiter: Verzinntes Kupfer<\/li>\n<li>Isolierung: Gesch\u00e4umte PE-Haut\/HDPE<\/li>\n<li>Kabelquerschnitt: 28AWG<\/li>\n<li>Au\u00dfendurchmesser: 7,3\u00b10,2mm<\/li>\n<li>Abschirmung: Aluminiumfolie, Geflecht<\/li>\n<li>Geh\u00e4use: ABS-Schale f\u00fcr DisplayPort-Stecker, Spritzgussgeh\u00e4use f\u00fcr DisplayPort-Buchse<\/li>\n<li>Mantel: PVC<\/li>\n<li>Winkeltypen links, rechts, oben, unten verf\u00fcgbar<\/li>\n<li>Unterst\u00fctzt eine hohe Bitrate (HBR) und eine Aufl\u00f6sung von bis zu 4K<\/li>\n<li>Erf\u00fcllt den DisplayPort 1.2-Standard<\/li>\n<li>Einhaltung der Vorschriften: RoHS, REACH<\/li>\n<\/ul>","protected":false},"excerpt":{"rendered":"<p>Hochgeschwindigkeits-Winkel-DisplayPort-Panel-Mount-Kabel, Stecker-zu-Buchse-Adapterkabel mit Schraubverriegelung, 0.2M<\/p>","protected":false},"featured_media":24316,"template":"","meta":{"_acf_changed":false,"_seopress_robots_primary_cat":"","_seopress_titles_title":"Angle DisplayPort Panel Mount Cable, DP Extension Cable","_seopress_titles_desc":"","_seopress_robots_index":"","site-sidebar-layout":"default","site-content-layout":"default","ast-site-content-layout":"default","site-content-style":"default","site-sidebar-style":"default","ast-global-header-display":"","ast-banner-title-visibility":"","ast-main-header-display":"","ast-hfb-above-header-display":"","ast-hfb-below-header-display":"","ast-hfb-mobile-header-display":"","site-post-title":"","ast-breadcrumbs-content":"","ast-featured-img":"","footer-sml-layout":"","ast-disable-related-posts":"","theme-transparent-header-meta":"default","adv-header-id-meta":"","stick-header-meta":"","header-above-stick-meta":"","header-main-stick-meta":"","header-below-stick-meta":"","astra-migrate-meta-layouts":"set","ast-page-background-enabled":"default","ast-page-background-meta":{"desktop":{"background-color":"","background-image":"","background-repeat":"repeat","background-position":"center center","background-size":"auto","background-attachment":"scroll","background-type":"","background-media":"","overlay-type":"","overlay-color":"","overlay-opacity":"","overlay-gradient":""},"tablet":{"background-color":"","background-image":"","background-repeat":"repeat","background-position":"center center","background-size":"auto","background-attachment":"scroll","background-type":"","background-media":"","overlay-type":"","overlay-color":"","overlay-opacity":"","overlay-gradient":""},"mobile":{"background-color":"","background-image":"","background-repeat":"repeat","background-position":"center center","background-size":"auto","background-attachment":"scroll","background-type":"","background-media":"","overlay-type":"","overlay-color":"","overlay-opacity":"","overlay-gradient":""}},"ast-content-background-meta":{"desktop":{"background-color":"var(--ast-global-color-5)","background-image":"","background-repeat":"repeat","background-position":"center center","background-size":"auto","background-attachment":"scroll","background-type":"","background-media":"","overlay-type":"","overlay-color":"","overlay-opacity":"","overlay-gradient":""},"tablet":{"background-color":"var(--ast-global-color-5)","background-image":"","background-repeat":"repeat","background-position":"center center","background-size":"auto","background-attachment":"scroll","background-type":"","background-media":"","overlay-type":"","overlay-color":"","overlay-opacity":"","overlay-gradient":""},"mobile":{"background-color":"var(--ast-global-color-5)","background-image":"","background-repeat":"repeat","background-position":"center center","background-size":"auto","background-attachment":"scroll","background-type":"","background-media":"","overlay-type":"","overlay-color":"","overlay-opacity":"","overlay-gradient":""}},"iawp_total_views":4},"product_brand":[],"product_cat":[238,678],"product_tag":[],"class_list":{"0":"post-24309","1":"product","2":"type-product","3":"status-publish","4":"has-post-thumbnail","6":"product_cat-panel-mount","7":"product_cat-panel-mount-cables","8":"desktop-align-left","9":"tablet-align-left","10":"mobile-align-left","12":"first","13":"instock","14":"shipping-taxable","15":"purchasable","16":"product-type-simple"},"acf":[],"_links":{"self":[{"href":"https:\/\/www.fjpremium.com\/de\/wp-json\/wp\/v2\/product\/24309","targetHints":{"allow":["GET"]}}],"collection":[{"href":"https:\/\/www.fjpremium.com\/de\/wp-json\/wp\/v2\/product"}],"about":[{"href":"https:\/\/www.fjpremium.com\/de\/wp-json\/wp\/v2\/types\/product"}],"wp:featuredmedia":[{"embeddable":true,"href":"https:\/\/www.fjpremium.com\/de\/wp-json\/wp\/v2\/media\/24316"}],"wp:attachment":[{"href":"https:\/\/www.fjpremium.com\/de\/wp-json\/wp\/v2\/media?parent=24309"}],"wp:term":[{"taxonomy":"product_brand","embeddable":true,"href":"https:\/\/www.fjpremium.com\/de\/wp-json\/wp\/v2\/product_brand?post=24309"},{"taxonomy":"product_cat","embeddable":true,"href":"https:\/\/www.fjpremium.com\/de\/wp-json\/wp\/v2\/product_cat?post=24309"},{"taxonomy":"product_tag","embeddable":true,"href":"https:\/\/www.fjpremium.com\/de\/wp-json\/wp\/v2\/product_tag?post=24309"}],"curies":[{"name":"wp","href":"https:\/\/api.w.org\/{rel}","templated":true}]}}