{"id":24302,"date":"2024-01-16T17:30:11","date_gmt":"2024-01-16T09:30:11","guid":{"rendered":"https:\/\/www.fjpremium.com\/?post_type=product&#038;p=24302"},"modified":"2024-03-21T15:22:54","modified_gmt":"2024-03-21T07:22:54","slug":"displayport-1-4-panel-mount-extension-cable","status":"publish","type":"product","link":"https:\/\/www.fjpremium.com\/de\/product\/displayport-1-4-panel-mount-extension-cable\/","title":{"rendered":"DisplayPort 1.4 Verl\u00e4ngerungskabel f\u00fcr Panelmontage, Stecker auf Buchse"},"content":{"rendered":"<p>FARSINCE DisplayPort 1.4 Panel Mount-Verl\u00e4ngerungskabel: Erweitern Sie Ihre Konnektivit\u00e4t mit kompromissloser Qualit\u00e4t. Bei der Stecker-zu-Buchse-Konfiguration ist eine Buchse mit einer M3-Schraubverriegelung und einem pr\u00e4zisen Lochabstand von 27 \u00b1 1 mm f\u00fcr eine sichere Montage ausgestattet.<\/p>\n<p>Es ist mit einem blanken Kupferleiter und einer Abschirmung aus Aluminiumfolie und -geflecht gefertigt und gew\u00e4hrleistet eine einwandfreie Signal\u00fcbertragung. Das ABS-Geh\u00e4use f\u00fcr den DisplayPort-Stecker und das Spritzgussverfahren f\u00fcr die Buchse garantieren Haltbarkeit und Zuverl\u00e4ssigkeit.<\/p>\n<p>Erleben Sie atemberaubende 8K-Aufl\u00f6sung mit Unterst\u00fctzung f\u00fcr High Bit Rate (HBR)-Bandbreite, alles nach DisplayPort 1.4-Standards gebaut. Dar\u00fcber hinaus k\u00f6nnen Sie mit RoHS- und REACH-Zertifizierungen sicher sein. R\u00fcsten Sie noch heute auf erstklassige Konnektivit\u00e4t auf.<\/p>\n<p>Seine Spezifikationen:<\/p>\n<ul>\n<li>Anschluss 1: DisplayPort 1.4-Stecker, vergoldet<\/li>\n<li>Anschluss 2: DisplayPort 1.4 Buchse mit Schraubverschluss, vergoldeter Kontakt, vernickeltes Geh\u00e4use<\/li>\n<li>Mutter und Schraube Typ: M3 vernickelt<\/li>\n<li>Lochabstand: 27\u00b11mm<\/li>\n<li>Kabel-Leiter: Blanke Kupfer<\/li>\n<li>Kabelquerschnitt: 28AWG<\/li>\n<li>Au\u00dfendurchmesser: 7,3\u00b10,2mm<\/li>\n<li>Abschirmung: Aluminiumfolie, Geflecht<\/li>\n<li>Geh\u00e4use: ABS-Schale f\u00fcr DisplayPort-Stecker, Spritzgussgeh\u00e4use f\u00fcr DisplayPort-Buchse<\/li>\n<li>Mantel: PVC<\/li>\n<li>Unterst\u00fctzt eine hohe Bitrate (HBR) und eine Aufl\u00f6sung von bis zu 8K<\/li>\n<li>Erf\u00fcllt den DisplayPort 1.4-Standard<\/li>\n<li>Einhaltung der Vorschriften: RoHS, REACH<\/li>\n<\/ul>","protected":false},"excerpt":{"rendered":"<p>High Speed DisplayPort 1.4 Panel Mount Verl\u00e4ngerungskabel, Stecker auf Buchse Adapterkabel mit Schraubverschluss, 0.2M<\/p>","protected":false},"featured_media":24307,"template":"","meta":{"_acf_changed":false,"_seopress_robots_primary_cat":"","_seopress_titles_title":"DisplayPort 1.4 Panel Mount Extension Cable- Farsince","_seopress_titles_desc":"","_seopress_robots_index":"","site-sidebar-layout":"default","site-content-layout":"default","ast-site-content-layout":"default","site-content-style":"default","site-sidebar-style":"default","ast-global-header-display":"","ast-banner-title-visibility":"","ast-main-header-display":"","ast-hfb-above-header-display":"","ast-hfb-below-header-display":"","ast-hfb-mobile-header-display":"","site-post-title":"","ast-breadcrumbs-content":"","ast-featured-img":"","footer-sml-layout":"","ast-disable-related-posts":"","theme-transparent-header-meta":"default","adv-header-id-meta":"","stick-header-meta":"","header-above-stick-meta":"","header-main-stick-meta":"","header-below-stick-meta":"","astra-migrate-meta-layouts":"set","ast-page-background-enabled":"default","ast-page-background-meta":{"desktop":{"background-color":"","background-image":"","background-repeat":"repeat","background-position":"center center","background-size":"auto","background-attachment":"scroll","background-type":"","background-media":"","overlay-type":"","overlay-color":"","overlay-opacity":"","overlay-gradient":""},"tablet":{"background-color":"","background-image":"","background-repeat":"repeat","background-position":"center center","background-size":"auto","background-attachment":"scroll","background-type":"","background-media":"","overlay-type":"","overlay-color":"","overlay-opacity":"","overlay-gradient":""},"mobile":{"background-color":"","background-image":"","background-repeat":"repeat","background-position":"center center","background-size":"auto","background-attachment":"scroll","background-type":"","background-media":"","overlay-type":"","overlay-color":"","overlay-opacity":"","overlay-gradient":""}},"ast-content-background-meta":{"desktop":{"background-color":"var(--ast-global-color-5)","background-image":"","background-repeat":"repeat","background-position":"center center","background-size":"auto","background-attachment":"scroll","background-type":"","background-media":"","overlay-type":"","overlay-color":"","overlay-opacity":"","overlay-gradient":""},"tablet":{"background-color":"var(--ast-global-color-5)","background-image":"","background-repeat":"repeat","background-position":"center center","background-size":"auto","background-attachment":"scroll","background-type":"","background-media":"","overlay-type":"","overlay-color":"","overlay-opacity":"","overlay-gradient":""},"mobile":{"background-color":"var(--ast-global-color-5)","background-image":"","background-repeat":"repeat","background-position":"center center","background-size":"auto","background-attachment":"scroll","background-type":"","background-media":"","overlay-type":"","overlay-color":"","overlay-opacity":"","overlay-gradient":""}},"iawp_total_views":4},"product_brand":[],"product_cat":[238,678],"product_tag":[],"class_list":{"0":"post-24302","1":"product","2":"type-product","3":"status-publish","4":"has-post-thumbnail","6":"product_cat-panel-mount","7":"product_cat-panel-mount-cables","8":"desktop-align-left","9":"tablet-align-left","10":"mobile-align-left","12":"first","13":"instock","14":"shipping-taxable","15":"purchasable","16":"product-type-simple"},"acf":[],"_links":{"self":[{"href":"https:\/\/www.fjpremium.com\/de\/wp-json\/wp\/v2\/product\/24302","targetHints":{"allow":["GET"]}}],"collection":[{"href":"https:\/\/www.fjpremium.com\/de\/wp-json\/wp\/v2\/product"}],"about":[{"href":"https:\/\/www.fjpremium.com\/de\/wp-json\/wp\/v2\/types\/product"}],"wp:featuredmedia":[{"embeddable":true,"href":"https:\/\/www.fjpremium.com\/de\/wp-json\/wp\/v2\/media\/24307"}],"wp:attachment":[{"href":"https:\/\/www.fjpremium.com\/de\/wp-json\/wp\/v2\/media?parent=24302"}],"wp:term":[{"taxonomy":"product_brand","embeddable":true,"href":"https:\/\/www.fjpremium.com\/de\/wp-json\/wp\/v2\/product_brand?post=24302"},{"taxonomy":"product_cat","embeddable":true,"href":"https:\/\/www.fjpremium.com\/de\/wp-json\/wp\/v2\/product_cat?post=24302"},{"taxonomy":"product_tag","embeddable":true,"href":"https:\/\/www.fjpremium.com\/de\/wp-json\/wp\/v2\/product_tag?post=24302"}],"curies":[{"name":"wp","href":"https:\/\/api.w.org\/{rel}","templated":true}]}}