{"id":24296,"date":"2024-01-16T16:36:00","date_gmt":"2024-01-16T08:36:00","guid":{"rendered":"https:\/\/www.fjpremium.com\/?post_type=product&#038;p=24296"},"modified":"2024-03-21T15:10:19","modified_gmt":"2024-03-21T07:10:19","slug":"displayport-1-4-panel-mount-cable","status":"publish","type":"product","link":"https:\/\/www.fjpremium.com\/de\/product\/displayport-1-4-panel-mount-cable\/","title":{"rendered":"DisplayPort 1.4 Kabel f\u00fcr Panelmontage, Buchse zu Buchse"},"content":{"rendered":"<p>Wir pr\u00e4sentieren unser DisplayPort 1.4-Kabel zur Panelmontage: Kompakt und dennoch leistungsstark. Mit einer Gesamtl\u00e4nge von 0,2 m ist es perfekt f\u00fcr nahtlose Konnektivit\u00e4t auf engstem Raum.<\/p>\n<p>Ausgestattet mit weiblichen Anschl\u00fcssen an beiden Enden, einer davon mit M3-Schraubverriegelung f\u00fcr zus\u00e4tzliche Sicherheit, mit einem pr\u00e4zisen Lochabstand von 27 \u00b1 1 mm.<\/p>\n<p>Konstruiert mit einem blanken Kupferleiter und einer Abschirmung aus Aluminiumfolie und Geflecht sorgt es f\u00fcr eine optimale Signal\u00fcbertragung. Sein PVC-Mantel bietet Haltbarkeit f\u00fcr den Langzeitgebrauch.<\/p>\n<p>Erleben Sie atemberaubende 8K-Aufl\u00f6sung mit Unterst\u00fctzung f\u00fcr High Bit Rate (HBR)-Bandbreite, alles nach DisplayPort 1.4-Standards gebaut. Seien Sie versichert, es ist nach RoHS- und REACH-Standards zertifiziert. Erweitern Sie Ihr Display-Setup ganz einfach.<\/p>\n<p>Seine Spezifikationen:<\/p>\n<ul>\n<li>Anschluss 1: DisplayPort 1.4-Buchse, vergoldet<\/li>\n<li>Anschluss 2: DisplayPort 1.4 Buchse mit Schraubverschluss, vergoldeter Kontakt, vernickeltes Geh\u00e4use<\/li>\n<li>Mutter und Schraube Typ: M3 vernickelt<\/li>\n<li>Lochabstand: 27\u00b11mm<\/li>\n<li>Kabel-Leiter: Blanke Kupfer<\/li>\n<li>Kabelquerschnitt: 28AWG<\/li>\n<li>Au\u00dfendurchmesser: 7,3\u00b10,2mm<\/li>\n<li>Abschirmung: Aluminiumfolie, Geflecht<\/li>\n<li>Geh\u00e4use: Spritzgie\u00dfen<\/li>\n<li>Mantel: PVC<\/li>\n<li>Unterst\u00fctzt eine hohe Bitrate (HBR) und eine Aufl\u00f6sung von bis zu 8K<\/li>\n<li>Erf\u00fcllt den DisplayPort 1.4-Standard<\/li>\n<li>Einhaltung der Vorschriften: RoHS, REACH<\/li>\n<\/ul>","protected":false},"excerpt":{"rendered":"<p>High Speed DispalyPort 1.4 Panel Mount Kabel, Buchse auf Buchse Adapterkabel mit Schraubverriegelung, 0.2M<\/p>","protected":false},"featured_media":24300,"template":"","meta":{"_acf_changed":false,"_seopress_robots_primary_cat":"","_seopress_titles_title":"DisplayPort 1.4 Panel Mount Cable- Farsince","_seopress_titles_desc":"","_seopress_robots_index":"","site-sidebar-layout":"default","site-content-layout":"default","ast-site-content-layout":"default","site-content-style":"default","site-sidebar-style":"default","ast-global-header-display":"","ast-banner-title-visibility":"","ast-main-header-display":"","ast-hfb-above-header-display":"","ast-hfb-below-header-display":"","ast-hfb-mobile-header-display":"","site-post-title":"","ast-breadcrumbs-content":"","ast-featured-img":"","footer-sml-layout":"","ast-disable-related-posts":"","theme-transparent-header-meta":"default","adv-header-id-meta":"","stick-header-meta":"","header-above-stick-meta":"","header-main-stick-meta":"","header-below-stick-meta":"","astra-migrate-meta-layouts":"set","ast-page-background-enabled":"default","ast-page-background-meta":{"desktop":{"background-color":"","background-image":"","background-repeat":"repeat","background-position":"center center","background-size":"auto","background-attachment":"scroll","background-type":"","background-media":"","overlay-type":"","overlay-color":"","overlay-opacity":"","overlay-gradient":""},"tablet":{"background-color":"","background-image":"","background-repeat":"repeat","background-position":"center center","background-size":"auto","background-attachment":"scroll","background-type":"","background-media":"","overlay-type":"","overlay-color":"","overlay-opacity":"","overlay-gradient":""},"mobile":{"background-color":"","background-image":"","background-repeat":"repeat","background-position":"center center","background-size":"auto","background-attachment":"scroll","background-type":"","background-media":"","overlay-type":"","overlay-color":"","overlay-opacity":"","overlay-gradient":""}},"ast-content-background-meta":{"desktop":{"background-color":"var(--ast-global-color-5)","background-image":"","background-repeat":"repeat","background-position":"center center","background-size":"auto","background-attachment":"scroll","background-type":"","background-media":"","overlay-type":"","overlay-color":"","overlay-opacity":"","overlay-gradient":""},"tablet":{"background-color":"var(--ast-global-color-5)","background-image":"","background-repeat":"repeat","background-position":"center center","background-size":"auto","background-attachment":"scroll","background-type":"","background-media":"","overlay-type":"","overlay-color":"","overlay-opacity":"","overlay-gradient":""},"mobile":{"background-color":"var(--ast-global-color-5)","background-image":"","background-repeat":"repeat","background-position":"center center","background-size":"auto","background-attachment":"scroll","background-type":"","background-media":"","overlay-type":"","overlay-color":"","overlay-opacity":"","overlay-gradient":""}},"iawp_total_views":6},"product_brand":[],"product_cat":[238,678],"product_tag":[],"class_list":{"0":"post-24296","1":"product","2":"type-product","3":"status-publish","4":"has-post-thumbnail","6":"product_cat-panel-mount","7":"product_cat-panel-mount-cables","8":"desktop-align-left","9":"tablet-align-left","10":"mobile-align-left","12":"first","13":"instock","14":"shipping-taxable","15":"purchasable","16":"product-type-simple"},"acf":[],"_links":{"self":[{"href":"https:\/\/www.fjpremium.com\/de\/wp-json\/wp\/v2\/product\/24296","targetHints":{"allow":["GET"]}}],"collection":[{"href":"https:\/\/www.fjpremium.com\/de\/wp-json\/wp\/v2\/product"}],"about":[{"href":"https:\/\/www.fjpremium.com\/de\/wp-json\/wp\/v2\/types\/product"}],"wp:featuredmedia":[{"embeddable":true,"href":"https:\/\/www.fjpremium.com\/de\/wp-json\/wp\/v2\/media\/24300"}],"wp:attachment":[{"href":"https:\/\/www.fjpremium.com\/de\/wp-json\/wp\/v2\/media?parent=24296"}],"wp:term":[{"taxonomy":"product_brand","embeddable":true,"href":"https:\/\/www.fjpremium.com\/de\/wp-json\/wp\/v2\/product_brand?post=24296"},{"taxonomy":"product_cat","embeddable":true,"href":"https:\/\/www.fjpremium.com\/de\/wp-json\/wp\/v2\/product_cat?post=24296"},{"taxonomy":"product_tag","embeddable":true,"href":"https:\/\/www.fjpremium.com\/de\/wp-json\/wp\/v2\/product_tag?post=24296"}],"curies":[{"name":"wp","href":"https:\/\/api.w.org\/{rel}","templated":true}]}}