{"id":24277,"date":"2024-01-16T15:53:15","date_gmt":"2024-01-16T07:53:15","guid":{"rendered":"https:\/\/www.fjpremium.com\/?post_type=product&#038;p=24277"},"modified":"2024-03-21T14:37:28","modified_gmt":"2024-03-21T06:37:28","slug":"micro-hdmi-to-hdmi-panel-mount-cable","status":"publish","type":"product","link":"https:\/\/www.fjpremium.com\/de\/product\/micro-hdmi-to-hdmi-panel-mount-cable\/","title":{"rendered":"Micro-HDMI-auf-HDMI-Panel-Mount-Kabel, Verl\u00e4ngerungskabel von Stecker auf Buchse"},"content":{"rendered":"<p>Entdecken Sie unser Micro-HDMI-zu-HDMI-Panelmontagekabel \u2013 die unverzichtbare Verbindung f\u00fcr nahtlose Konnektivit\u00e4t und hochaufl\u00f6sende Unterhaltung. Ausgestattet mit einem Micro-HDMI-Stecker an einem Ende und einer HDMI-Buchse am anderen Ende, ausgestattet mit sicherer vernickelter M3-Schraubverriegelung, ist die Installation ein Kinderspiel.<\/p>\n<p>Mit vergoldeten Anschl\u00fcssen und einem stabilen blanken Kupferleiter k\u00f6nnen Sie eine makellose Signal\u00fcbertragung erwarten. Abgeschirmt mit Aluminiumfolie und -geflecht und umh\u00fcllt von einem robusten PVC-Mantel ist Langlebigkeit garantiert.<\/p>\n<p>Erleben Sie atemberaubende Videoaufl\u00f6sungen von bis zu 4K@50\/60 (2160p), die die vierfache Klarheit einer Videoaufl\u00f6sung von 1080p\/60 mit einer beeindruckenden Bandbreite von 18 Gbit\/s bieten. Erweitern Sie noch heute Ihr Multimedia-Erlebnis mit unserem Micro-HDMI-zu-HDMI-Panelmontagekabel.<\/p>\n<p>Seine Spezifikationen:<\/p>\n<ul>\n<li>Anschluss 1: Micro-HDMI-Stecker, vergoldet<\/li>\n<li>Anschluss 2: HDMI-Buchse mit Schraubverschluss, vergoldet<\/li>\n<li>Mutter und Schraube Typ: M3 vernickelt<\/li>\n<li>Lochabstand: 29\u00b11mm<\/li>\n<li>Kabelleitung: Blankes Kupfer<\/li>\n<li>Drahtst\u00e4rke: 30AWG<\/li>\n<li>Au\u00dfendurchmesser: 5,5 mm<\/li>\n<li>Abschirmung: Aluminiumfolie, Geflecht<\/li>\n<li>Geh\u00e4use: Spritzgie\u00dfen<\/li>\n<li>Mantel: PVC<\/li>\n<li>Bandbreite bis zu 18Gbps<\/li>\n<li>4K@50\/60 (2160p), das ist die 4-fache Klarheit einer 1080p\/60-Videoaufl\u00f6sung<\/li>\n<li>3D-Video, Deep Color und x.v. Color\u2122<\/li>\n<li>Einhaltung der Vorschriften: RoHS, REACH<\/li>\n<\/ul>","protected":false},"excerpt":{"rendered":"<p>Hochgeschwindigkeits-Mikro-HDMI-auf-HDMI-Panel-Mount-Kabel, Stecker-auf-Buchse-Adapterkabel mit Schraubverriegelung, 0,2 m<\/p>","protected":false},"featured_media":24279,"template":"","meta":{"_acf_changed":false,"_seopress_robots_primary_cat":"","_seopress_titles_title":"Micro HDMI to HDMI Panel Mount Cable- Farsince","_seopress_titles_desc":"","_seopress_robots_index":"","site-sidebar-layout":"default","site-content-layout":"default","ast-site-content-layout":"default","site-content-style":"default","site-sidebar-style":"default","ast-global-header-display":"","ast-banner-title-visibility":"","ast-main-header-display":"","ast-hfb-above-header-display":"","ast-hfb-below-header-display":"","ast-hfb-mobile-header-display":"","site-post-title":"","ast-breadcrumbs-content":"","ast-featured-img":"","footer-sml-layout":"","ast-disable-related-posts":"","theme-transparent-header-meta":"default","adv-header-id-meta":"","stick-header-meta":"","header-above-stick-meta":"","header-main-stick-meta":"","header-below-stick-meta":"","astra-migrate-meta-layouts":"set","ast-page-background-enabled":"default","ast-page-background-meta":{"desktop":{"background-color":"","background-image":"","background-repeat":"repeat","background-position":"center center","background-size":"auto","background-attachment":"scroll","background-type":"","background-media":"","overlay-type":"","overlay-color":"","overlay-opacity":"","overlay-gradient":""},"tablet":{"background-color":"","background-image":"","background-repeat":"repeat","background-position":"center center","background-size":"auto","background-attachment":"scroll","background-type":"","background-media":"","overlay-type":"","overlay-color":"","overlay-opacity":"","overlay-gradient":""},"mobile":{"background-color":"","background-image":"","background-repeat":"repeat","background-position":"center center","background-size":"auto","background-attachment":"scroll","background-type":"","background-media":"","overlay-type":"","overlay-color":"","overlay-opacity":"","overlay-gradient":""}},"ast-content-background-meta":{"desktop":{"background-color":"var(--ast-global-color-5)","background-image":"","background-repeat":"repeat","background-position":"center center","background-size":"auto","background-attachment":"scroll","background-type":"","background-media":"","overlay-type":"","overlay-color":"","overlay-opacity":"","overlay-gradient":""},"tablet":{"background-color":"var(--ast-global-color-5)","background-image":"","background-repeat":"repeat","background-position":"center center","background-size":"auto","background-attachment":"scroll","background-type":"","background-media":"","overlay-type":"","overlay-color":"","overlay-opacity":"","overlay-gradient":""},"mobile":{"background-color":"var(--ast-global-color-5)","background-image":"","background-repeat":"repeat","background-position":"center center","background-size":"auto","background-attachment":"scroll","background-type":"","background-media":"","overlay-type":"","overlay-color":"","overlay-opacity":"","overlay-gradient":""}},"iawp_total_views":23},"product_brand":[],"product_cat":[238,678],"product_tag":[],"class_list":{"0":"post-24277","1":"product","2":"type-product","3":"status-publish","4":"has-post-thumbnail","6":"product_cat-panel-mount","7":"product_cat-panel-mount-cables","8":"desktop-align-left","9":"tablet-align-left","10":"mobile-align-left","12":"first","13":"instock","14":"shipping-taxable","15":"purchasable","16":"product-type-simple"},"acf":[],"_links":{"self":[{"href":"https:\/\/www.fjpremium.com\/de\/wp-json\/wp\/v2\/product\/24277","targetHints":{"allow":["GET"]}}],"collection":[{"href":"https:\/\/www.fjpremium.com\/de\/wp-json\/wp\/v2\/product"}],"about":[{"href":"https:\/\/www.fjpremium.com\/de\/wp-json\/wp\/v2\/types\/product"}],"wp:featuredmedia":[{"embeddable":true,"href":"https:\/\/www.fjpremium.com\/de\/wp-json\/wp\/v2\/media\/24279"}],"wp:attachment":[{"href":"https:\/\/www.fjpremium.com\/de\/wp-json\/wp\/v2\/media?parent=24277"}],"wp:term":[{"taxonomy":"product_brand","embeddable":true,"href":"https:\/\/www.fjpremium.com\/de\/wp-json\/wp\/v2\/product_brand?post=24277"},{"taxonomy":"product_cat","embeddable":true,"href":"https:\/\/www.fjpremium.com\/de\/wp-json\/wp\/v2\/product_cat?post=24277"},{"taxonomy":"product_tag","embeddable":true,"href":"https:\/\/www.fjpremium.com\/de\/wp-json\/wp\/v2\/product_tag?post=24277"}],"curies":[{"name":"wp","href":"https:\/\/api.w.org\/{rel}","templated":true}]}}