{"id":24271,"date":"2024-01-16T15:43:10","date_gmt":"2024-01-16T07:43:10","guid":{"rendered":"https:\/\/www.fjpremium.com\/?post_type=product&#038;p=24271"},"modified":"2024-03-21T13:58:29","modified_gmt":"2024-03-21T05:58:29","slug":"mini-hdmi-to-hdmi-panel-mount-cable","status":"publish","type":"product","link":"https:\/\/www.fjpremium.com\/de\/product\/mini-hdmi-to-hdmi-panel-mount-cable\/","title":{"rendered":"Mini-HDMI-auf-HDMI-Panel-Mount-Kabel, Verl\u00e4ngerungskabel Stecker auf Buchse"},"content":{"rendered":"<p>Wir stellen Ihnen unser Mini-HDMI-zu-HDMI-Panelmontagekabel vor, Ihr Schl\u00fcssel zu nahtloser Konnektivit\u00e4t. Mit einem Mini-HDMI-Stecker an einem Ende und einer HDMI-Buchse am anderen Ende k\u00f6nnen Sie eine erstklassige Signal\u00fcbertragung erwarten.<\/p>\n<p>Dieses Kabel besteht aus einem blanken Kupferleiter und ist mit Aluminiumfolie und -geflecht abgeschirmt. Es gew\u00e4hrleistet Zuverl\u00e4ssigkeit. Umh\u00fcllt von einer robusten PVC-Ummantelung ist es auf Langlebigkeit ausgelegt.<\/p>\n<p>Erleben Sie atemberaubende Videoaufl\u00f6sungen von bis zu 4K@50\/60 (2160p) mit Unterst\u00fctzung f\u00fcr 3D-Video, Deep Color und xv Color\u2122. Erweitern Sie Ihr Multimedia-Erlebnis noch heute mit unserem Mini-HDMI-zu-HDMI-Panelmontagekabel.<\/p>\n<p>Seine Spezifikationen:<\/p>\n<ul>\n<li>Anschluss 1: Mini-HDMI-Stecker, vergoldet<\/li>\n<li>Anschluss 2: HDMI-Buchse mit Schraubverschluss, vergoldet<\/li>\n<li>Mutter und Schraube Typ: M3 vernickelt<\/li>\n<li>Lochabstand: 29\u00b11mm<\/li>\n<li>Kabelleitung: Blankes Kupfer<\/li>\n<li>Isolierung: Gesch\u00e4umte PE-Haut\/HDPE<\/li>\n<li>Drahtst\u00e4rke: 30AWG<\/li>\n<li>Au\u00dfendurchmesser: 5,5 mm<\/li>\n<li>Abschirmung: Aluminiumfolie, Geflecht<\/li>\n<li>Geh\u00e4use: Spritzgie\u00dfen<\/li>\n<li>Mantel: PVC<\/li>\n<li>Bandbreite bis zu 18Gbps<\/li>\n<li>4K@50\/60 (2160p), das ist die 4-fache Klarheit einer 1080p\/60-Videoaufl\u00f6sung<\/li>\n<li>3D-Video, Deep Color und x.v. Color\u2122<\/li>\n<li>Einhaltung der Vorschriften: RoHS, REACH<\/li>\n<\/ul>","protected":false},"excerpt":{"rendered":"<p>Hochgeschwindigkeits-Mini-HDMI-auf-HDMI-Panel-Mount-Kabel, Stecker-auf-Buchse-Adapterkabel mit Schraubverschluss, 0,2 m<\/p>","protected":false},"featured_media":24276,"template":"","meta":{"_acf_changed":false,"_seopress_robots_primary_cat":"","_seopress_titles_title":"Mini HDMI to HDMI Panel Mount Cable- Farsince","_seopress_titles_desc":"","_seopress_robots_index":"","site-sidebar-layout":"default","site-content-layout":"default","ast-site-content-layout":"default","site-content-style":"default","site-sidebar-style":"default","ast-global-header-display":"","ast-banner-title-visibility":"","ast-main-header-display":"","ast-hfb-above-header-display":"","ast-hfb-below-header-display":"","ast-hfb-mobile-header-display":"","site-post-title":"","ast-breadcrumbs-content":"","ast-featured-img":"","footer-sml-layout":"","ast-disable-related-posts":"","theme-transparent-header-meta":"default","adv-header-id-meta":"","stick-header-meta":"","header-above-stick-meta":"","header-main-stick-meta":"","header-below-stick-meta":"","astra-migrate-meta-layouts":"set","ast-page-background-enabled":"default","ast-page-background-meta":{"desktop":{"background-color":"","background-image":"","background-repeat":"repeat","background-position":"center center","background-size":"auto","background-attachment":"scroll","background-type":"","background-media":"","overlay-type":"","overlay-color":"","overlay-opacity":"","overlay-gradient":""},"tablet":{"background-color":"","background-image":"","background-repeat":"repeat","background-position":"center center","background-size":"auto","background-attachment":"scroll","background-type":"","background-media":"","overlay-type":"","overlay-color":"","overlay-opacity":"","overlay-gradient":""},"mobile":{"background-color":"","background-image":"","background-repeat":"repeat","background-position":"center center","background-size":"auto","background-attachment":"scroll","background-type":"","background-media":"","overlay-type":"","overlay-color":"","overlay-opacity":"","overlay-gradient":""}},"ast-content-background-meta":{"desktop":{"background-color":"var(--ast-global-color-5)","background-image":"","background-repeat":"repeat","background-position":"center center","background-size":"auto","background-attachment":"scroll","background-type":"","background-media":"","overlay-type":"","overlay-color":"","overlay-opacity":"","overlay-gradient":""},"tablet":{"background-color":"var(--ast-global-color-5)","background-image":"","background-repeat":"repeat","background-position":"center center","background-size":"auto","background-attachment":"scroll","background-type":"","background-media":"","overlay-type":"","overlay-color":"","overlay-opacity":"","overlay-gradient":""},"mobile":{"background-color":"var(--ast-global-color-5)","background-image":"","background-repeat":"repeat","background-position":"center center","background-size":"auto","background-attachment":"scroll","background-type":"","background-media":"","overlay-type":"","overlay-color":"","overlay-opacity":"","overlay-gradient":""}},"iawp_total_views":48},"product_brand":[],"product_cat":[238,678],"product_tag":[],"class_list":{"0":"post-24271","1":"product","2":"type-product","3":"status-publish","4":"has-post-thumbnail","6":"product_cat-panel-mount","7":"product_cat-panel-mount-cables","8":"desktop-align-left","9":"tablet-align-left","10":"mobile-align-left","12":"first","13":"instock","14":"shipping-taxable","15":"purchasable","16":"product-type-simple"},"acf":[],"_links":{"self":[{"href":"https:\/\/www.fjpremium.com\/de\/wp-json\/wp\/v2\/product\/24271","targetHints":{"allow":["GET"]}}],"collection":[{"href":"https:\/\/www.fjpremium.com\/de\/wp-json\/wp\/v2\/product"}],"about":[{"href":"https:\/\/www.fjpremium.com\/de\/wp-json\/wp\/v2\/types\/product"}],"wp:featuredmedia":[{"embeddable":true,"href":"https:\/\/www.fjpremium.com\/de\/wp-json\/wp\/v2\/media\/24276"}],"wp:attachment":[{"href":"https:\/\/www.fjpremium.com\/de\/wp-json\/wp\/v2\/media?parent=24271"}],"wp:term":[{"taxonomy":"product_brand","embeddable":true,"href":"https:\/\/www.fjpremium.com\/de\/wp-json\/wp\/v2\/product_brand?post=24271"},{"taxonomy":"product_cat","embeddable":true,"href":"https:\/\/www.fjpremium.com\/de\/wp-json\/wp\/v2\/product_cat?post=24271"},{"taxonomy":"product_tag","embeddable":true,"href":"https:\/\/www.fjpremium.com\/de\/wp-json\/wp\/v2\/product_tag?post=24271"}],"curies":[{"name":"wp","href":"https:\/\/api.w.org\/{rel}","templated":true}]}}