{"id":24260,"date":"2024-01-16T15:17:19","date_gmt":"2024-01-16T07:17:19","guid":{"rendered":"https:\/\/www.fjpremium.com\/?post_type=product&#038;p=24260"},"modified":"2024-03-21T11:11:37","modified_gmt":"2024-03-21T03:11:37","slug":"8k-45-angle-hdmi-panel-mount-extension-cable","status":"publish","type":"product","link":"https:\/\/www.fjpremium.com\/de\/product\/8k-45-angle-hdmi-panel-mount-extension-cable\/","title":{"rendered":"8K 45\u00b0 Winkel HDMI Panel Mount Verl\u00e4ngerungskabel, Stecker zu Buchse"},"content":{"rendered":"<p>Erweitern Sie Ihre Konnektivit\u00e4t mit unserem 8K-HDMI-Verl\u00e4ngerungskabel f\u00fcr die Panelmontage im 45\u00b0-Winkel. Mit einem vergoldeten Stecker an einem Ende und einer 45-Grad-Buchse mit sicherer vernickelter M3-Schraubverriegelung am anderen Ende ist die Installation ein Kinderspiel.<\/p>\n<p>Mit einem blanken Kupferleiter und einem Drahtquerschnitt von 28+30 AWG k\u00f6nnen Sie eine erstklassige Signalqualit\u00e4t erwarten. Abgeschirmt mit Aluminiumfolie und -geflecht und umh\u00fcllt von einem robusten PVC-Mantel ist Zuverl\u00e4ssigkeit garantiert.<\/p>\n<p>Genie\u00dfen Sie atemberaubende Videoaufl\u00f6sungen von bis zu 8K@60Hz und eine beeindruckende Bandbreite von 48 Gbit\/s. Genie\u00dfen Sie au\u00dferdem 3D-Video, Deep Color und xv Color\u2122-Unterst\u00fctzung f\u00fcr ein wirklich beeindruckendes Erlebnis. Erweitern Sie noch heute Ihr Multimedia-Setup!<\/p>\n<p>Seine Spezifikationen:<\/p>\n<ul>\n<li>Anschluss 1: HDMI 2.1 Stecker, vergoldet<\/li>\n<li>Stecker 2: 45\u00b0 Winkel HDMI 2.1 Buchse mit Schraubverriegelung, vergoldet<\/li>\n<li>Mutter und Schraube Typ: M3 vernickelt<\/li>\n<li>Kabelleitung: Blankes Kupfer<\/li>\n<li>Lochabstand: 25\u00b11mm<\/li>\n<li>Drahtst\u00e4rke: 28+30AWG<\/li>\n<li>Au\u00dfendurchmesser: 7,3 mm<\/li>\n<li>Abschirmung: Aluminiumfolie, Geflecht<\/li>\n<li>Geh\u00e4use: Spritzgie\u00dfen<\/li>\n<li>Mantel: PVC<\/li>\n<li>Bandbreite bis zu 48Gbps<\/li>\n<li>Videoaufl\u00f6sung bis zu 8K@60Hz<\/li>\n<li>3D-Video, Deep Color und x.v. Color\u2122<\/li>\n<li>Einhaltung der Vorschriften: RoHS, REACH<\/li>\n<\/ul>","protected":false},"excerpt":{"rendered":"<p>High Speed 8K 45\u00b0 Winkel HDMI Panel Mount Verl\u00e4ngerungskabel, Stecker auf Buchse Adapterkabel mit Schraubverschluss, 0.2M<\/p>","protected":false},"featured_media":24262,"template":"","meta":{"_acf_changed":false,"_seopress_robots_primary_cat":"","_seopress_titles_title":"8K 45\u00b0 Angle HDMI Panel Mount Extension Cable- Farsince","_seopress_titles_desc":"","_seopress_robots_index":"","site-sidebar-layout":"default","site-content-layout":"default","ast-site-content-layout":"default","site-content-style":"default","site-sidebar-style":"default","ast-global-header-display":"","ast-banner-title-visibility":"","ast-main-header-display":"","ast-hfb-above-header-display":"","ast-hfb-below-header-display":"","ast-hfb-mobile-header-display":"","site-post-title":"","ast-breadcrumbs-content":"","ast-featured-img":"","footer-sml-layout":"","ast-disable-related-posts":"","theme-transparent-header-meta":"default","adv-header-id-meta":"","stick-header-meta":"","header-above-stick-meta":"","header-main-stick-meta":"","header-below-stick-meta":"","astra-migrate-meta-layouts":"set","ast-page-background-enabled":"default","ast-page-background-meta":{"desktop":{"background-color":"","background-image":"","background-repeat":"repeat","background-position":"center center","background-size":"auto","background-attachment":"scroll","background-type":"","background-media":"","overlay-type":"","overlay-color":"","overlay-opacity":"","overlay-gradient":""},"tablet":{"background-color":"","background-image":"","background-repeat":"repeat","background-position":"center center","background-size":"auto","background-attachment":"scroll","background-type":"","background-media":"","overlay-type":"","overlay-color":"","overlay-opacity":"","overlay-gradient":""},"mobile":{"background-color":"","background-image":"","background-repeat":"repeat","background-position":"center center","background-size":"auto","background-attachment":"scroll","background-type":"","background-media":"","overlay-type":"","overlay-color":"","overlay-opacity":"","overlay-gradient":""}},"ast-content-background-meta":{"desktop":{"background-color":"var(--ast-global-color-5)","background-image":"","background-repeat":"repeat","background-position":"center center","background-size":"auto","background-attachment":"scroll","background-type":"","background-media":"","overlay-type":"","overlay-color":"","overlay-opacity":"","overlay-gradient":""},"tablet":{"background-color":"var(--ast-global-color-5)","background-image":"","background-repeat":"repeat","background-position":"center center","background-size":"auto","background-attachment":"scroll","background-type":"","background-media":"","overlay-type":"","overlay-color":"","overlay-opacity":"","overlay-gradient":""},"mobile":{"background-color":"var(--ast-global-color-5)","background-image":"","background-repeat":"repeat","background-position":"center center","background-size":"auto","background-attachment":"scroll","background-type":"","background-media":"","overlay-type":"","overlay-color":"","overlay-opacity":"","overlay-gradient":""}},"iawp_total_views":9},"product_brand":[],"product_cat":[238,678],"product_tag":[],"class_list":{"0":"post-24260","1":"product","2":"type-product","3":"status-publish","4":"has-post-thumbnail","6":"product_cat-panel-mount","7":"product_cat-panel-mount-cables","8":"desktop-align-left","9":"tablet-align-left","10":"mobile-align-left","12":"first","13":"instock","14":"shipping-taxable","15":"purchasable","16":"product-type-simple"},"acf":[],"_links":{"self":[{"href":"https:\/\/www.fjpremium.com\/de\/wp-json\/wp\/v2\/product\/24260","targetHints":{"allow":["GET"]}}],"collection":[{"href":"https:\/\/www.fjpremium.com\/de\/wp-json\/wp\/v2\/product"}],"about":[{"href":"https:\/\/www.fjpremium.com\/de\/wp-json\/wp\/v2\/types\/product"}],"wp:featuredmedia":[{"embeddable":true,"href":"https:\/\/www.fjpremium.com\/de\/wp-json\/wp\/v2\/media\/24262"}],"wp:attachment":[{"href":"https:\/\/www.fjpremium.com\/de\/wp-json\/wp\/v2\/media?parent=24260"}],"wp:term":[{"taxonomy":"product_brand","embeddable":true,"href":"https:\/\/www.fjpremium.com\/de\/wp-json\/wp\/v2\/product_brand?post=24260"},{"taxonomy":"product_cat","embeddable":true,"href":"https:\/\/www.fjpremium.com\/de\/wp-json\/wp\/v2\/product_cat?post=24260"},{"taxonomy":"product_tag","embeddable":true,"href":"https:\/\/www.fjpremium.com\/de\/wp-json\/wp\/v2\/product_tag?post=24260"}],"curies":[{"name":"wp","href":"https:\/\/api.w.org\/{rel}","templated":true}]}}