{"id":24235,"date":"2024-01-16T14:09:14","date_gmt":"2024-01-16T06:09:14","guid":{"rendered":"https:\/\/www.fjpremium.com\/?post_type=product&#038;p=24235"},"modified":"2024-05-14T17:20:30","modified_gmt":"2024-05-14T09:20:30","slug":"3-5mm-panel-mount-cable-male-to-female","status":"publish","type":"product","link":"https:\/\/www.fjpremium.com\/de\/product\/3-5mm-panel-mount-cable-male-to-female\/","title":{"rendered":"3,5-mm-Kabel f\u00fcr Schaltschrankmontage, Stecker auf Buchse"},"content":{"rendered":"<p>Wir pr\u00e4sentieren das 3,5-mm-Panelmontagekabel von FARSINCE \u2013 die perfekte L\u00f6sung f\u00fcr nahtlose Audioverbindungen.<\/p>\n<p>Dieses Kabel mit einem Stecker und einem Buchsenstecker verf\u00fcgt \u00fcber vernickelte Anschl\u00fcsse und blanke Kupferleiter und gew\u00e4hrleistet so eine zuverl\u00e4ssige Signal\u00fcbertragung.<\/p>\n<p>Mit einem Au\u00dfendurchmesser von 3,5 mm, einem spritzgegossenen Geh\u00e4use und einer PVC-Ummantelung ist es sowohl langlebig als auch flexibel. Vertrauen Sie f\u00fcr erstklassige Leistung auf das FARSINCE-Kabel, das ideal f\u00fcr verschiedene Audio-Setups ist.<\/p>\n<p>Seine Spezifikationen:<\/p>\n<ul>\n<li>Stecker 1: 3,5 mm Stecker, vernickelt<\/li>\n<li>Stecker 2: 3,5mm Buchse mit Schraube, vernickelt<\/li>\n<li>Kabelleitung: Blankes Kupfer<\/li>\n<li>Drahtst\u00e4rke: 26AWG Kupfer<\/li>\n<li>Au\u00dfendurchmesser: 3,5 mm<\/li>\n<li>Geh\u00e4use: Spritzgie\u00dfen<\/li>\n<li>Mantel: PVC<\/li>\n<li>Einhaltung der Vorschriften: RoHS, REACH<\/li>\n<\/ul>","protected":false},"excerpt":{"rendered":"<p>3,5-mm-Kabel zur Schalttafelmontage mit Schraube, Stecker auf Buchse, 0,2\u00a0m. Die perfekte L\u00f6sung f\u00fcr nahtlose Audioverbindungen.<\/p>","protected":false},"featured_media":24236,"template":"","meta":{"_acf_changed":false,"_seopress_robots_primary_cat":"none","_seopress_titles_title":"3.5mm Panel Mount Cable, Male to Female- Farsince","_seopress_titles_desc":"","_seopress_robots_index":"","site-sidebar-layout":"default","site-content-layout":"default","ast-site-content-layout":"default","site-content-style":"default","site-sidebar-style":"default","ast-global-header-display":"","ast-banner-title-visibility":"","ast-main-header-display":"","ast-hfb-above-header-display":"","ast-hfb-below-header-display":"","ast-hfb-mobile-header-display":"","site-post-title":"","ast-breadcrumbs-content":"","ast-featured-img":"","footer-sml-layout":"","ast-disable-related-posts":"","theme-transparent-header-meta":"default","adv-header-id-meta":"","stick-header-meta":"","header-above-stick-meta":"","header-main-stick-meta":"","header-below-stick-meta":"","astra-migrate-meta-layouts":"set","ast-page-background-enabled":"default","ast-page-background-meta":{"desktop":{"background-color":"","background-image":"","background-repeat":"repeat","background-position":"center center","background-size":"auto","background-attachment":"scroll","background-type":"","background-media":"","overlay-type":"","overlay-color":"","overlay-opacity":"","overlay-gradient":""},"tablet":{"background-color":"","background-image":"","background-repeat":"repeat","background-position":"center center","background-size":"auto","background-attachment":"scroll","background-type":"","background-media":"","overlay-type":"","overlay-color":"","overlay-opacity":"","overlay-gradient":""},"mobile":{"background-color":"","background-image":"","background-repeat":"repeat","background-position":"center center","background-size":"auto","background-attachment":"scroll","background-type":"","background-media":"","overlay-type":"","overlay-color":"","overlay-opacity":"","overlay-gradient":""}},"ast-content-background-meta":{"desktop":{"background-color":"var(--ast-global-color-5)","background-image":"","background-repeat":"repeat","background-position":"center center","background-size":"auto","background-attachment":"scroll","background-type":"","background-media":"","overlay-type":"","overlay-color":"","overlay-opacity":"","overlay-gradient":""},"tablet":{"background-color":"var(--ast-global-color-5)","background-image":"","background-repeat":"repeat","background-position":"center center","background-size":"auto","background-attachment":"scroll","background-type":"","background-media":"","overlay-type":"","overlay-color":"","overlay-opacity":"","overlay-gradient":""},"mobile":{"background-color":"var(--ast-global-color-5)","background-image":"","background-repeat":"repeat","background-position":"center center","background-size":"auto","background-attachment":"scroll","background-type":"","background-media":"","overlay-type":"","overlay-color":"","overlay-opacity":"","overlay-gradient":""}},"iawp_total_views":3},"product_brand":[],"product_cat":[238,678],"product_tag":[],"class_list":{"0":"post-24235","1":"product","2":"type-product","3":"status-publish","4":"has-post-thumbnail","6":"product_cat-panel-mount","7":"product_cat-panel-mount-cables","8":"desktop-align-left","9":"tablet-align-left","10":"mobile-align-left","12":"first","13":"instock","14":"shipping-taxable","15":"purchasable","16":"product-type-simple"},"acf":[],"_links":{"self":[{"href":"https:\/\/www.fjpremium.com\/de\/wp-json\/wp\/v2\/product\/24235","targetHints":{"allow":["GET"]}}],"collection":[{"href":"https:\/\/www.fjpremium.com\/de\/wp-json\/wp\/v2\/product"}],"about":[{"href":"https:\/\/www.fjpremium.com\/de\/wp-json\/wp\/v2\/types\/product"}],"wp:featuredmedia":[{"embeddable":true,"href":"https:\/\/www.fjpremium.com\/de\/wp-json\/wp\/v2\/media\/24236"}],"wp:attachment":[{"href":"https:\/\/www.fjpremium.com\/de\/wp-json\/wp\/v2\/media?parent=24235"}],"wp:term":[{"taxonomy":"product_brand","embeddable":true,"href":"https:\/\/www.fjpremium.com\/de\/wp-json\/wp\/v2\/product_brand?post=24235"},{"taxonomy":"product_cat","embeddable":true,"href":"https:\/\/www.fjpremium.com\/de\/wp-json\/wp\/v2\/product_cat?post=24235"},{"taxonomy":"product_tag","embeddable":true,"href":"https:\/\/www.fjpremium.com\/de\/wp-json\/wp\/v2\/product_tag?post=24235"}],"curies":[{"name":"wp","href":"https:\/\/api.w.org\/{rel}","templated":true}]}}