{"id":24183,"date":"2023-12-21T09:32:09","date_gmt":"2023-12-21T01:32:09","guid":{"rendered":"https:\/\/www.fjpremium.com\/?post_type=product&#038;p=24183"},"modified":"2023-12-21T10:45:30","modified_gmt":"2023-12-21T02:45:30","slug":"hdmi-to-scart-video-cable","status":"publish","type":"product","link":"https:\/\/www.fjpremium.com\/de\/product\/hdmi-to-scart-video-cable\/","title":{"rendered":"HDMI-zu-Scart-Videokabel unterst\u00fctzt eine Aufl\u00f6sung von bis zu 1080P"},"content":{"rendered":"<p>FARSINCE HDMI zu SCART Konverter kann HDMI Signal in SCART Video Signal oder Audio konvertieren. Hilfe Benutzer konvertieren von HDMI-Video-Signal zu SCART-Signal (Standard-Definition 480i, 576i).<\/p>\n<p>Unterst\u00fctzt DVI-System-Signale, die den Benutzern helfen k\u00f6nnen, hochwertige HDMI-Signale in gew\u00f6hnliche CVBS-Signale (Standardaufl\u00f6sung 480i, 576i) umzuwandeln, die auf CRT-Fernsehern, VHS-Recordern, DVD-Recordern usw. wiedergegeben werden k\u00f6nnen, und unterst\u00fctzt NTSC und PAL Zwei Standard-TV-Mechanismus-Ausg\u00e4nge.<\/p>\n<p>Seine Spezifikationen:<\/p>\n<ul>\n<li>Eingang: HDMI A Stecker, vergoldet<\/li>\n<li>Ausgang: Scart-Stecker, vergoldet<\/li>\n<li>Kabel-Leiter: Blanke Kupfer<\/li>\n<li>Dreifache Abschirmung: Einzelpaar Aluminiumfolie, Gesamtaluminiumfolie, Geflecht<\/li>\n<li>Mantel: PVC<\/li>\n<li>Geh\u00e4use: Spritzgussform<\/li>\n<li>Unterst\u00fctzt eine Aufl\u00f6sung von bis zu 1080P<\/li>\n<li>HDMI Maximale \u00dcbertragungsgeschwindigkeit 10,2 Gbps<\/li>\n<li>Konform: RoHS, REACH<\/li>\n<\/ul>","protected":false},"excerpt":{"rendered":"<p>HDMI zu SCART Konverter f\u00fcr TV, Scart Konverter mit Scart und HDMi Kabel 1080p HD HDMI Eingang zu SCART Ausgang f\u00fcr TV Blue-Ray DVD<\/p>","protected":false},"featured_media":24186,"template":"","meta":{"_acf_changed":false,"_seopress_robots_primary_cat":"","_seopress_titles_title":"HDMI to Scart video Cable - Farsince","_seopress_titles_desc":"","_seopress_robots_index":"","site-sidebar-layout":"default","site-content-layout":"default","ast-site-content-layout":"default","site-content-style":"default","site-sidebar-style":"default","ast-global-header-display":"","ast-banner-title-visibility":"","ast-main-header-display":"","ast-hfb-above-header-display":"","ast-hfb-below-header-display":"","ast-hfb-mobile-header-display":"","site-post-title":"","ast-breadcrumbs-content":"","ast-featured-img":"","footer-sml-layout":"","ast-disable-related-posts":"","theme-transparent-header-meta":"default","adv-header-id-meta":"","stick-header-meta":"","header-above-stick-meta":"","header-main-stick-meta":"","header-below-stick-meta":"","astra-migrate-meta-layouts":"set","ast-page-background-enabled":"default","ast-page-background-meta":{"desktop":{"background-color":"","background-image":"","background-repeat":"repeat","background-position":"center center","background-size":"auto","background-attachment":"scroll","background-type":"","background-media":"","overlay-type":"","overlay-color":"","overlay-opacity":"","overlay-gradient":""},"tablet":{"background-color":"","background-image":"","background-repeat":"repeat","background-position":"center center","background-size":"auto","background-attachment":"scroll","background-type":"","background-media":"","overlay-type":"","overlay-color":"","overlay-opacity":"","overlay-gradient":""},"mobile":{"background-color":"","background-image":"","background-repeat":"repeat","background-position":"center center","background-size":"auto","background-attachment":"scroll","background-type":"","background-media":"","overlay-type":"","overlay-color":"","overlay-opacity":"","overlay-gradient":""}},"ast-content-background-meta":{"desktop":{"background-color":"var(--ast-global-color-5)","background-image":"","background-repeat":"repeat","background-position":"center center","background-size":"auto","background-attachment":"scroll","background-type":"","background-media":"","overlay-type":"","overlay-color":"","overlay-opacity":"","overlay-gradient":""},"tablet":{"background-color":"var(--ast-global-color-5)","background-image":"","background-repeat":"repeat","background-position":"center center","background-size":"auto","background-attachment":"scroll","background-type":"","background-media":"","overlay-type":"","overlay-color":"","overlay-opacity":"","overlay-gradient":""},"mobile":{"background-color":"var(--ast-global-color-5)","background-image":"","background-repeat":"repeat","background-position":"center center","background-size":"auto","background-attachment":"scroll","background-type":"","background-media":"","overlay-type":"","overlay-color":"","overlay-opacity":"","overlay-gradient":""}},"iawp_total_views":10},"product_brand":[],"product_cat":[211,638],"product_tag":[],"class_list":{"0":"post-24183","1":"product","2":"type-product","3":"status-publish","4":"has-post-thumbnail","6":"product_cat-hdmi","7":"product_cat-hdmi-cables","8":"desktop-align-left","9":"tablet-align-left","10":"mobile-align-left","12":"first","13":"instock","14":"shipping-taxable","15":"purchasable","16":"product-type-simple"},"acf":[],"_links":{"self":[{"href":"https:\/\/www.fjpremium.com\/de\/wp-json\/wp\/v2\/product\/24183","targetHints":{"allow":["GET"]}}],"collection":[{"href":"https:\/\/www.fjpremium.com\/de\/wp-json\/wp\/v2\/product"}],"about":[{"href":"https:\/\/www.fjpremium.com\/de\/wp-json\/wp\/v2\/types\/product"}],"wp:featuredmedia":[{"embeddable":true,"href":"https:\/\/www.fjpremium.com\/de\/wp-json\/wp\/v2\/media\/24186"}],"wp:attachment":[{"href":"https:\/\/www.fjpremium.com\/de\/wp-json\/wp\/v2\/media?parent=24183"}],"wp:term":[{"taxonomy":"product_brand","embeddable":true,"href":"https:\/\/www.fjpremium.com\/de\/wp-json\/wp\/v2\/product_brand?post=24183"},{"taxonomy":"product_cat","embeddable":true,"href":"https:\/\/www.fjpremium.com\/de\/wp-json\/wp\/v2\/product_cat?post=24183"},{"taxonomy":"product_tag","embeddable":true,"href":"https:\/\/www.fjpremium.com\/de\/wp-json\/wp\/v2\/product_tag?post=24183"}],"curies":[{"name":"wp","href":"https:\/\/api.w.org\/{rel}","templated":true}]}}