{"id":24143,"date":"2023-12-08T13:34:31","date_gmt":"2023-12-08T05:34:31","guid":{"rendered":"https:\/\/www.fjpremium.com\/?post_type=product&#038;p=24143"},"modified":"2023-12-14T13:51:03","modified_gmt":"2023-12-14T05:51:03","slug":"thin-and-flexible-8k-hdmi-2-1-cable","status":"publish","type":"product","link":"https:\/\/www.fjpremium.com\/de\/product\/thin-and-flexible-8k-hdmi-2-1-cable\/","title":{"rendered":"D\u00fcnnes und flexibles Hochgeschwindigkeits-8K-HDMI-2.1-Kabel"},"content":{"rendered":"<p>Das d\u00fcnne und flexible FARSINCE High Speed 8K HDMI 2.1 Kabel eignet sich hervorragend f\u00fcr hohe Aufl\u00f6sungen wie 8K @60Hz und 4K@120Hz, ist abw\u00e4rtskompatibel mit fr\u00fcheren HDMI-Versionen, die Bandbreite wurde auf 48Gbps erh\u00f6ht und bietet Unterst\u00fctzung f\u00fcr Dynamic HDR und eARC. Weitere Funktionen sind Auto Low-Latency Mode (ALLM), Variable Refresh Rate (VRR), Quick Frame Transport (QFT) und Quick Media Switching (QMS).<\/p>\n<p>Seine Spezifikationen:<\/p>\n<ul>\n<li>Anschluss 1: HDMI 2.1 Stecker, 24K vergoldet<\/li>\n<li>Anschluss 2: HDMI 2.1 Stecker, 24K vergoldet<\/li>\n<li>Kabelleitung: Verzinntes Kupfer<\/li>\n<li>Kabelquerschnitt: 34AWG schlanke Leitung<\/li>\n<li>Dreifache Abschirmung: Einzelpaar Aluminiumfolie, Gesamtaluminiumfolie, Geflecht<\/li>\n<li>Mantel: PVC<\/li>\n<li>Geh\u00e4use: Aluminium-Schale<\/li>\n<li>Aufl\u00f6sung bis zu: 7680 x 4320 @ 60 Hz \/ 5120 x 2880 @ 120 Hz \/ 3840 x 2160 @ 240 Hz<\/li>\n<li>Daten\u00fcbertragungsrate bis zu 48 Gbps<\/li>\n<li>3D-Unterst\u00fctzung: bis zu 3840 x 2160 @ 120 Hz<\/li>\n<li>Unterst\u00fctzt Display Stream Compression 1.2 (DSC), Dolby\u00ae Vision, Dynamic HDR, Game Mode VRR, eARC<\/li>\n<li>Unterst\u00fctzt CEC 2.0 Steuerbefehle<\/li>\n<li>Unterst\u00fctzt Dolby\u00ae TrueHD und DTS-HD Master Audio\u2122<\/li>\n<li>Konform: RoHS, REACH<\/li>\n<\/ul>","protected":false},"excerpt":{"rendered":"<p>Langlebiges, doppelt geschirmtes Kabel mit hochwertigem Metallgeh\u00e4use Ultra High Speed 8K HDMI 2.1 Kabel unterst\u00fctzt Dynamic HDR, eARC, ALLM, VRR, QFT, QMS.<\/p>","protected":false},"featured_media":24145,"template":"","meta":{"_acf_changed":false,"_seopress_robots_primary_cat":"","_seopress_titles_title":"Thin and Flexible high speed 8K HDMI 2.1 Cable - Farsince","_seopress_titles_desc":"","_seopress_robots_index":"","site-sidebar-layout":"default","site-content-layout":"default","ast-site-content-layout":"default","site-content-style":"default","site-sidebar-style":"default","ast-global-header-display":"","ast-banner-title-visibility":"","ast-main-header-display":"","ast-hfb-above-header-display":"","ast-hfb-below-header-display":"","ast-hfb-mobile-header-display":"","site-post-title":"","ast-breadcrumbs-content":"","ast-featured-img":"","footer-sml-layout":"","ast-disable-related-posts":"","theme-transparent-header-meta":"default","adv-header-id-meta":"","stick-header-meta":"","header-above-stick-meta":"","header-main-stick-meta":"","header-below-stick-meta":"","astra-migrate-meta-layouts":"set","ast-page-background-enabled":"default","ast-page-background-meta":{"desktop":{"background-color":"","background-image":"","background-repeat":"repeat","background-position":"center center","background-size":"auto","background-attachment":"scroll","background-type":"","background-media":"","overlay-type":"","overlay-color":"","overlay-opacity":"","overlay-gradient":""},"tablet":{"background-color":"","background-image":"","background-repeat":"repeat","background-position":"center center","background-size":"auto","background-attachment":"scroll","background-type":"","background-media":"","overlay-type":"","overlay-color":"","overlay-opacity":"","overlay-gradient":""},"mobile":{"background-color":"","background-image":"","background-repeat":"repeat","background-position":"center center","background-size":"auto","background-attachment":"scroll","background-type":"","background-media":"","overlay-type":"","overlay-color":"","overlay-opacity":"","overlay-gradient":""}},"ast-content-background-meta":{"desktop":{"background-color":"var(--ast-global-color-5)","background-image":"","background-repeat":"repeat","background-position":"center center","background-size":"auto","background-attachment":"scroll","background-type":"","background-media":"","overlay-type":"","overlay-color":"","overlay-opacity":"","overlay-gradient":""},"tablet":{"background-color":"var(--ast-global-color-5)","background-image":"","background-repeat":"repeat","background-position":"center center","background-size":"auto","background-attachment":"scroll","background-type":"","background-media":"","overlay-type":"","overlay-color":"","overlay-opacity":"","overlay-gradient":""},"mobile":{"background-color":"var(--ast-global-color-5)","background-image":"","background-repeat":"repeat","background-position":"center center","background-size":"auto","background-attachment":"scroll","background-type":"","background-media":"","overlay-type":"","overlay-color":"","overlay-opacity":"","overlay-gradient":""}},"iawp_total_views":22},"product_brand":[],"product_cat":[211,638],"product_tag":[],"class_list":{"0":"post-24143","1":"product","2":"type-product","3":"status-publish","4":"has-post-thumbnail","6":"product_cat-hdmi","7":"product_cat-hdmi-cables","8":"desktop-align-left","9":"tablet-align-left","10":"mobile-align-left","12":"first","13":"instock","14":"shipping-taxable","15":"purchasable","16":"product-type-simple"},"acf":[],"_links":{"self":[{"href":"https:\/\/www.fjpremium.com\/de\/wp-json\/wp\/v2\/product\/24143","targetHints":{"allow":["GET"]}}],"collection":[{"href":"https:\/\/www.fjpremium.com\/de\/wp-json\/wp\/v2\/product"}],"about":[{"href":"https:\/\/www.fjpremium.com\/de\/wp-json\/wp\/v2\/types\/product"}],"wp:featuredmedia":[{"embeddable":true,"href":"https:\/\/www.fjpremium.com\/de\/wp-json\/wp\/v2\/media\/24145"}],"wp:attachment":[{"href":"https:\/\/www.fjpremium.com\/de\/wp-json\/wp\/v2\/media?parent=24143"}],"wp:term":[{"taxonomy":"product_brand","embeddable":true,"href":"https:\/\/www.fjpremium.com\/de\/wp-json\/wp\/v2\/product_brand?post=24143"},{"taxonomy":"product_cat","embeddable":true,"href":"https:\/\/www.fjpremium.com\/de\/wp-json\/wp\/v2\/product_cat?post=24143"},{"taxonomy":"product_tag","embeddable":true,"href":"https:\/\/www.fjpremium.com\/de\/wp-json\/wp\/v2\/product_tag?post=24143"}],"curies":[{"name":"wp","href":"https:\/\/api.w.org\/{rel}","templated":true}]}}