{"id":24130,"date":"2023-12-08T11:06:41","date_gmt":"2023-12-08T03:06:41","guid":{"rendered":"https:\/\/www.fjpremium.com\/?post_type=product&#038;p=24130"},"modified":"2023-12-14T13:45:42","modified_gmt":"2023-12-14T05:45:42","slug":"8k-micro-hdmi-adapter","status":"publish","type":"product","link":"https:\/\/www.fjpremium.com\/de\/product\/8k-micro-hdmi-adapter\/","title":{"rendered":"8K Micro HDMI Stecker auf HDMI Buchse, Micro HDMI Adapter"},"content":{"rendered":"<p>FARSINCE Mikro-HDMI-Stecker auf HDMI-Buchse kann verwendet werden, um HDMI-Ger\u00e4te wie Flachbildschirme usw. anzuschlie\u00dfen. Der Adapter kann auch als Port Saver verwendet werden, um die Schnittstelle in Anwendungen mit hoher Kontaktfestigkeit zu sch\u00fctzen.<\/p>\n<p>Dieser Micro HDMI Adapter unterst\u00fctzt Aufl\u00f6sungen bis zu 8K, einschlie\u00dflich 7680\u00d74320@60Hz, 4K@144Hz, 2K@240Hz, 1080P@240Hz.<\/p>\n<p>Seine Spezifikationen:<\/p>\n<ul>\n<li style=\"list-style-type: none;\">\n<ul>\n<li>Anschluss1: Micro HDMI Buchse, vergoldet<\/li>\n<li>Anschluss2: HDMI A Buchse, vergoldet<\/li>\n<li>Geh\u00e4use: Aluminium-Schale<\/li>\n<li>Daten\u00fcbertragungsrate bis zu 48 Gbps<\/li>\n<li>Aufl\u00f6sung bis zu 7680\u00d74320 @ 60 Hz<\/li>\n<li>Unterst\u00fctzt 1080p HFR (High Frame Rate) 3D<\/li>\n<li>Enth\u00e4lt einen Audio-R\u00fcckkanal (ARC)<\/li>\n<li>Konform: RoHS, REACH<\/li>\n<\/ul>\n<\/li>\n<\/ul>","protected":false},"excerpt":{"rendered":"<p>Mikro-HDMI-Stecker zu HDMI-Buchse-Koppler. Micro HDMI Adapter unterst\u00fctzt 8K@60Hz, 4K@144Hz.<\/p>","protected":false},"featured_media":24137,"template":"","meta":{"_acf_changed":false,"_seopress_robots_primary_cat":"","_seopress_titles_title":"8K Micro HDMI Male to HDMI Female coupler, Micro HDMI Adapter","_seopress_titles_desc":"","_seopress_robots_index":"","site-sidebar-layout":"default","site-content-layout":"default","ast-site-content-layout":"default","site-content-style":"default","site-sidebar-style":"default","ast-global-header-display":"","ast-banner-title-visibility":"","ast-main-header-display":"","ast-hfb-above-header-display":"","ast-hfb-below-header-display":"","ast-hfb-mobile-header-display":"","site-post-title":"","ast-breadcrumbs-content":"","ast-featured-img":"","footer-sml-layout":"","ast-disable-related-posts":"","theme-transparent-header-meta":"default","adv-header-id-meta":"","stick-header-meta":"","header-above-stick-meta":"","header-main-stick-meta":"","header-below-stick-meta":"","astra-migrate-meta-layouts":"set","ast-page-background-enabled":"default","ast-page-background-meta":{"desktop":{"background-color":"","background-image":"","background-repeat":"repeat","background-position":"center center","background-size":"auto","background-attachment":"scroll","background-type":"","background-media":"","overlay-type":"","overlay-color":"","overlay-opacity":"","overlay-gradient":""},"tablet":{"background-color":"","background-image":"","background-repeat":"repeat","background-position":"center center","background-size":"auto","background-attachment":"scroll","background-type":"","background-media":"","overlay-type":"","overlay-color":"","overlay-opacity":"","overlay-gradient":""},"mobile":{"background-color":"","background-image":"","background-repeat":"repeat","background-position":"center center","background-size":"auto","background-attachment":"scroll","background-type":"","background-media":"","overlay-type":"","overlay-color":"","overlay-opacity":"","overlay-gradient":""}},"ast-content-background-meta":{"desktop":{"background-color":"var(--ast-global-color-5)","background-image":"","background-repeat":"repeat","background-position":"center center","background-size":"auto","background-attachment":"scroll","background-type":"","background-media":"","overlay-type":"","overlay-color":"","overlay-opacity":"","overlay-gradient":""},"tablet":{"background-color":"var(--ast-global-color-5)","background-image":"","background-repeat":"repeat","background-position":"center center","background-size":"auto","background-attachment":"scroll","background-type":"","background-media":"","overlay-type":"","overlay-color":"","overlay-opacity":"","overlay-gradient":""},"mobile":{"background-color":"var(--ast-global-color-5)","background-image":"","background-repeat":"repeat","background-position":"center center","background-size":"auto","background-attachment":"scroll","background-type":"","background-media":"","overlay-type":"","overlay-color":"","overlay-opacity":"","overlay-gradient":""}},"iawp_total_views":10},"product_brand":[],"product_cat":[211,642],"product_tag":[],"class_list":{"0":"post-24130","1":"product","2":"type-product","3":"status-publish","4":"has-post-thumbnail","6":"product_cat-hdmi","7":"product_cat-hdmi-adapters","8":"desktop-align-left","9":"tablet-align-left","10":"mobile-align-left","12":"first","13":"instock","14":"shipping-taxable","15":"purchasable","16":"product-type-simple"},"acf":[],"_links":{"self":[{"href":"https:\/\/www.fjpremium.com\/de\/wp-json\/wp\/v2\/product\/24130","targetHints":{"allow":["GET"]}}],"collection":[{"href":"https:\/\/www.fjpremium.com\/de\/wp-json\/wp\/v2\/product"}],"about":[{"href":"https:\/\/www.fjpremium.com\/de\/wp-json\/wp\/v2\/types\/product"}],"wp:featuredmedia":[{"embeddable":true,"href":"https:\/\/www.fjpremium.com\/de\/wp-json\/wp\/v2\/media\/24137"}],"wp:attachment":[{"href":"https:\/\/www.fjpremium.com\/de\/wp-json\/wp\/v2\/media?parent=24130"}],"wp:term":[{"taxonomy":"product_brand","embeddable":true,"href":"https:\/\/www.fjpremium.com\/de\/wp-json\/wp\/v2\/product_brand?post=24130"},{"taxonomy":"product_cat","embeddable":true,"href":"https:\/\/www.fjpremium.com\/de\/wp-json\/wp\/v2\/product_cat?post=24130"},{"taxonomy":"product_tag","embeddable":true,"href":"https:\/\/www.fjpremium.com\/de\/wp-json\/wp\/v2\/product_tag?post=24130"}],"curies":[{"name":"wp","href":"https:\/\/api.w.org\/{rel}","templated":true}]}}