{"id":24116,"date":"2023-12-08T10:34:27","date_gmt":"2023-12-08T02:34:27","guid":{"rendered":"https:\/\/www.fjpremium.com\/?post_type=product&#038;p=24116"},"modified":"2023-12-14T13:45:44","modified_gmt":"2023-12-14T05:45:44","slug":"8k-2-1-angle-male-to-female-hdmi-adapter","status":"publish","type":"product","link":"https:\/\/www.fjpremium.com\/de\/product\/8k-2-1-angle-male-to-female-hdmi-adapter\/","title":{"rendered":"8K 2.1 Links Rechts Oben Unten Winkel Stecker zu Buchse HDMI Adapter Koppler"},"content":{"rendered":"<p>Dieser 8K 2.1 Left Right Up Down Angle Male to Female HDMI Adapter Coupler von FARSINCE kann an den weiblichen Port von HDMI-Ger\u00e4ten angeschlossen werden, wie z.B. HDMI-Ger\u00e4te. Flachbildschirm usw. 90\u00b0 nach oben. Auf diese Weise kann das HDMI-Kabel problemlos angeschlossen werden, auch wenn der vorhandene HDMI-Buchsenanschluss schwer zug\u00e4nglich ist.<\/p>\n<p>Dieser HDMI-Adapter mit Auf-\/Abw\u00e4rtswinkel unterst\u00fctzt Aufl\u00f6sungen bis 8K, einschlie\u00dflich 7680\u00d74320@60Hz, 4K@144Hz, 2K@240Hz, 1080P@240Hz.<\/p>\n<p>Farsince bieten verschiedene Arten von 8K HDMI 2.1 m\u00e4nnlich zu weiblichen Adapter einschlie\u00dflich gerade, linker Winkel, rechter Winkel, nach oben Winkel, nach unten Winkel Typ.<\/p>\n<p>Seine Spezifikationen:<\/p>\n<ul>\n<li style=\"list-style-type: none;\">\n<ul>\n<li>Anschluss1: HDMI A-Stecker mit Winkel nach oben\/unten, vergoldet<\/li>\n<li>Anschluss2: HDMI A Buchse, vergoldet<\/li>\n<li>Geh\u00e4use: Aluminium-Schale<\/li>\n<li>Aufl\u00f6sung bis zu 7680\u00d74320 @ 60 Hz<\/li>\n<li>Daten\u00fcbertragungsrate bis zu 48 Gbps<\/li>\n<li>Unterst\u00fctzt 1080p HFR (High Frame Rate) 3D<\/li>\n<li>Enth\u00e4lt einen Audio-R\u00fcckkanal (ARC)<\/li>\n<li>Konform: RoHS, REACH<\/li>\n<\/ul>\n<\/li>\n<\/ul>","protected":false},"excerpt":{"rendered":"<p>Die abgewinkelten HDMI-Adapter (Stecker auf Buchse) vermeiden das Knicken von HDMI-Kabeln und entlasten die HDMI-Anschl\u00fcsse, um die Lebensdauer Ihres Ger\u00e4ts und HDMI-Kabels zu verl\u00e4ngern.<\/p>","protected":false},"featured_media":24117,"template":"","meta":{"_acf_changed":false,"_seopress_robots_primary_cat":"","_seopress_titles_title":"8K 2.1 Left Right Up Down Angle Male to Female HDMI Adapter","_seopress_titles_desc":"","_seopress_robots_index":"","site-sidebar-layout":"default","site-content-layout":"default","ast-site-content-layout":"default","site-content-style":"default","site-sidebar-style":"default","ast-global-header-display":"","ast-banner-title-visibility":"","ast-main-header-display":"","ast-hfb-above-header-display":"","ast-hfb-below-header-display":"","ast-hfb-mobile-header-display":"","site-post-title":"","ast-breadcrumbs-content":"","ast-featured-img":"","footer-sml-layout":"","ast-disable-related-posts":"","theme-transparent-header-meta":"default","adv-header-id-meta":"","stick-header-meta":"","header-above-stick-meta":"","header-main-stick-meta":"","header-below-stick-meta":"","astra-migrate-meta-layouts":"set","ast-page-background-enabled":"default","ast-page-background-meta":{"desktop":{"background-color":"","background-image":"","background-repeat":"repeat","background-position":"center center","background-size":"auto","background-attachment":"scroll","background-type":"","background-media":"","overlay-type":"","overlay-color":"","overlay-opacity":"","overlay-gradient":""},"tablet":{"background-color":"","background-image":"","background-repeat":"repeat","background-position":"center center","background-size":"auto","background-attachment":"scroll","background-type":"","background-media":"","overlay-type":"","overlay-color":"","overlay-opacity":"","overlay-gradient":""},"mobile":{"background-color":"","background-image":"","background-repeat":"repeat","background-position":"center center","background-size":"auto","background-attachment":"scroll","background-type":"","background-media":"","overlay-type":"","overlay-color":"","overlay-opacity":"","overlay-gradient":""}},"ast-content-background-meta":{"desktop":{"background-color":"var(--ast-global-color-5)","background-image":"","background-repeat":"repeat","background-position":"center center","background-size":"auto","background-attachment":"scroll","background-type":"","background-media":"","overlay-type":"","overlay-color":"","overlay-opacity":"","overlay-gradient":""},"tablet":{"background-color":"var(--ast-global-color-5)","background-image":"","background-repeat":"repeat","background-position":"center center","background-size":"auto","background-attachment":"scroll","background-type":"","background-media":"","overlay-type":"","overlay-color":"","overlay-opacity":"","overlay-gradient":""},"mobile":{"background-color":"var(--ast-global-color-5)","background-image":"","background-repeat":"repeat","background-position":"center center","background-size":"auto","background-attachment":"scroll","background-type":"","background-media":"","overlay-type":"","overlay-color":"","overlay-opacity":"","overlay-gradient":""}},"iawp_total_views":16},"product_brand":[],"product_cat":[211,642],"product_tag":[],"class_list":{"0":"post-24116","1":"product","2":"type-product","3":"status-publish","4":"has-post-thumbnail","6":"product_cat-hdmi","7":"product_cat-hdmi-adapters","8":"desktop-align-left","9":"tablet-align-left","10":"mobile-align-left","12":"first","13":"instock","14":"shipping-taxable","15":"purchasable","16":"product-type-simple"},"acf":[],"_links":{"self":[{"href":"https:\/\/www.fjpremium.com\/de\/wp-json\/wp\/v2\/product\/24116","targetHints":{"allow":["GET"]}}],"collection":[{"href":"https:\/\/www.fjpremium.com\/de\/wp-json\/wp\/v2\/product"}],"about":[{"href":"https:\/\/www.fjpremium.com\/de\/wp-json\/wp\/v2\/types\/product"}],"wp:featuredmedia":[{"embeddable":true,"href":"https:\/\/www.fjpremium.com\/de\/wp-json\/wp\/v2\/media\/24117"}],"wp:attachment":[{"href":"https:\/\/www.fjpremium.com\/de\/wp-json\/wp\/v2\/media?parent=24116"}],"wp:term":[{"taxonomy":"product_brand","embeddable":true,"href":"https:\/\/www.fjpremium.com\/de\/wp-json\/wp\/v2\/product_brand?post=24116"},{"taxonomy":"product_cat","embeddable":true,"href":"https:\/\/www.fjpremium.com\/de\/wp-json\/wp\/v2\/product_cat?post=24116"},{"taxonomy":"product_tag","embeddable":true,"href":"https:\/\/www.fjpremium.com\/de\/wp-json\/wp\/v2\/product_tag?post=24116"}],"curies":[{"name":"wp","href":"https:\/\/api.w.org\/{rel}","templated":true}]}}