{"id":24092,"date":"2023-12-08T09:28:33","date_gmt":"2023-12-08T01:28:33","guid":{"rendered":"https:\/\/www.fjpremium.com\/?post_type=product&#038;p=24092"},"modified":"2023-12-14T13:45:45","modified_gmt":"2023-12-14T05:45:45","slug":"4k-hdmi-to-dual-hdmi-adapter-for-laptop","status":"publish","type":"product","link":"https:\/\/www.fjpremium.com\/de\/product\/4k-hdmi-to-dual-hdmi-adapter-for-laptop\/","title":{"rendered":"4K HDMI auf Dual HDMI Adapter f\u00fcr Laptop, Stecker auf Buchse"},"content":{"rendered":"<p>HDMI 4K HDMI auf Dual HDMI Adapter f\u00fcr Laptop, Stecker auf 2x Buchse Kabeladapter zum Anschluss von 2 HDMI-Displays an eine Videokarte Vergoldete Kontakte sorgen f\u00fcr eine saubere, klare und st\u00f6rungsfreie \u00dcbertragung Ideal f\u00fcr Pr\u00e4sentationen Aufl\u00f6sungen bis zu 4096 x 2160 @ 60 Hz<br \/>\nZeigt auf beiden Monitoren das gleiche Bild an, ideal f\u00fcr Bildungsanwendungen, gesch\u00e4ftliche Zwecke oder Pr\u00e4sentationen.<br \/>\nDer wichtigste Teil eines Kupferinnenkabels ist die Wahl des Innenleitermaterials.<\/p>\n<p>Seine Spezifikationen:<\/p>\n<ul>\n<li style=\"list-style-type: none;\">\n<ul>\n<li>Anschluss1: HDMI A Stecker, vergoldet<\/li>\n<li>Anschluss2: HDMI A Buchse, vergoldet<\/li>\n<li>Anschluss3: HDMI A Buchse, vergoldet<\/li>\n<li>Geh\u00e4use: Kunststoffspritzguss<\/li>\n<li>HDMI Hochgeschwindigkeits-Ethernet (HEC)<\/li>\n<li>Unterst\u00fctzt Einzel- und Doppelbetrieb<\/li>\n<li>Unterst\u00fctzt Aufl\u00f6sungen bis zu 4096 x 2160 @ 60Hz<\/li>\n<li>Unterst\u00fctzt Audio- und Videosignale, Netzwerkverbindung und 3D \u00fcber HDMI<\/li>\n<li>Konform: RoHS, REACH<\/li>\n<\/ul>\n<\/li>\n<\/ul>","protected":false},"excerpt":{"rendered":"<p>4K HDMI auf Dual HDMI Adapter f\u00fcr Laptop, HDMI Stecker auf 2x Buchse Kabeladapter Unterst\u00fctzt Aufl\u00f6sungen bis zu 4096 x 2160@60Hz.<\/p>","protected":false},"featured_media":24098,"template":"","meta":{"_acf_changed":false,"_seopress_robots_primary_cat":"","_seopress_titles_title":"4K HDMI to Dual HDMI Adapter for laptop, Male to Female","_seopress_titles_desc":"","_seopress_robots_index":"","site-sidebar-layout":"default","site-content-layout":"default","ast-site-content-layout":"default","site-content-style":"default","site-sidebar-style":"default","ast-global-header-display":"","ast-banner-title-visibility":"","ast-main-header-display":"","ast-hfb-above-header-display":"","ast-hfb-below-header-display":"","ast-hfb-mobile-header-display":"","site-post-title":"","ast-breadcrumbs-content":"","ast-featured-img":"","footer-sml-layout":"","ast-disable-related-posts":"","theme-transparent-header-meta":"default","adv-header-id-meta":"","stick-header-meta":"","header-above-stick-meta":"","header-main-stick-meta":"","header-below-stick-meta":"","astra-migrate-meta-layouts":"set","ast-page-background-enabled":"default","ast-page-background-meta":{"desktop":{"background-color":"","background-image":"","background-repeat":"repeat","background-position":"center center","background-size":"auto","background-attachment":"scroll","background-type":"","background-media":"","overlay-type":"","overlay-color":"","overlay-opacity":"","overlay-gradient":""},"tablet":{"background-color":"","background-image":"","background-repeat":"repeat","background-position":"center center","background-size":"auto","background-attachment":"scroll","background-type":"","background-media":"","overlay-type":"","overlay-color":"","overlay-opacity":"","overlay-gradient":""},"mobile":{"background-color":"","background-image":"","background-repeat":"repeat","background-position":"center center","background-size":"auto","background-attachment":"scroll","background-type":"","background-media":"","overlay-type":"","overlay-color":"","overlay-opacity":"","overlay-gradient":""}},"ast-content-background-meta":{"desktop":{"background-color":"var(--ast-global-color-5)","background-image":"","background-repeat":"repeat","background-position":"center center","background-size":"auto","background-attachment":"scroll","background-type":"","background-media":"","overlay-type":"","overlay-color":"","overlay-opacity":"","overlay-gradient":""},"tablet":{"background-color":"var(--ast-global-color-5)","background-image":"","background-repeat":"repeat","background-position":"center center","background-size":"auto","background-attachment":"scroll","background-type":"","background-media":"","overlay-type":"","overlay-color":"","overlay-opacity":"","overlay-gradient":""},"mobile":{"background-color":"var(--ast-global-color-5)","background-image":"","background-repeat":"repeat","background-position":"center center","background-size":"auto","background-attachment":"scroll","background-type":"","background-media":"","overlay-type":"","overlay-color":"","overlay-opacity":"","overlay-gradient":""}},"iawp_total_views":11},"product_brand":[],"product_cat":[211,642],"product_tag":[],"class_list":{"0":"post-24092","1":"product","2":"type-product","3":"status-publish","4":"has-post-thumbnail","6":"product_cat-hdmi","7":"product_cat-hdmi-adapters","8":"desktop-align-left","9":"tablet-align-left","10":"mobile-align-left","12":"first","13":"instock","14":"shipping-taxable","15":"purchasable","16":"product-type-simple"},"acf":[],"_links":{"self":[{"href":"https:\/\/www.fjpremium.com\/de\/wp-json\/wp\/v2\/product\/24092","targetHints":{"allow":["GET"]}}],"collection":[{"href":"https:\/\/www.fjpremium.com\/de\/wp-json\/wp\/v2\/product"}],"about":[{"href":"https:\/\/www.fjpremium.com\/de\/wp-json\/wp\/v2\/types\/product"}],"wp:featuredmedia":[{"embeddable":true,"href":"https:\/\/www.fjpremium.com\/de\/wp-json\/wp\/v2\/media\/24098"}],"wp:attachment":[{"href":"https:\/\/www.fjpremium.com\/de\/wp-json\/wp\/v2\/media?parent=24092"}],"wp:term":[{"taxonomy":"product_brand","embeddable":true,"href":"https:\/\/www.fjpremium.com\/de\/wp-json\/wp\/v2\/product_brand?post=24092"},{"taxonomy":"product_cat","embeddable":true,"href":"https:\/\/www.fjpremium.com\/de\/wp-json\/wp\/v2\/product_cat?post=24092"},{"taxonomy":"product_tag","embeddable":true,"href":"https:\/\/www.fjpremium.com\/de\/wp-json\/wp\/v2\/product_tag?post=24092"}],"curies":[{"name":"wp","href":"https:\/\/api.w.org\/{rel}","templated":true}]}}