{"id":24082,"date":"2023-12-08T08:49:25","date_gmt":"2023-12-08T00:49:25","guid":{"rendered":"https:\/\/www.fjpremium.com\/?post_type=product&#038;p=24082"},"modified":"2023-12-14T13:45:46","modified_gmt":"2023-12-14T05:45:46","slug":"4k-hdmi-adapter-ring","status":"publish","type":"product","link":"https:\/\/www.fjpremium.com\/de\/product\/4k-hdmi-adapter-ring\/","title":{"rendered":"4K HDMI Adapter Ring, Freie Kombination nach Bedarf"},"content":{"rendered":"<p>Der FARSINCE 4K-Adapterring mit Kabelbefestigung ist eine intelligente L\u00f6sung, um alle Ihre Adapter einfach, ordentlich und sicher zusammenzuhalten. Verwenden Sie den Adapterring, um effektiv zu verhindern, dass der Adapter verloren geht.<\/p>\n<p>Der Ring ist ideal f\u00fcr Konferenzr\u00e4ume, B\u00fcrohotels oder \u00e4hnliche Orte, an denen Ger\u00e4te mit unterschiedlichen Verbindungstechnologien auf demselben Bildschirm kombiniert werden m\u00fcssen.<\/p>\n<p>Seine Spezifikationen:<\/p>\n<ul>\n<li style=\"list-style-type: none;\">\n<ul>\n<li>Anschluss1: HDMI A Stecker<\/li>\n<li>Anschluss1: HDMI A Stecker<\/li>\n<li>AdapterA: HDMI-Stecker auf HDMI-Buchse<\/li>\n<li>AdapterB: Mini-HDMI-Stecker auf HDMI-Buchse<\/li>\n<li>AdapterC: Micro HDMI Stecker auf HDMI Buchse<\/li>\n<li>AdapterD: DisplayPort-Stecker auf HDMI-Buchse<\/li>\n<li>AdapterE: Mini DisplayPort-Stecker auf HDMI-Buchse<\/li>\n<li>AdapterF: USB-C Stecker auf HDMI Buchse<\/li>\n<li>Vergoldeter Kontakt, vergoldetes Geh\u00e4use<\/li>\n<li>Kabel-Leiter: Blanke Kupfer<\/li>\n<li>Geh\u00e4use: Spritzgussform<\/li>\n<li>Plug and Play, kein Treiber erforderlich<\/li>\n<li>Vollst\u00e4ndige Unterst\u00fctzung der digitalen Signalformate 720P, 1080iP und 1080P<\/li>\n<li>Konform: RoHS, REACH<\/li>\n<\/ul>\n<\/li>\n<\/ul>","protected":false},"excerpt":{"rendered":"<p>Hochgeschwindigkeits-4K-HDMI-Adapterring, verhindert effektiv, dass der Adapter verloren geht, wenn der Adapter an das Kabel angeschlossen und dann auf dem Kabel verriegelt wird.<\/p>","protected":false},"featured_media":24090,"template":"","meta":{"_acf_changed":false,"_seopress_robots_primary_cat":"","_seopress_titles_title":"4K HDMI Adapter Ring, Free combination as needed","_seopress_titles_desc":"","_seopress_robots_index":"","site-sidebar-layout":"default","site-content-layout":"default","ast-site-content-layout":"default","site-content-style":"default","site-sidebar-style":"default","ast-global-header-display":"","ast-banner-title-visibility":"","ast-main-header-display":"","ast-hfb-above-header-display":"","ast-hfb-below-header-display":"","ast-hfb-mobile-header-display":"","site-post-title":"","ast-breadcrumbs-content":"","ast-featured-img":"","footer-sml-layout":"","ast-disable-related-posts":"","theme-transparent-header-meta":"default","adv-header-id-meta":"","stick-header-meta":"","header-above-stick-meta":"","header-main-stick-meta":"","header-below-stick-meta":"","astra-migrate-meta-layouts":"set","ast-page-background-enabled":"default","ast-page-background-meta":{"desktop":{"background-color":"","background-image":"","background-repeat":"repeat","background-position":"center center","background-size":"auto","background-attachment":"scroll","background-type":"","background-media":"","overlay-type":"","overlay-color":"","overlay-opacity":"","overlay-gradient":""},"tablet":{"background-color":"","background-image":"","background-repeat":"repeat","background-position":"center center","background-size":"auto","background-attachment":"scroll","background-type":"","background-media":"","overlay-type":"","overlay-color":"","overlay-opacity":"","overlay-gradient":""},"mobile":{"background-color":"","background-image":"","background-repeat":"repeat","background-position":"center center","background-size":"auto","background-attachment":"scroll","background-type":"","background-media":"","overlay-type":"","overlay-color":"","overlay-opacity":"","overlay-gradient":""}},"ast-content-background-meta":{"desktop":{"background-color":"var(--ast-global-color-5)","background-image":"","background-repeat":"repeat","background-position":"center center","background-size":"auto","background-attachment":"scroll","background-type":"","background-media":"","overlay-type":"","overlay-color":"","overlay-opacity":"","overlay-gradient":""},"tablet":{"background-color":"var(--ast-global-color-5)","background-image":"","background-repeat":"repeat","background-position":"center center","background-size":"auto","background-attachment":"scroll","background-type":"","background-media":"","overlay-type":"","overlay-color":"","overlay-opacity":"","overlay-gradient":""},"mobile":{"background-color":"var(--ast-global-color-5)","background-image":"","background-repeat":"repeat","background-position":"center center","background-size":"auto","background-attachment":"scroll","background-type":"","background-media":"","overlay-type":"","overlay-color":"","overlay-opacity":"","overlay-gradient":""}},"iawp_total_views":8},"product_brand":[],"product_cat":[211,642],"product_tag":[],"class_list":{"0":"post-24082","1":"product","2":"type-product","3":"status-publish","4":"has-post-thumbnail","6":"product_cat-hdmi","7":"product_cat-hdmi-adapters","8":"desktop-align-left","9":"tablet-align-left","10":"mobile-align-left","12":"first","13":"instock","14":"shipping-taxable","15":"purchasable","16":"product-type-simple"},"acf":[],"_links":{"self":[{"href":"https:\/\/www.fjpremium.com\/de\/wp-json\/wp\/v2\/product\/24082","targetHints":{"allow":["GET"]}}],"collection":[{"href":"https:\/\/www.fjpremium.com\/de\/wp-json\/wp\/v2\/product"}],"about":[{"href":"https:\/\/www.fjpremium.com\/de\/wp-json\/wp\/v2\/types\/product"}],"wp:featuredmedia":[{"embeddable":true,"href":"https:\/\/www.fjpremium.com\/de\/wp-json\/wp\/v2\/media\/24090"}],"wp:attachment":[{"href":"https:\/\/www.fjpremium.com\/de\/wp-json\/wp\/v2\/media?parent=24082"}],"wp:term":[{"taxonomy":"product_brand","embeddable":true,"href":"https:\/\/www.fjpremium.com\/de\/wp-json\/wp\/v2\/product_brand?post=24082"},{"taxonomy":"product_cat","embeddable":true,"href":"https:\/\/www.fjpremium.com\/de\/wp-json\/wp\/v2\/product_cat?post=24082"},{"taxonomy":"product_tag","embeddable":true,"href":"https:\/\/www.fjpremium.com\/de\/wp-json\/wp\/v2\/product_tag?post=24082"}],"curies":[{"name":"wp","href":"https:\/\/api.w.org\/{rel}","templated":true}]}}