{"id":24075,"date":"2023-12-07T17:25:59","date_gmt":"2023-12-07T09:25:59","guid":{"rendered":"https:\/\/www.fjpremium.com\/?post_type=product&#038;p=24075"},"modified":"2023-12-14T13:45:47","modified_gmt":"2023-12-14T05:45:47","slug":"hami-to-rca-audio-coupler","status":"publish","type":"product","link":"https:\/\/www.fjpremium.com\/de\/product\/hami-to-rca-audio-coupler\/","title":{"rendered":"HDMI-Stecker auf 3RCA-Buchse, HDMI auf RCA-Audiokoppler"},"content":{"rendered":"<p>FARSINCE HDMI-kompatibler Stecker auf 3 RCA-Video-Audio-Adapter, HDMI auf RCA-Audio-Koppler RGB-Komponenten-Anschl\u00fcsse verwenden 24K vergoldete Stecker f\u00fcr eine bessere Signal\u00fcbertragung. Plug and Play, kein Treiber erforderlich.<br \/>\nVollst\u00e4ndige Unterst\u00fctzung der digitalen Signalformate 720P, 1080iP und 1080P.<br \/>\nHochwertiger HDMI-kompatibler RCA-Adapter zur Verwendung mit HDTV, DVD, Projektoren, Heimkinosystemen und allen anderen HDMI-kompatiblen und RCA-f\u00e4higen Ger\u00e4ten.<\/p>\n<p>Seine Spezifikationen:<\/p>\n<ul>\n<li style=\"list-style-type: none;\">\n<ul>\n<li>Anschluss1: HDMI A Stecker, vergoldet<\/li>\n<li>Stecker1: 3xRCA-Buchse, vergoldet<\/li>\n<li>Geh\u00e4use: Kunststoffspritzguss<\/li>\n<li>Vollst\u00e4ndige Unterst\u00fctzung der digitalen Signalformate 720P, 1080iP und 1080P<\/li>\n<li>Plug and Play, kein Treiber erforderlich<\/li>\n<li>Konform: RoHS, REACH<\/li>\n<\/ul>\n<\/li>\n<\/ul>","protected":false},"excerpt":{"rendered":"<p>HDMI Buchse zu 3RCA Buchse HDMI zu RCA Audio Koppler unterst\u00fctzt 1080P.<\/p>","protected":false},"featured_media":24077,"template":"","meta":{"_acf_changed":false,"_seopress_robots_primary_cat":"","_seopress_titles_title":"HDMI Male to 3RCA Female, HDMI to RCA Audio Coupler","_seopress_titles_desc":"","_seopress_robots_index":"","site-sidebar-layout":"default","site-content-layout":"default","ast-site-content-layout":"default","site-content-style":"default","site-sidebar-style":"default","ast-global-header-display":"","ast-banner-title-visibility":"","ast-main-header-display":"","ast-hfb-above-header-display":"","ast-hfb-below-header-display":"","ast-hfb-mobile-header-display":"","site-post-title":"","ast-breadcrumbs-content":"","ast-featured-img":"","footer-sml-layout":"","ast-disable-related-posts":"","theme-transparent-header-meta":"default","adv-header-id-meta":"","stick-header-meta":"","header-above-stick-meta":"","header-main-stick-meta":"","header-below-stick-meta":"","astra-migrate-meta-layouts":"set","ast-page-background-enabled":"default","ast-page-background-meta":{"desktop":{"background-color":"","background-image":"","background-repeat":"repeat","background-position":"center center","background-size":"auto","background-attachment":"scroll","background-type":"","background-media":"","overlay-type":"","overlay-color":"","overlay-opacity":"","overlay-gradient":""},"tablet":{"background-color":"","background-image":"","background-repeat":"repeat","background-position":"center center","background-size":"auto","background-attachment":"scroll","background-type":"","background-media":"","overlay-type":"","overlay-color":"","overlay-opacity":"","overlay-gradient":""},"mobile":{"background-color":"","background-image":"","background-repeat":"repeat","background-position":"center center","background-size":"auto","background-attachment":"scroll","background-type":"","background-media":"","overlay-type":"","overlay-color":"","overlay-opacity":"","overlay-gradient":""}},"ast-content-background-meta":{"desktop":{"background-color":"var(--ast-global-color-5)","background-image":"","background-repeat":"repeat","background-position":"center center","background-size":"auto","background-attachment":"scroll","background-type":"","background-media":"","overlay-type":"","overlay-color":"","overlay-opacity":"","overlay-gradient":""},"tablet":{"background-color":"var(--ast-global-color-5)","background-image":"","background-repeat":"repeat","background-position":"center center","background-size":"auto","background-attachment":"scroll","background-type":"","background-media":"","overlay-type":"","overlay-color":"","overlay-opacity":"","overlay-gradient":""},"mobile":{"background-color":"var(--ast-global-color-5)","background-image":"","background-repeat":"repeat","background-position":"center center","background-size":"auto","background-attachment":"scroll","background-type":"","background-media":"","overlay-type":"","overlay-color":"","overlay-opacity":"","overlay-gradient":""}},"iawp_total_views":14},"product_brand":[],"product_cat":[211,642],"product_tag":[],"class_list":{"0":"post-24075","1":"product","2":"type-product","3":"status-publish","4":"has-post-thumbnail","6":"product_cat-hdmi","7":"product_cat-hdmi-adapters","8":"desktop-align-left","9":"tablet-align-left","10":"mobile-align-left","12":"first","13":"instock","14":"shipping-taxable","15":"purchasable","16":"product-type-simple"},"acf":[],"_links":{"self":[{"href":"https:\/\/www.fjpremium.com\/de\/wp-json\/wp\/v2\/product\/24075","targetHints":{"allow":["GET"]}}],"collection":[{"href":"https:\/\/www.fjpremium.com\/de\/wp-json\/wp\/v2\/product"}],"about":[{"href":"https:\/\/www.fjpremium.com\/de\/wp-json\/wp\/v2\/types\/product"}],"wp:featuredmedia":[{"embeddable":true,"href":"https:\/\/www.fjpremium.com\/de\/wp-json\/wp\/v2\/media\/24077"}],"wp:attachment":[{"href":"https:\/\/www.fjpremium.com\/de\/wp-json\/wp\/v2\/media?parent=24075"}],"wp:term":[{"taxonomy":"product_brand","embeddable":true,"href":"https:\/\/www.fjpremium.com\/de\/wp-json\/wp\/v2\/product_brand?post=24075"},{"taxonomy":"product_cat","embeddable":true,"href":"https:\/\/www.fjpremium.com\/de\/wp-json\/wp\/v2\/product_cat?post=24075"},{"taxonomy":"product_tag","embeddable":true,"href":"https:\/\/www.fjpremium.com\/de\/wp-json\/wp\/v2\/product_tag?post=24075"}],"curies":[{"name":"wp","href":"https:\/\/api.w.org\/{rel}","templated":true}]}}