{"id":24041,"date":"2023-12-07T16:04:52","date_gmt":"2023-12-07T08:04:52","guid":{"rendered":"https:\/\/www.fjpremium.com\/?post_type=product&#038;p=24041"},"modified":"2023-12-14T13:51:05","modified_gmt":"2023-12-14T05:51:05","slug":"hdmi-type-e-female-cable-copy","status":"publish","type":"product","link":"https:\/\/www.fjpremium.com\/de\/product\/hdmi-type-e-female-cable-copy\/","title":{"rendered":"HDMI Typ E Buchse zu HDMI Typ E Buchse Kabel"},"content":{"rendered":"<p>Der FARSINCE Automotive Grade Type E HDMI-Anschluss bietet ein verbessertes Erlebnis f\u00fcr Infotainment-Systeme der n\u00e4chsten Generation und HD-Medienunterhaltungsl\u00f6sungen.<br \/>\nDie HDMI 1.4-Spezifikation erf\u00fcllt diesen Bedarf mit einem neuen, robusten Verbindungssystem f\u00fcr Kraftfahrzeuge, das speziell f\u00fcr die anspruchsvollen Anforderungen des Stra\u00dfenverkehrs entwickelt wurde und echte HD-Videos an eine Sitzlehne oder ein Armaturenbrett-Display \u00fcbertr\u00e4gt.<\/p>\n<p>Seine Spezifikationen:<\/p>\n<ul>\n<li>Anschluss1: HDMI Typ E Buchse, vergoldet<\/li>\n<li>Anschluss2: HDMI Typ E Buchse, vergoldet<\/li>\n<li>Kabel-Leiter: Blanke Kupfer<\/li>\n<li>Drahtst\u00e4rke: 30AWG<\/li>\n<li>Dreifache Abschirmung: Einzelpaar Aluminiumfolie, Gesamtaluminiumfolie, Geflecht<\/li>\n<li>Mantel: PVC<\/li>\n<li>Geh\u00e4use: Spritzgussform<\/li>\n<li>Daten\u00fcbertragungsrate bis zu 10,2 Gbps<\/li>\n<li>Unterst\u00fctzt Aufl\u00f6sungen bis zu 3840\u00d72160 @60Hz<\/li>\n<li>Unterst\u00fctzt Dolby\u00ae TrueHD und DTS-HD Master Audio\u2122<\/li>\n<li>Konform: RoHS, REACH<\/li>\n<\/ul>","protected":false},"excerpt":{"rendered":"<p>HDMI Typ E Buchse Kabel, HDMI E Buchse zu HDMI E Buchse Fahrzeug Audio Video Kabel. Unterst\u00fctzt Aufl\u00f6sungen bis zu 4K@60 Hz.<\/p>","protected":false},"featured_media":24042,"template":"","meta":{"_acf_changed":false,"_seopress_robots_primary_cat":"","_seopress_titles_title":"HDMI Type E female to HDMI Type E female Cable- Farsince","_seopress_titles_desc":"","_seopress_robots_index":"","site-sidebar-layout":"default","site-content-layout":"default","ast-site-content-layout":"default","site-content-style":"default","site-sidebar-style":"default","ast-global-header-display":"","ast-banner-title-visibility":"","ast-main-header-display":"","ast-hfb-above-header-display":"","ast-hfb-below-header-display":"","ast-hfb-mobile-header-display":"","site-post-title":"","ast-breadcrumbs-content":"","ast-featured-img":"","footer-sml-layout":"","ast-disable-related-posts":"","theme-transparent-header-meta":"default","adv-header-id-meta":"","stick-header-meta":"","header-above-stick-meta":"","header-main-stick-meta":"","header-below-stick-meta":"","astra-migrate-meta-layouts":"set","ast-page-background-enabled":"default","ast-page-background-meta":{"desktop":{"background-color":"","background-image":"","background-repeat":"repeat","background-position":"center center","background-size":"auto","background-attachment":"scroll","background-type":"","background-media":"","overlay-type":"","overlay-color":"","overlay-opacity":"","overlay-gradient":""},"tablet":{"background-color":"","background-image":"","background-repeat":"repeat","background-position":"center center","background-size":"auto","background-attachment":"scroll","background-type":"","background-media":"","overlay-type":"","overlay-color":"","overlay-opacity":"","overlay-gradient":""},"mobile":{"background-color":"","background-image":"","background-repeat":"repeat","background-position":"center center","background-size":"auto","background-attachment":"scroll","background-type":"","background-media":"","overlay-type":"","overlay-color":"","overlay-opacity":"","overlay-gradient":""}},"ast-content-background-meta":{"desktop":{"background-color":"var(--ast-global-color-5)","background-image":"","background-repeat":"repeat","background-position":"center center","background-size":"auto","background-attachment":"scroll","background-type":"","background-media":"","overlay-type":"","overlay-color":"","overlay-opacity":"","overlay-gradient":""},"tablet":{"background-color":"var(--ast-global-color-5)","background-image":"","background-repeat":"repeat","background-position":"center center","background-size":"auto","background-attachment":"scroll","background-type":"","background-media":"","overlay-type":"","overlay-color":"","overlay-opacity":"","overlay-gradient":""},"mobile":{"background-color":"var(--ast-global-color-5)","background-image":"","background-repeat":"repeat","background-position":"center center","background-size":"auto","background-attachment":"scroll","background-type":"","background-media":"","overlay-type":"","overlay-color":"","overlay-opacity":"","overlay-gradient":""}},"iawp_total_views":7},"product_brand":[],"product_cat":[211,638],"product_tag":[],"class_list":{"0":"post-24041","1":"product","2":"type-product","3":"status-publish","4":"has-post-thumbnail","6":"product_cat-hdmi","7":"product_cat-hdmi-cables","8":"desktop-align-left","9":"tablet-align-left","10":"mobile-align-left","12":"first","13":"instock","14":"shipping-taxable","15":"purchasable","16":"product-type-simple"},"acf":[],"_links":{"self":[{"href":"https:\/\/www.fjpremium.com\/de\/wp-json\/wp\/v2\/product\/24041","targetHints":{"allow":["GET"]}}],"collection":[{"href":"https:\/\/www.fjpremium.com\/de\/wp-json\/wp\/v2\/product"}],"about":[{"href":"https:\/\/www.fjpremium.com\/de\/wp-json\/wp\/v2\/types\/product"}],"wp:featuredmedia":[{"embeddable":true,"href":"https:\/\/www.fjpremium.com\/de\/wp-json\/wp\/v2\/media\/24042"}],"wp:attachment":[{"href":"https:\/\/www.fjpremium.com\/de\/wp-json\/wp\/v2\/media?parent=24041"}],"wp:term":[{"taxonomy":"product_brand","embeddable":true,"href":"https:\/\/www.fjpremium.com\/de\/wp-json\/wp\/v2\/product_brand?post=24041"},{"taxonomy":"product_cat","embeddable":true,"href":"https:\/\/www.fjpremium.com\/de\/wp-json\/wp\/v2\/product_cat?post=24041"},{"taxonomy":"product_tag","embeddable":true,"href":"https:\/\/www.fjpremium.com\/de\/wp-json\/wp\/v2\/product_tag?post=24041"}],"curies":[{"name":"wp","href":"https:\/\/api.w.org\/{rel}","templated":true}]}}