{"id":24002,"date":"2023-12-07T13:40:54","date_gmt":"2023-12-07T05:40:54","guid":{"rendered":"https:\/\/www.fjpremium.com\/?post_type=product&#038;p=24002"},"modified":"2023-12-14T13:51:09","modified_gmt":"2023-12-14T05:51:09","slug":"hdmi-to-displayport-active-adapter-cable","status":"publish","type":"product","link":"https:\/\/www.fjpremium.com\/de\/product\/hdmi-to-displayport-active-adapter-cable\/","title":{"rendered":"HDMI zu Displayport Aktiv Adapterkabel, 1M 2M 3M"},"content":{"rendered":"<p>Das aktive HDMI-zu-Mini-DisplayPort-Adapterkabel von FARSINCE ist die ideale L\u00f6sung f\u00fcr den Anschluss eines HDMI-f\u00e4higen Ger\u00e4ts an einen DP-Monitor, -Bildschirm oder -Projektor mithilfe dieses aktiven HDMI-zu-DisplayPort-Videoadapters (Stecker). Mit diesem DP-Konverter k\u00f6nnen Benutzer einen zweiten Bildschirm oder ein Display an ihren mit HDMI ausgestatteten Computer anschlie\u00dfen. Dieser aktive HDMI-zu-DisplayPort-Adapter \u00fcbertr\u00e4gt auch hochwertiges Audio und Video mit einer Aufl\u00f6sung von bis zu 4K@60Hz.<\/p>\n<p>Seine Spezifikationen:<\/p>\n<ul>\n<li>Eingangsschnittstelle: HDMI Stecker\/ USB 2.0 A Stecker, vergoldet<\/li>\n<li>Ausgangsschnittstelle: DisplayPort-Stecker, vergoldet<\/li>\n<li>Kabel-Leiter: Blanke Kupfer<\/li>\n<li>Drahtst\u00e4rke: 30AWG<\/li>\n<li>Chipsatz: LT6711A<\/li>\n<li>Dreifache Abschirmung: Einzelpaar Aluminiumfolie, Gesamtaluminiumfolie, Geflecht<\/li>\n<li>Mantel: PVC<\/li>\n<li>Geh\u00e4use: ABS-Form<\/li>\n<li>Unterst\u00fctzt Aufl\u00f6sungen bis zu 3840\u00d72160 @60Hz<\/li>\n<li>Eingebauter USB-Stecker liefert bei Bedarf Strom<\/li>\n<li>Konform: RoHS, REACH<\/li>\n<\/ul>","protected":false},"excerpt":{"rendered":"<p>hdmi to displayport active adapter Schlie\u00dfen Sie Ihren mit HDMI ausgestatteten Computer, Ihre Grafikkarte oder Spielkonsole an einen Mini DisplayPort-Monitor oder -Projektor an. Unterst\u00fctzt Aufl\u00f6sungen bis zu 4K@60Hz.<\/p>","protected":false},"featured_media":24004,"template":"","meta":{"_acf_changed":false,"_seopress_robots_primary_cat":"","_seopress_titles_title":"HDMI to Displayport Active Adapter Cable, 1M 2M 3M-FARSINCE","_seopress_titles_desc":"","_seopress_robots_index":"","site-sidebar-layout":"default","site-content-layout":"default","ast-site-content-layout":"default","site-content-style":"default","site-sidebar-style":"default","ast-global-header-display":"","ast-banner-title-visibility":"","ast-main-header-display":"","ast-hfb-above-header-display":"","ast-hfb-below-header-display":"","ast-hfb-mobile-header-display":"","site-post-title":"","ast-breadcrumbs-content":"","ast-featured-img":"","footer-sml-layout":"","ast-disable-related-posts":"","theme-transparent-header-meta":"default","adv-header-id-meta":"","stick-header-meta":"","header-above-stick-meta":"","header-main-stick-meta":"","header-below-stick-meta":"","astra-migrate-meta-layouts":"set","ast-page-background-enabled":"default","ast-page-background-meta":{"desktop":{"background-color":"","background-image":"","background-repeat":"repeat","background-position":"center center","background-size":"auto","background-attachment":"scroll","background-type":"","background-media":"","overlay-type":"","overlay-color":"","overlay-opacity":"","overlay-gradient":""},"tablet":{"background-color":"","background-image":"","background-repeat":"repeat","background-position":"center center","background-size":"auto","background-attachment":"scroll","background-type":"","background-media":"","overlay-type":"","overlay-color":"","overlay-opacity":"","overlay-gradient":""},"mobile":{"background-color":"","background-image":"","background-repeat":"repeat","background-position":"center center","background-size":"auto","background-attachment":"scroll","background-type":"","background-media":"","overlay-type":"","overlay-color":"","overlay-opacity":"","overlay-gradient":""}},"ast-content-background-meta":{"desktop":{"background-color":"var(--ast-global-color-5)","background-image":"","background-repeat":"repeat","background-position":"center center","background-size":"auto","background-attachment":"scroll","background-type":"","background-media":"","overlay-type":"","overlay-color":"","overlay-opacity":"","overlay-gradient":""},"tablet":{"background-color":"var(--ast-global-color-5)","background-image":"","background-repeat":"repeat","background-position":"center center","background-size":"auto","background-attachment":"scroll","background-type":"","background-media":"","overlay-type":"","overlay-color":"","overlay-opacity":"","overlay-gradient":""},"mobile":{"background-color":"var(--ast-global-color-5)","background-image":"","background-repeat":"repeat","background-position":"center center","background-size":"auto","background-attachment":"scroll","background-type":"","background-media":"","overlay-type":"","overlay-color":"","overlay-opacity":"","overlay-gradient":""}},"iawp_total_views":8},"product_brand":[],"product_cat":[211,638],"product_tag":[],"class_list":{"0":"post-24002","1":"product","2":"type-product","3":"status-publish","4":"has-post-thumbnail","6":"product_cat-hdmi","7":"product_cat-hdmi-cables","8":"desktop-align-left","9":"tablet-align-left","10":"mobile-align-left","12":"first","13":"instock","14":"shipping-taxable","15":"purchasable","16":"product-type-simple"},"acf":[],"_links":{"self":[{"href":"https:\/\/www.fjpremium.com\/de\/wp-json\/wp\/v2\/product\/24002","targetHints":{"allow":["GET"]}}],"collection":[{"href":"https:\/\/www.fjpremium.com\/de\/wp-json\/wp\/v2\/product"}],"about":[{"href":"https:\/\/www.fjpremium.com\/de\/wp-json\/wp\/v2\/types\/product"}],"wp:featuredmedia":[{"embeddable":true,"href":"https:\/\/www.fjpremium.com\/de\/wp-json\/wp\/v2\/media\/24004"}],"wp:attachment":[{"href":"https:\/\/www.fjpremium.com\/de\/wp-json\/wp\/v2\/media?parent=24002"}],"wp:term":[{"taxonomy":"product_brand","embeddable":true,"href":"https:\/\/www.fjpremium.com\/de\/wp-json\/wp\/v2\/product_brand?post=24002"},{"taxonomy":"product_cat","embeddable":true,"href":"https:\/\/www.fjpremium.com\/de\/wp-json\/wp\/v2\/product_cat?post=24002"},{"taxonomy":"product_tag","embeddable":true,"href":"https:\/\/www.fjpremium.com\/de\/wp-json\/wp\/v2\/product_tag?post=24002"}],"curies":[{"name":"wp","href":"https:\/\/api.w.org\/{rel}","templated":true}]}}