{"id":23979,"date":"2023-12-07T10:40:20","date_gmt":"2023-12-07T02:40:20","guid":{"rendered":"https:\/\/www.fjpremium.com\/?post_type=product&#038;p=23979"},"modified":"2023-12-14T13:51:11","modified_gmt":"2023-12-14T05:51:11","slug":"micro-hdmi-to-hdmi-adapter-cable","status":"publish","type":"product","link":"https:\/\/www.fjpremium.com\/de\/product\/micro-hdmi-to-hdmi-adapter-cable\/","title":{"rendered":"Micro HDMI auf HDMI Adapterkabel, Stecker auf Buchse"},"content":{"rendered":"<p>FARSINCE Micro HDMI auf HDMI Adapterkabel entspricht dem neuesten HDMI-Standard und kombiniert schnelle Daten\u00fcbertragung sowie Audio-\/Video- und Internetverbindung. Der Micro-HDMI-D-Anschluss ist speziell f\u00fcr die neueste Handy-Generation konzipiert und kann am Ende der Digitalkamera zur Daten\u00fcbertragung, z.B. von Videos, Bildern etc. genutzt werden. Dar\u00fcber hinaus k\u00f6nnen Sie Ihr Mobiltelefon mit Internetfunktion an Ihren Fernseher anschlie\u00dfen, um das Internetbild auf einem gr\u00f6\u00dferen Bildschirm darzustellen.<\/p>\n<p>Seine Spezifikationen:<\/p>\n<ul>\n<li>Anschluss 1: HDMI-Buchse, vergoldet<\/li>\n<li>Anschluss 2: Micro HDMI Stecker, vergoldet<\/li>\n<li>Kabel-Leiter: Hochreines sauerstofffreies Kupfer<\/li>\n<li>Drahtst\u00e4rke: 32AWG<\/li>\n<li>Dreifache Abschirmung: Einzelpaar Aluminiumfolie, Gesamtaluminiumfolie, Geflecht<\/li>\n<li>Mantel: PVC<\/li>\n<li>Geh\u00e4use: Spritzgussform<\/li>\n<li>Unterst\u00fctzt Max 4K 60Hz, 1440p, 1080p, 1080i, 720p, 480p und 480i Aufl\u00f6sung<\/li>\n<li>Unterst\u00fctzung von 3D, Ethernet-Kanal und Audio-R\u00fcckkanal<\/li>\n<li>Unterst\u00fctzung von True HD Dolby 7.1 und DTS-HD Master Audio<\/li>\n<li>Konform: RoHS, REACH<\/li>\n<\/ul>","protected":false},"excerpt":{"rendered":"<p>Micro HDMI auf HDMI Adapter Kabel 4K 60Hz Ethernet Audio Return Kompatibel f\u00fcr GoPro Hero 7 Black Hero 5 4 6, Raspberry Pi 4, Sony A6000 A6300 Kamera, Nikon B500, Lenovo Yoga 3 Pro, Yoga 710.<\/p>","protected":false},"featured_media":23980,"template":"","meta":{"_acf_changed":false,"_seopress_robots_primary_cat":"","_seopress_titles_title":"Micro HDMI to HDMI Adapter Cable, Male to Female - FARSINCE","_seopress_titles_desc":"","_seopress_robots_index":"","site-sidebar-layout":"default","site-content-layout":"default","ast-site-content-layout":"default","site-content-style":"default","site-sidebar-style":"default","ast-global-header-display":"","ast-banner-title-visibility":"","ast-main-header-display":"","ast-hfb-above-header-display":"","ast-hfb-below-header-display":"","ast-hfb-mobile-header-display":"","site-post-title":"","ast-breadcrumbs-content":"","ast-featured-img":"","footer-sml-layout":"","ast-disable-related-posts":"","theme-transparent-header-meta":"default","adv-header-id-meta":"","stick-header-meta":"","header-above-stick-meta":"","header-main-stick-meta":"","header-below-stick-meta":"","astra-migrate-meta-layouts":"set","ast-page-background-enabled":"default","ast-page-background-meta":{"desktop":{"background-color":"","background-image":"","background-repeat":"repeat","background-position":"center center","background-size":"auto","background-attachment":"scroll","background-type":"","background-media":"","overlay-type":"","overlay-color":"","overlay-opacity":"","overlay-gradient":""},"tablet":{"background-color":"","background-image":"","background-repeat":"repeat","background-position":"center center","background-size":"auto","background-attachment":"scroll","background-type":"","background-media":"","overlay-type":"","overlay-color":"","overlay-opacity":"","overlay-gradient":""},"mobile":{"background-color":"","background-image":"","background-repeat":"repeat","background-position":"center center","background-size":"auto","background-attachment":"scroll","background-type":"","background-media":"","overlay-type":"","overlay-color":"","overlay-opacity":"","overlay-gradient":""}},"ast-content-background-meta":{"desktop":{"background-color":"var(--ast-global-color-5)","background-image":"","background-repeat":"repeat","background-position":"center center","background-size":"auto","background-attachment":"scroll","background-type":"","background-media":"","overlay-type":"","overlay-color":"","overlay-opacity":"","overlay-gradient":""},"tablet":{"background-color":"var(--ast-global-color-5)","background-image":"","background-repeat":"repeat","background-position":"center center","background-size":"auto","background-attachment":"scroll","background-type":"","background-media":"","overlay-type":"","overlay-color":"","overlay-opacity":"","overlay-gradient":""},"mobile":{"background-color":"var(--ast-global-color-5)","background-image":"","background-repeat":"repeat","background-position":"center center","background-size":"auto","background-attachment":"scroll","background-type":"","background-media":"","overlay-type":"","overlay-color":"","overlay-opacity":"","overlay-gradient":""}},"iawp_total_views":10},"product_brand":[],"product_cat":[211,638],"product_tag":[],"class_list":{"0":"post-23979","1":"product","2":"type-product","3":"status-publish","4":"has-post-thumbnail","6":"product_cat-hdmi","7":"product_cat-hdmi-cables","8":"desktop-align-left","9":"tablet-align-left","10":"mobile-align-left","12":"first","13":"instock","14":"shipping-taxable","15":"purchasable","16":"product-type-simple"},"acf":[],"_links":{"self":[{"href":"https:\/\/www.fjpremium.com\/de\/wp-json\/wp\/v2\/product\/23979","targetHints":{"allow":["GET"]}}],"collection":[{"href":"https:\/\/www.fjpremium.com\/de\/wp-json\/wp\/v2\/product"}],"about":[{"href":"https:\/\/www.fjpremium.com\/de\/wp-json\/wp\/v2\/types\/product"}],"wp:featuredmedia":[{"embeddable":true,"href":"https:\/\/www.fjpremium.com\/de\/wp-json\/wp\/v2\/media\/23980"}],"wp:attachment":[{"href":"https:\/\/www.fjpremium.com\/de\/wp-json\/wp\/v2\/media?parent=23979"}],"wp:term":[{"taxonomy":"product_brand","embeddable":true,"href":"https:\/\/www.fjpremium.com\/de\/wp-json\/wp\/v2\/product_brand?post=23979"},{"taxonomy":"product_cat","embeddable":true,"href":"https:\/\/www.fjpremium.com\/de\/wp-json\/wp\/v2\/product_cat?post=23979"},{"taxonomy":"product_tag","embeddable":true,"href":"https:\/\/www.fjpremium.com\/de\/wp-json\/wp\/v2\/product_tag?post=23979"}],"curies":[{"name":"wp","href":"https:\/\/api.w.org\/{rel}","templated":true}]}}