{"id":23972,"date":"2023-12-07T10:27:44","date_gmt":"2023-12-07T02:27:44","guid":{"rendered":"https:\/\/www.fjpremium.com\/?post_type=product&#038;p=23972"},"modified":"2023-12-14T13:51:12","modified_gmt":"2023-12-14T05:51:12","slug":"angle-8k-2-1-hdmi-cable","status":"publish","type":"product","link":"https:\/\/www.fjpremium.com\/de\/product\/angle-8k-2-1-hdmi-cable\/","title":{"rendered":"Angle 8K 2.1 HDMI Kabel, HDMI M\/F Verl\u00e4ngerungskabel"},"content":{"rendered":"<p>Das Hochgeschwindigkeits-HDMI-Ethernet-Verl\u00e4ngerungskabel von FARSINCE entspricht dem HDMI 2.1-Standard und kombiniert schnelle Daten\u00fcbertragung mit Audio-\/Video- und Ethernet-Verbindungen. Dieses Angle 8K 2.1 HDMI-Kabel verl\u00e4ngert Ihren HDMI-Anschluss und kann verwendet werden, um Ger\u00e4te wie PC oder DVD\/Blu-ray-Laufwerk an einen Monitor oder Fernseher anzuschlie\u00dfen. unterst\u00fctzt HD-Aufl\u00f6sungen bis zu 7680 x 4320 @ 60 Hz.<\/p>\n<p>90-Grad- und 270-Grad-Winkelausf\u00fchrungen bieten Anschlussm\u00f6glichkeiten in kleinen R\u00e4umen.<\/p>\n<p><!-- notionvc: 1a43a930-3921-422c-8297-9f19f4840efd --><\/p>\n<p>Seine Spezifikationen:<\/p>\n<ul>\n<li>Anschluss 1: HDMI 2.1 Male Angle, vergoldet<\/li>\n<li>Anschluss 2: HDMI 2.1 Buchse, vergoldet<\/li>\n<li>Kabel-Leiter: Hochreines sauerstofffreies Kupfer<\/li>\n<li>Kabelquerschnitt: 28AWG<\/li>\n<li>Dreifache Abschirmung: Einzelpaar Aluminiumfolie, Gesamtaluminiumfolie, Geflecht<\/li>\n<li>Mantel: PVC<\/li>\n<li>Geh\u00e4use: Spritzgussform<\/li>\n<li>Winkeltypen links, rechts, oben, unten verf\u00fcgbar<\/li>\n<li>Daten\u00fcbertragungsrate bis zu 48 Gbps<\/li>\n<li>Aufl\u00f6sung bis zu: 7680 x 4320 @ 60 Hz \/ 5120 x 2880 @ 120 Hz \/ 3840 x 2160 @ 240 Hz<\/li>\n<li>3D-Unterst\u00fctzung: bis zu 3840 x 2160 @ 120 Hz<\/li>\n<li>Unterst\u00fctzt HDR, HEC, ARC, 3D, Dolby\u00ae TrueHD und DTS-HD Master Audio\u2122<\/li>\n<li>Unterst\u00fctzt CEC 2.0 Steuerbefehle<\/li>\n<li>Konform: RoHS, REACH<\/li>\n<\/ul>","protected":false},"excerpt":{"rendered":"<p>Angle 8K 2.1 HDMI-Kabel Verl\u00e4ngern Sie die HDMI-Verbindung zwischen Ihrem Ultra 8K TV (UHD TV), HDTV, Monitor oder Projektor und dem HDMI-Quellger\u00e4t.<\/p>","protected":false},"featured_media":23973,"template":"","meta":{"_acf_changed":false,"_seopress_robots_primary_cat":"","_seopress_titles_title":"Angle 8K 2.1 HDMI Cable-FARSINCE","_seopress_titles_desc":"Angle 8K 2.1 HDMI Cable Extend the HDMI connection between your Ultra 8K TV (UHD TV), HDTV, Monitor or Projector and HDMI source device.","_seopress_robots_index":"","site-sidebar-layout":"default","site-content-layout":"default","ast-site-content-layout":"default","site-content-style":"default","site-sidebar-style":"default","ast-global-header-display":"","ast-banner-title-visibility":"","ast-main-header-display":"","ast-hfb-above-header-display":"","ast-hfb-below-header-display":"","ast-hfb-mobile-header-display":"","site-post-title":"","ast-breadcrumbs-content":"","ast-featured-img":"","footer-sml-layout":"","ast-disable-related-posts":"","theme-transparent-header-meta":"default","adv-header-id-meta":"","stick-header-meta":"","header-above-stick-meta":"","header-main-stick-meta":"","header-below-stick-meta":"","astra-migrate-meta-layouts":"set","ast-page-background-enabled":"default","ast-page-background-meta":{"desktop":{"background-color":"","background-image":"","background-repeat":"repeat","background-position":"center center","background-size":"auto","background-attachment":"scroll","background-type":"","background-media":"","overlay-type":"","overlay-color":"","overlay-opacity":"","overlay-gradient":""},"tablet":{"background-color":"","background-image":"","background-repeat":"repeat","background-position":"center center","background-size":"auto","background-attachment":"scroll","background-type":"","background-media":"","overlay-type":"","overlay-color":"","overlay-opacity":"","overlay-gradient":""},"mobile":{"background-color":"","background-image":"","background-repeat":"repeat","background-position":"center center","background-size":"auto","background-attachment":"scroll","background-type":"","background-media":"","overlay-type":"","overlay-color":"","overlay-opacity":"","overlay-gradient":""}},"ast-content-background-meta":{"desktop":{"background-color":"var(--ast-global-color-5)","background-image":"","background-repeat":"repeat","background-position":"center center","background-size":"auto","background-attachment":"scroll","background-type":"","background-media":"","overlay-type":"","overlay-color":"","overlay-opacity":"","overlay-gradient":""},"tablet":{"background-color":"var(--ast-global-color-5)","background-image":"","background-repeat":"repeat","background-position":"center center","background-size":"auto","background-attachment":"scroll","background-type":"","background-media":"","overlay-type":"","overlay-color":"","overlay-opacity":"","overlay-gradient":""},"mobile":{"background-color":"var(--ast-global-color-5)","background-image":"","background-repeat":"repeat","background-position":"center center","background-size":"auto","background-attachment":"scroll","background-type":"","background-media":"","overlay-type":"","overlay-color":"","overlay-opacity":"","overlay-gradient":""}},"iawp_total_views":5},"product_brand":[],"product_cat":[211,638],"product_tag":[],"class_list":{"0":"post-23972","1":"product","2":"type-product","3":"status-publish","4":"has-post-thumbnail","6":"product_cat-hdmi","7":"product_cat-hdmi-cables","8":"desktop-align-left","9":"tablet-align-left","10":"mobile-align-left","12":"first","13":"instock","14":"shipping-taxable","15":"purchasable","16":"product-type-simple"},"acf":[],"_links":{"self":[{"href":"https:\/\/www.fjpremium.com\/de\/wp-json\/wp\/v2\/product\/23972","targetHints":{"allow":["GET"]}}],"collection":[{"href":"https:\/\/www.fjpremium.com\/de\/wp-json\/wp\/v2\/product"}],"about":[{"href":"https:\/\/www.fjpremium.com\/de\/wp-json\/wp\/v2\/types\/product"}],"wp:featuredmedia":[{"embeddable":true,"href":"https:\/\/www.fjpremium.com\/de\/wp-json\/wp\/v2\/media\/23973"}],"wp:attachment":[{"href":"https:\/\/www.fjpremium.com\/de\/wp-json\/wp\/v2\/media?parent=23972"}],"wp:term":[{"taxonomy":"product_brand","embeddable":true,"href":"https:\/\/www.fjpremium.com\/de\/wp-json\/wp\/v2\/product_brand?post=23972"},{"taxonomy":"product_cat","embeddable":true,"href":"https:\/\/www.fjpremium.com\/de\/wp-json\/wp\/v2\/product_cat?post=23972"},{"taxonomy":"product_tag","embeddable":true,"href":"https:\/\/www.fjpremium.com\/de\/wp-json\/wp\/v2\/product_tag?post=23972"}],"curies":[{"name":"wp","href":"https:\/\/api.w.org\/{rel}","templated":true}]}}