{"id":17936,"date":"2022-01-06T15:02:44","date_gmt":"2022-01-06T07:02:44","guid":{"rendered":"https:\/\/www.fjpremium.com\/?post_type=product&#038;p=17936"},"modified":"2023-12-14T14:09:48","modified_gmt":"2023-12-14T06:09:48","slug":"braided-usb4-0-cable-8k-40gbps-twist-cable","status":"publish","type":"product","link":"https:\/\/www.fjpremium.com\/de\/product\/braided-usb4-0-cable-8k-40gbps-twist-cable\/","title":{"rendered":"Geflochtenes USB 4.0-Kabel, 8K 40Gbps Twist-Kabel"},"content":{"rendered":"<p>Kompatibel mit Thunderbolt 4, 3, USB-C-Anschl\u00fcssen und sogar abw\u00e4rtskompatibel mit Thunderbolt 2 und USB 2.0 zu 3.2 Gen 2-Ger\u00e4ten, verspricht dieses Kabel umfassende Nutzbarkeit.<\/p>\n<p>Sie garantiert eine stabile Verbindung \u00fcber verschiedene Ger\u00e4te hinweg, von den neuesten Mobilger\u00e4ten, Laptops, eGPUs und VR-Ger\u00e4ten bis hin zu 10GbE-Adaptern und Docking-Stationen.<\/p>\n<p>Seine bidirektionale Zweikanal-Daten\u00fcbertragungsf\u00e4higkeit liefert eine erstaunliche Datenrate von 40 Gbps und gew\u00e4hrleistet eine blitzschnelle Daten\u00fcbertragung.<\/p>\n<p>Au\u00dferdem unterst\u00fctzt er Bildschirmaufl\u00f6sungen von bis zu 7680*4320@60Hz und bringt Leben in Ihr Seherlebnis.<\/p>\n<p>Das Kabel unterst\u00fctzt HDR10, HDCP 1.4 und 2 sowie die Protokolle PCI Express 3.0 und DisplayPort 1.4a und ist somit vielseitig einsetzbar.<\/p>\n<p>Der verdrillte Kupferleiter ist in einer Aluminiumlegierung untergebracht und zeichnet sich durch eine au\u00dfergew\u00f6hnliche Haltbarkeit aus.<\/p>\n<p>Die geflochtene, verdrillte Kabelkonstruktion sorgt f\u00fcr zus\u00e4tzliche Festigkeit, w\u00e4hrend der vergoldete Kontakt und das vernickelte Geh\u00e4use eine stabile Verbindung gew\u00e4hrleisten.<\/p>\n<p>Au\u00dferdem unterst\u00fctzt unser USB 4.0-Kabel USB Power Delivery (USB PD 3.0) mit bis zu 100 Watt (20V\/5A) und ist damit eine effiziente Ladel\u00f6sung.<\/p>\n<p>Au\u00dferdem ist es RoHS- und REACH-konform und erf\u00fcllt somit die strengen Sicherheitsstandards. Nehmen Sie noch heute Kontakt mit uns auf und investieren Sie in dieses USB 4.0-Kabel.<\/p>\n<h2>Herunterladen:<\/h2>\n<ul>\n<li>Herunterladen der <em><strong><span style=\"color: #00569c;\"><a style=\"color: #00569c;\" href=\"https:\/\/www.fjpremium.com\/download\/Spec Sheet_FS16703B U4 cable twist.pdf\" target=\"_blank\" rel=\"noopener\">Spezifisches Blatt<\/a><\/span><\/strong><\/em><\/li>\n<\/ul>","protected":false},"excerpt":{"rendered":"<p>Mit unserem geflochtenen USB 4.0-Kabel, das eine blitzschnelle Daten\u00fcbertragung mit 40 Gbit\/s und Unterst\u00fctzung f\u00fcr 8K-Displays bietet, sind Sie bereit f\u00fcr Konnektivit\u00e4t der n\u00e4chsten Generation.<\/p>","protected":false},"featured_media":17946,"template":"","meta":{"_acf_changed":false,"_seopress_robots_primary_cat":"","_seopress_titles_title":"Best Braided USB 4.0 Cable - Farsince","_seopress_titles_desc":"Get ready for next-level connectivity with our braided USB 4.0 cable, which offers lightning-fast 40Gbps data transfer and 8K display support.","_seopress_robots_index":"","site-sidebar-layout":"default","site-content-layout":"default","ast-site-content-layout":"default","site-content-style":"default","site-sidebar-style":"default","ast-global-header-display":"","ast-banner-title-visibility":"","ast-main-header-display":"","ast-hfb-above-header-display":"","ast-hfb-below-header-display":"","ast-hfb-mobile-header-display":"","site-post-title":"","ast-breadcrumbs-content":"","ast-featured-img":"","footer-sml-layout":"","ast-disable-related-posts":"","theme-transparent-header-meta":"default","adv-header-id-meta":"","stick-header-meta":"","header-above-stick-meta":"","header-main-stick-meta":"","header-below-stick-meta":"","astra-migrate-meta-layouts":"set","ast-page-background-enabled":"default","ast-page-background-meta":{"desktop":{"background-color":"","background-image":"","background-repeat":"repeat","background-position":"center center","background-size":"auto","background-attachment":"scroll","background-type":"","background-media":"","overlay-type":"","overlay-color":"","overlay-opacity":"","overlay-gradient":""},"tablet":{"background-color":"","background-image":"","background-repeat":"repeat","background-position":"center center","background-size":"auto","background-attachment":"scroll","background-type":"","background-media":"","overlay-type":"","overlay-color":"","overlay-opacity":"","overlay-gradient":""},"mobile":{"background-color":"","background-image":"","background-repeat":"repeat","background-position":"center center","background-size":"auto","background-attachment":"scroll","background-type":"","background-media":"","overlay-type":"","overlay-color":"","overlay-opacity":"","overlay-gradient":""}},"ast-content-background-meta":{"desktop":{"background-color":"var(--ast-global-color-5)","background-image":"","background-repeat":"repeat","background-position":"center center","background-size":"auto","background-attachment":"scroll","background-type":"","background-media":"","overlay-type":"","overlay-color":"","overlay-opacity":"","overlay-gradient":""},"tablet":{"background-color":"var(--ast-global-color-5)","background-image":"","background-repeat":"repeat","background-position":"center center","background-size":"auto","background-attachment":"scroll","background-type":"","background-media":"","overlay-type":"","overlay-color":"","overlay-opacity":"","overlay-gradient":""},"mobile":{"background-color":"var(--ast-global-color-5)","background-image":"","background-repeat":"repeat","background-position":"center center","background-size":"auto","background-attachment":"scroll","background-type":"","background-media":"","overlay-type":"","overlay-color":"","overlay-opacity":"","overlay-gradient":""}},"iawp_total_views":9},"product_brand":[],"product_cat":[653,634],"product_tag":[],"class_list":{"0":"post-17936","1":"product","2":"type-product","3":"status-publish","4":"has-post-thumbnail","6":"product_cat-usb-c","7":"product_cat-usb4-thunderbolt","8":"desktop-align-left","9":"tablet-align-left","10":"mobile-align-left","12":"first","13":"instock","14":"shipping-taxable","15":"purchasable","16":"product-type-simple"},"acf":[],"_links":{"self":[{"href":"https:\/\/www.fjpremium.com\/de\/wp-json\/wp\/v2\/product\/17936","targetHints":{"allow":["GET"]}}],"collection":[{"href":"https:\/\/www.fjpremium.com\/de\/wp-json\/wp\/v2\/product"}],"about":[{"href":"https:\/\/www.fjpremium.com\/de\/wp-json\/wp\/v2\/types\/product"}],"wp:featuredmedia":[{"embeddable":true,"href":"https:\/\/www.fjpremium.com\/de\/wp-json\/wp\/v2\/media\/17946"}],"wp:attachment":[{"href":"https:\/\/www.fjpremium.com\/de\/wp-json\/wp\/v2\/media?parent=17936"}],"wp:term":[{"taxonomy":"product_brand","embeddable":true,"href":"https:\/\/www.fjpremium.com\/de\/wp-json\/wp\/v2\/product_brand?post=17936"},{"taxonomy":"product_cat","embeddable":true,"href":"https:\/\/www.fjpremium.com\/de\/wp-json\/wp\/v2\/product_cat?post=17936"},{"taxonomy":"product_tag","embeddable":true,"href":"https:\/\/www.fjpremium.com\/de\/wp-json\/wp\/v2\/product_tag?post=17936"}],"curies":[{"name":"wp","href":"https:\/\/api.w.org\/{rel}","templated":true}]}}