{"id":17926,"date":"2022-01-06T14:29:22","date_gmt":"2022-01-06T06:29:22","guid":{"rendered":"https:\/\/www.fjpremium.com\/?post_type=product&#038;p=17926"},"modified":"2023-12-14T14:09:54","modified_gmt":"2023-12-14T06:09:54","slug":"usb4-cable-8k-40gbps-coaxial-cable","status":"publish","type":"product","link":"https:\/\/www.fjpremium.com\/de\/product\/usb4-cable-8k-40gbps-coaxial-cable\/","title":{"rendered":"USB 4 Kabel, 8k 40Gbps Koaxialkabel"},"content":{"rendered":"<p>Das auf Kompatibilit\u00e4t ausgelegte USB 4-Kabel l\u00e4sst sich nahtlos an Ger\u00e4te mit Thunderbolt 4, 3 und USB-C-Anschl\u00fcssen anschlie\u00dfen und ist abw\u00e4rtskompatibel mit Thunderbolt 2 und USB 3.2 Gen 2 zu USB 2.0-Ger\u00e4ten.<\/p>\n<p>Dank dieser Vielseitigkeit k\u00f6nnen Sie Smartphones, Monitore, externe SSDs, eGPUs, VR-Ger\u00e4te, 10GbE-Adapter und verschiedene andere Ger\u00e4te \u00fcber einen USB Typ-C- oder Thunderbolt 3-Anschluss anschlie\u00dfen.<\/p>\n<p>Mit einer Daten\u00fcbertragungsrate von 40 Gbps und der Unterst\u00fctzung einer Bildschirmaufl\u00f6sung von bis zu 7680*4320@60Hz erhalten Sie einen reibungslosen und schnellen Datenfluss und lebendige Bilder.<\/p>\n<p>Unser Kabel verf\u00fcgt au\u00dferdem \u00fcber bidirektionale Zweikanal-Daten\u00fcbertragung und unterst\u00fctzt USB Power Delivery (USB PD 3.0) mit bis zu 100 Watt, was es zu einer effizienten Stromversorgungsl\u00f6sung macht.<\/p>\n<p>Dieses langlebige Kabel verf\u00fcgt \u00fcber acht koaxiale, verzinnte Kupferleiter, vergoldete Kontakte und ein vernickeltes Geh\u00e4use.<\/p>\n<p>Die dreifache Abschirmung bietet hervorragenden Schutz, w\u00e4hrend das robuste Geh\u00e4use aus einer Aluminiumlegierung die Haltbarkeit des Kabels erh\u00f6ht.<\/p>\n<p>Durch die Konformit\u00e4t mit RoHS und REACH erf\u00fcllt es hohe Sicherheitsstandards und verspricht Ihnen ein zuverl\u00e4ssiges und sicheres Produkt.<\/p>\n<p>Wenden Sie sich also noch heute an uns und investieren Sie in unser USB-4-Kabel.<\/p>\n<h2>Herunterladen:<\/h2>\n<ul>\n<li>Herunterladen der <a href=\"https:\/\/www.fjpremium.com\/download\/Spec Sheet_FS16703A U4 cable coaxial.pdf\" target=\"_blank\" rel=\"noopener\">Spezifisches Blatt<\/a><\/li>\n<\/ul>","protected":false},"excerpt":{"rendered":"<p>Erneuern Sie Ihre digitale Konnektivit\u00e4t mit diesem hochmodernen USB 4-Kabel, einem 8K-Koaxialkabel mit 40 Gbit\/s, das mit ultraschneller Daten\u00fcbertragung und universeller Kompatibilit\u00e4t ausgestattet ist<\/p>","protected":false},"featured_media":17934,"template":"","meta":{"_acf_changed":false,"_seopress_robots_primary_cat":"","_seopress_titles_title":"Best USB 4 Cable, 8k 40Gbps Coaxial Cable - FARSINCE","_seopress_titles_desc":"","_seopress_robots_index":"","site-sidebar-layout":"default","site-content-layout":"default","ast-site-content-layout":"default","site-content-style":"default","site-sidebar-style":"default","ast-global-header-display":"","ast-banner-title-visibility":"","ast-main-header-display":"","ast-hfb-above-header-display":"","ast-hfb-below-header-display":"","ast-hfb-mobile-header-display":"","site-post-title":"","ast-breadcrumbs-content":"","ast-featured-img":"","footer-sml-layout":"","ast-disable-related-posts":"","theme-transparent-header-meta":"default","adv-header-id-meta":"","stick-header-meta":"","header-above-stick-meta":"","header-main-stick-meta":"","header-below-stick-meta":"","astra-migrate-meta-layouts":"set","ast-page-background-enabled":"default","ast-page-background-meta":{"desktop":{"background-color":"","background-image":"","background-repeat":"repeat","background-position":"center center","background-size":"auto","background-attachment":"scroll","background-type":"","background-media":"","overlay-type":"","overlay-color":"","overlay-opacity":"","overlay-gradient":""},"tablet":{"background-color":"","background-image":"","background-repeat":"repeat","background-position":"center center","background-size":"auto","background-attachment":"scroll","background-type":"","background-media":"","overlay-type":"","overlay-color":"","overlay-opacity":"","overlay-gradient":""},"mobile":{"background-color":"","background-image":"","background-repeat":"repeat","background-position":"center center","background-size":"auto","background-attachment":"scroll","background-type":"","background-media":"","overlay-type":"","overlay-color":"","overlay-opacity":"","overlay-gradient":""}},"ast-content-background-meta":{"desktop":{"background-color":"var(--ast-global-color-5)","background-image":"","background-repeat":"repeat","background-position":"center center","background-size":"auto","background-attachment":"scroll","background-type":"","background-media":"","overlay-type":"","overlay-color":"","overlay-opacity":"","overlay-gradient":""},"tablet":{"background-color":"var(--ast-global-color-5)","background-image":"","background-repeat":"repeat","background-position":"center center","background-size":"auto","background-attachment":"scroll","background-type":"","background-media":"","overlay-type":"","overlay-color":"","overlay-opacity":"","overlay-gradient":""},"mobile":{"background-color":"var(--ast-global-color-5)","background-image":"","background-repeat":"repeat","background-position":"center center","background-size":"auto","background-attachment":"scroll","background-type":"","background-media":"","overlay-type":"","overlay-color":"","overlay-opacity":"","overlay-gradient":""}},"iawp_total_views":9},"product_brand":[],"product_cat":[653,634],"product_tag":[],"class_list":{"0":"post-17926","1":"product","2":"type-product","3":"status-publish","4":"has-post-thumbnail","6":"product_cat-usb-c","7":"product_cat-usb4-thunderbolt","8":"desktop-align-left","9":"tablet-align-left","10":"mobile-align-left","12":"first","13":"instock","14":"shipping-taxable","15":"purchasable","16":"product-type-simple"},"acf":[],"_links":{"self":[{"href":"https:\/\/www.fjpremium.com\/de\/wp-json\/wp\/v2\/product\/17926","targetHints":{"allow":["GET"]}}],"collection":[{"href":"https:\/\/www.fjpremium.com\/de\/wp-json\/wp\/v2\/product"}],"about":[{"href":"https:\/\/www.fjpremium.com\/de\/wp-json\/wp\/v2\/types\/product"}],"wp:featuredmedia":[{"embeddable":true,"href":"https:\/\/www.fjpremium.com\/de\/wp-json\/wp\/v2\/media\/17934"}],"wp:attachment":[{"href":"https:\/\/www.fjpremium.com\/de\/wp-json\/wp\/v2\/media?parent=17926"}],"wp:term":[{"taxonomy":"product_brand","embeddable":true,"href":"https:\/\/www.fjpremium.com\/de\/wp-json\/wp\/v2\/product_brand?post=17926"},{"taxonomy":"product_cat","embeddable":true,"href":"https:\/\/www.fjpremium.com\/de\/wp-json\/wp\/v2\/product_cat?post=17926"},{"taxonomy":"product_tag","embeddable":true,"href":"https:\/\/www.fjpremium.com\/de\/wp-json\/wp\/v2\/product_tag?post=17926"}],"curies":[{"name":"wp","href":"https:\/\/api.w.org\/{rel}","templated":true}]}}