{"id":17847,"date":"2021-12-31T15:19:54","date_gmt":"2021-12-31T07:19:54","guid":{"rendered":"https:\/\/www.fjpremium.com\/?post_type=product&#038;p=17847"},"modified":"2023-12-14T14:10:01","modified_gmt":"2023-12-14T06:10:01","slug":"thunderbolt-3-cable-40gbps","status":"publish","type":"product","link":"https:\/\/www.fjpremium.com\/de\/product\/thunderbolt-3-cable-40gbps\/","title":{"rendered":"Bestes Thunderbolt 3-Kabel, 40Gbps"},"content":{"rendered":"<p>Dieses beste Thunderbolt 3-Kabel bietet eine blitzschnelle Daten\u00fcbertragung von 40 Gbit\/s und unterst\u00fctzt das Aufladen mit 20 V, 5 A und 100 W. Damit erreichen Ihre Ger\u00e4te ein neues Niveau an Leistung und Flexibilit\u00e4t.<\/p>\n<p>Kompatibel mit Type-C MacBooks, Dell, iPad Air 4, iPad Pro 2020, Pixel, Hub, externer SSD, eGpu und USB-C Docking-Stationen, erm\u00f6glicht es den Anschluss einer Vielzahl von Ger\u00e4ten.<\/p>\n<p>Unser vielseitiges Kabel erm\u00f6glicht den Anschluss von einem 5K- oder zwei 4K-DisplayPort-Monitoren sowie von USB 3.1 Gen 2-Ger\u00e4ten.<\/p>\n<p>Er verf\u00fcgt \u00fcber die innovative Thunderbolt 3-Technologie, die nahtlose Daten\u00fcbertragung, Videostreaming und Aufladen in einem einzigen, benutzerfreundlichen Design erm\u00f6glicht.<\/p>\n<p>Zu seinen F\u00e4higkeiten geh\u00f6ren die Unterst\u00fctzung von Daten und Video \u00fcber ein einziges Kabel, das PCI Express 3.0-Protokoll, das DisplayPort 1.2a-Protokoll und Thunderbolt Networking f\u00fcr eine 10-Gb-Ethernet-Verbindung zwischen Computern.<\/p>\n<p>Dar\u00fcber hinaus machen die robuste Konstruktion, die vergoldeten Kontakte, das vernickelte Geh\u00e4use, die dreifache Abschirmung und die Einhaltung der RoHS- und REACH-Normen das Ger\u00e4t zu einer zuverl\u00e4ssigen Wahl f\u00fcr alle Anforderungen der digitalen Konnektivit\u00e4t.<\/p>\n<p>Seine Spezifikationen:<\/p>\n<ul>\n<li>Anschluss 1: Thunderbolt 3 USB Typ-C 24-poliger Stecker<\/li>\n<li>Anschluss 2: Thunderbolt 3 USB Typ-C 24-poliger Stecker<\/li>\n<li>Kabel-Leiter: Koaxialkabel aus verzinntem Kupfer<\/li>\n<li>Drahtst\u00e4rke: 30AWG<\/li>\n<li>Geh\u00e4use: Aluminiumlegierung<\/li>\n<li>Chipsatz: Cypress E-Marker CYPD2704<\/li>\n<li>Mantel: PVC oder TPE<\/li>\n<li>\u00c4u\u00dferer Durchmesser: 4,8\u00b10,2mm<\/li>\n<\/ul>\n<p>Kurzum, kontaktieren Sie uns noch heute und bestellen Sie dieses beste Thunderbolt 3-Kabel.<\/p>\n<h2>Herunterladen:<\/h2>\n<ul>\n<li>Herunterladen der <em><span style=\"color: #00569c;\"><strong><a style=\"color: #00569c;\" href=\"https:\/\/www.fjpremium.com\/download\/Spec Sheet_FS16701 TB3 cable.pdf\">Spezifisches Blatt<\/a><\/strong><\/span><\/em><\/li>\n<\/ul>","protected":false},"excerpt":{"rendered":"<p>Erleben Sie blitzschnelle Daten\u00fcbertragung, Ultra-HD-Videoaufl\u00f6sung und effizientes Aufladen von Strom mit unserem besten Thunderbolt 3-Kabel.<\/p>","protected":false},"featured_media":17854,"template":"","meta":{"_acf_changed":false,"_seopress_robots_primary_cat":"","_seopress_titles_title":"Best Thunderbolt 3 Cable, 40Gbps - FARSINCE","_seopress_titles_desc":"","_seopress_robots_index":"","site-sidebar-layout":"default","site-content-layout":"default","ast-site-content-layout":"default","site-content-style":"default","site-sidebar-style":"default","ast-global-header-display":"","ast-banner-title-visibility":"","ast-main-header-display":"","ast-hfb-above-header-display":"","ast-hfb-below-header-display":"","ast-hfb-mobile-header-display":"","site-post-title":"","ast-breadcrumbs-content":"","ast-featured-img":"","footer-sml-layout":"","ast-disable-related-posts":"","theme-transparent-header-meta":"default","adv-header-id-meta":"","stick-header-meta":"","header-above-stick-meta":"","header-main-stick-meta":"","header-below-stick-meta":"","astra-migrate-meta-layouts":"set","ast-page-background-enabled":"default","ast-page-background-meta":{"desktop":{"background-color":"","background-image":"","background-repeat":"repeat","background-position":"center center","background-size":"auto","background-attachment":"scroll","background-type":"","background-media":"","overlay-type":"","overlay-color":"","overlay-opacity":"","overlay-gradient":""},"tablet":{"background-color":"","background-image":"","background-repeat":"repeat","background-position":"center center","background-size":"auto","background-attachment":"scroll","background-type":"","background-media":"","overlay-type":"","overlay-color":"","overlay-opacity":"","overlay-gradient":""},"mobile":{"background-color":"","background-image":"","background-repeat":"repeat","background-position":"center center","background-size":"auto","background-attachment":"scroll","background-type":"","background-media":"","overlay-type":"","overlay-color":"","overlay-opacity":"","overlay-gradient":""}},"ast-content-background-meta":{"desktop":{"background-color":"var(--ast-global-color-5)","background-image":"","background-repeat":"repeat","background-position":"center center","background-size":"auto","background-attachment":"scroll","background-type":"","background-media":"","overlay-type":"","overlay-color":"","overlay-opacity":"","overlay-gradient":""},"tablet":{"background-color":"var(--ast-global-color-5)","background-image":"","background-repeat":"repeat","background-position":"center center","background-size":"auto","background-attachment":"scroll","background-type":"","background-media":"","overlay-type":"","overlay-color":"","overlay-opacity":"","overlay-gradient":""},"mobile":{"background-color":"var(--ast-global-color-5)","background-image":"","background-repeat":"repeat","background-position":"center center","background-size":"auto","background-attachment":"scroll","background-type":"","background-media":"","overlay-type":"","overlay-color":"","overlay-opacity":"","overlay-gradient":""}},"iawp_total_views":13},"product_brand":[],"product_cat":[653,634],"product_tag":[],"class_list":{"0":"post-17847","1":"product","2":"type-product","3":"status-publish","4":"has-post-thumbnail","6":"product_cat-usb-c","7":"product_cat-usb4-thunderbolt","8":"desktop-align-left","9":"tablet-align-left","10":"mobile-align-left","12":"first","13":"instock","14":"shipping-taxable","15":"purchasable","16":"product-type-simple"},"acf":[],"_links":{"self":[{"href":"https:\/\/www.fjpremium.com\/de\/wp-json\/wp\/v2\/product\/17847","targetHints":{"allow":["GET"]}}],"collection":[{"href":"https:\/\/www.fjpremium.com\/de\/wp-json\/wp\/v2\/product"}],"about":[{"href":"https:\/\/www.fjpremium.com\/de\/wp-json\/wp\/v2\/types\/product"}],"wp:featuredmedia":[{"embeddable":true,"href":"https:\/\/www.fjpremium.com\/de\/wp-json\/wp\/v2\/media\/17854"}],"wp:attachment":[{"href":"https:\/\/www.fjpremium.com\/de\/wp-json\/wp\/v2\/media?parent=17847"}],"wp:term":[{"taxonomy":"product_brand","embeddable":true,"href":"https:\/\/www.fjpremium.com\/de\/wp-json\/wp\/v2\/product_brand?post=17847"},{"taxonomy":"product_cat","embeddable":true,"href":"https:\/\/www.fjpremium.com\/de\/wp-json\/wp\/v2\/product_cat?post=17847"},{"taxonomy":"product_tag","embeddable":true,"href":"https:\/\/www.fjpremium.com\/de\/wp-json\/wp\/v2\/product_tag?post=17847"}],"curies":[{"name":"wp","href":"https:\/\/api.w.org\/{rel}","templated":true}]}}