{"id":17736,"date":"2021-03-12T14:38:17","date_gmt":"2021-03-12T06:38:17","guid":{"rendered":"https:\/\/www.fjpremium.com\/?post_type=product&#038;p=17736"},"modified":"2023-12-14T13:58:47","modified_gmt":"2023-12-14T05:58:47","slug":"pd-wall-charger-kit-pd-18w-charger-adapter-and-cable-usb-c-to-8pin-charger-cable","status":"publish","type":"product","link":"https:\/\/www.fjpremium.com\/de\/product\/pd-wall-charger-kit-pd-18w-charger-adapter-and-cable-usb-c-to-8pin-charger-cable\/","title":{"rendered":"PD Wall Charger Kit PD 18W Ladeger\u00e4t Adapter und Kabel USB C auf 8pin Ladekabel"},"content":{"rendered":"<div>\n<div id=\"ali-anchor-AliMagic-osc0im\" data-section=\"AliMagic-osc0im\" data-section-title=\"Product Description\" data-spm-anchor-id=\"a2700.details.0.i21.bb5b731fRqv8Da\">\n<p>Dieses effiziente Ladeger\u00e4t-Kit enth\u00e4lt einen robusten PD-18W-Ladeadapter und ein USB-C-auf-8-Pin-Ladekabel.<\/p>\n<p>Der mit modernster Technologie ausgestattete Typ-C-Anschluss sorgt f\u00fcr schnelles, effizientes Aufladen, w\u00e4hrend der Lightning-Anschluss Vielseitigkeit bietet.<\/p>\n<p>Das Kit ist mit einem PVC- und TPE-ABS-Mantel ummantelt und auf Langlebigkeit ausgelegt. Sie k\u00f6nnen zwischen elegantem Schwarz und makellosem Wei\u00df w\u00e4hlen, je nachdem, was Sie \u00e4sthetisch bevorzugen.<\/p>\n<p>Und bei jedem Kauf erhalten Sie das Produkt in einer farbenfrohen Box, die unser Engagement f\u00fcr Qualit\u00e4t und Benutzerfreundlichkeit symbolisiert.<\/p>\n<p>Dar\u00fcber hinaus entspricht unser 18-W-Ladeadapter-Kit den ROHS-Normen und wird durch eine 2-j\u00e4hrige Garantie abgesichert. Nehmen Sie also noch heute Kontakt mit uns auf und investieren Sie in dieses Produkt.<\/p>\n<\/div>\n<\/div>\n<div><\/div>","protected":false},"excerpt":{"rendered":"<p>Steigern Sie die Ladeeffizienz mit dem Farsince PD 18W-Ladeadapter und einem USB-C-auf-8-Pin-Kabel, das schnelles, zuverl\u00e4ssiges Laden in zwei eleganten Farben bietet.<\/p>","protected":false},"featured_media":17737,"template":"","meta":{"_acf_changed":false,"_seopress_robots_primary_cat":"","_seopress_titles_title":"PD Wall Charger Kit PD 18W Charger Adapter - Farsince","_seopress_titles_desc":"","_seopress_robots_index":"","site-sidebar-layout":"default","site-content-layout":"default","ast-site-content-layout":"default","site-content-style":"default","site-sidebar-style":"default","ast-global-header-display":"","ast-banner-title-visibility":"","ast-main-header-display":"","ast-hfb-above-header-display":"","ast-hfb-below-header-display":"","ast-hfb-mobile-header-display":"","site-post-title":"","ast-breadcrumbs-content":"","ast-featured-img":"","footer-sml-layout":"","ast-disable-related-posts":"","theme-transparent-header-meta":"default","adv-header-id-meta":"","stick-header-meta":"","header-above-stick-meta":"","header-main-stick-meta":"","header-below-stick-meta":"","astra-migrate-meta-layouts":"set","ast-page-background-enabled":"default","ast-page-background-meta":{"desktop":{"background-color":"","background-image":"","background-repeat":"repeat","background-position":"center center","background-size":"auto","background-attachment":"scroll","background-type":"","background-media":"","overlay-type":"","overlay-color":"","overlay-opacity":"","overlay-gradient":""},"tablet":{"background-color":"","background-image":"","background-repeat":"repeat","background-position":"center center","background-size":"auto","background-attachment":"scroll","background-type":"","background-media":"","overlay-type":"","overlay-color":"","overlay-opacity":"","overlay-gradient":""},"mobile":{"background-color":"","background-image":"","background-repeat":"repeat","background-position":"center center","background-size":"auto","background-attachment":"scroll","background-type":"","background-media":"","overlay-type":"","overlay-color":"","overlay-opacity":"","overlay-gradient":""}},"ast-content-background-meta":{"desktop":{"background-color":"var(--ast-global-color-5)","background-image":"","background-repeat":"repeat","background-position":"center center","background-size":"auto","background-attachment":"scroll","background-type":"","background-media":"","overlay-type":"","overlay-color":"","overlay-opacity":"","overlay-gradient":""},"tablet":{"background-color":"var(--ast-global-color-5)","background-image":"","background-repeat":"repeat","background-position":"center center","background-size":"auto","background-attachment":"scroll","background-type":"","background-media":"","overlay-type":"","overlay-color":"","overlay-opacity":"","overlay-gradient":""},"mobile":{"background-color":"var(--ast-global-color-5)","background-image":"","background-repeat":"repeat","background-position":"center center","background-size":"auto","background-attachment":"scroll","background-type":"","background-media":"","overlay-type":"","overlay-color":"","overlay-opacity":"","overlay-gradient":""}},"iawp_total_views":6},"product_brand":[],"product_cat":[636,207],"product_tag":[],"class_list":{"0":"post-17736","1":"product","2":"type-product","3":"status-publish","4":"has-post-thumbnail","6":"product_cat-usb-2-0-cables","7":"product_cat-pc-phone-accessories","8":"desktop-align-left","9":"tablet-align-left","10":"mobile-align-left","12":"first","13":"instock","14":"shipping-taxable","15":"purchasable","16":"product-type-simple"},"acf":[],"_links":{"self":[{"href":"https:\/\/www.fjpremium.com\/de\/wp-json\/wp\/v2\/product\/17736","targetHints":{"allow":["GET"]}}],"collection":[{"href":"https:\/\/www.fjpremium.com\/de\/wp-json\/wp\/v2\/product"}],"about":[{"href":"https:\/\/www.fjpremium.com\/de\/wp-json\/wp\/v2\/types\/product"}],"wp:featuredmedia":[{"embeddable":true,"href":"https:\/\/www.fjpremium.com\/de\/wp-json\/wp\/v2\/media\/17737"}],"wp:attachment":[{"href":"https:\/\/www.fjpremium.com\/de\/wp-json\/wp\/v2\/media?parent=17736"}],"wp:term":[{"taxonomy":"product_brand","embeddable":true,"href":"https:\/\/www.fjpremium.com\/de\/wp-json\/wp\/v2\/product_brand?post=17736"},{"taxonomy":"product_cat","embeddable":true,"href":"https:\/\/www.fjpremium.com\/de\/wp-json\/wp\/v2\/product_cat?post=17736"},{"taxonomy":"product_tag","embeddable":true,"href":"https:\/\/www.fjpremium.com\/de\/wp-json\/wp\/v2\/product_tag?post=17736"}],"curies":[{"name":"wp","href":"https:\/\/api.w.org\/{rel}","templated":true}]}}