{"id":17727,"date":"2021-03-11T10:54:07","date_gmt":"2021-03-11T02:54:07","guid":{"rendered":"https:\/\/www.fjpremium.com\/?post_type=product&#038;p=17727"},"modified":"2023-05-24T14:38:02","modified_gmt":"2023-05-24T06:38:02","slug":"2-in-1-apple-lightning-to-3-5mm-headphone-audio-charger-adapter","status":"publish","type":"product","link":"https:\/\/www.fjpremium.com\/de\/product\/2-in-1-apple-lightning-to-3-5mm-headphone-audio-charger-adapter\/","title":{"rendered":"2 in 1 Apple Lightning zu 3.5mm Kopfh\u00f6rer Ladeger\u00e4t Adapter"},"content":{"rendered":"<p>Dieser Kopfh\u00f6rer-Ladeadapter erm\u00f6glicht die Verwendung Ihrer vorhandenen 3,5-mm-Kopfh\u00f6rer mit verschiedenen iPhone-Modellen, einschlie\u00dflich iPhone 12 Serie, 11 Serie, XS, XR, X, 8, 7 und 6 Plus.<\/p>\n<p>Es ist auch kompatibel mit iPod Touches der 6. Generation, iPad Mini, iPad Air und iPad Pro Modellen mit Lightning-Anschluss.<\/p>\n<p>Bitte beachten Sie, dass es nicht mit den 2018 iPad Pro 11\u2033 \/ 12.9\u2033 Modellen mit USB-C Schnittstelle kompatibel ist.<\/p>\n<p>Unser Kopfh\u00f6rer-Ladeadapter verf\u00fcgt \u00fcber einen 2-in-1-Audio- und Ladeanschluss und erm\u00f6glicht es Ihnen, Musik zu h\u00f6ren und gleichzeitig Ihr Ger\u00e4t aufzuladen.<\/p>\n<p>Und diese Vielseitigkeit erstreckt sich auch auf den Einsatz im Heim- und Autobereich und macht ihn zu einem Adapter f\u00fcr alle Ihre Bed\u00fcrfnisse.<\/p>\n<p>Der Adapter ist mit dem originalen C100- oder C101-Chipsatz ausgestattet und unterst\u00fctzt sowohl die Kopfh\u00f6rer- als auch die Mikrofonfunktion f\u00fcr Telefonate.<\/p>\n<p>Er verf\u00fcgt \u00fcber eine Abtastrate von bis zu 48 KHz und filtert Rauschen heraus, um ein klares und hochwertiges Audioerlebnis zu gew\u00e4hrleisten.<\/p>\n<p>Und der flexible und haltbare PVC-Mantel macht es f\u00fcr den langfristigen Einsatz geeignet.<\/p>\n<p>Au\u00dferdem verf\u00fcgt unser Adapter \u00fcber einen 8-poligen Lightning-Stecker, eine 3,5-mm-Stereo-Audiobuchse und eine Lightning-Buchse zum Aufladen.<\/p>\n<p>Vergoldete Kontakte und Geh\u00e4use erh\u00f6hen die Haltbarkeit und sind korrosionsbest\u00e4ndig.<\/p>\n<p>Der Kabelleiter besteht aus lackiertem Draht, der entweder in ABS oder Aluminium untergebracht ist.<\/p>\n<p>Sein Au\u00dfendurchmesser betr\u00e4gt 3,2 mm. Au\u00dferdem ist er RoHS- und REACH-konform und unterstreicht damit unser Engagement f\u00fcr sichere und umweltfreundliche Produkte.<\/p>\n<p>Insgesamt ist dieser 2 In 1 Apple Lightning auf 3,5mm Kopfh\u00f6rer-Ladeadapter ein unverzichtbares Zubeh\u00f6r f\u00fcr Ihre Apple-Ger\u00e4te.<\/p>\n<p>Es kombiniert einen Kopfh\u00f6rer-Ladeadapter, der eine nahtlose Integration von Lade- und Audiofunktionen in einem schlanken, robusten Paket gew\u00e4hrleistet.<\/p>\n<h2>Herunterladen:<\/h2>\n<ul>\n<li>Datenblatt des Apple Lightning auf 3.5mm Buchse Kopfh\u00f6rer Audio Adapter<\/li>\n<\/ul>\n<h2>Informationen zur Bestellung:<\/h2>\n<ul>\n<li>FS18503A: 8CM Apple Original-Stil ABS-Schale<\/li>\n<li>FS18503B: 8CM geflochtenes Kabel mit Metallgeh\u00e4use<\/li>\n<\/ul>","protected":false},"excerpt":{"rendered":"<p>Verbessern Sie Ihr Audio- und Ladeerlebnis mit unserem leistungsstarken 2-in-1-Lightning-auf-3,5-mm-Kopfh\u00f6rer-Ladeadapter, der speziell f\u00fcr Apple-Ger\u00e4te entwickelt wurde.<\/p>","protected":false},"featured_media":17729,"template":"","meta":{"_acf_changed":false,"_seopress_robots_primary_cat":"","_seopress_titles_title":"Headphone Charger Adapter - Farsince","_seopress_titles_desc":"","_seopress_robots_index":"","site-sidebar-layout":"default","site-content-layout":"default","ast-site-content-layout":"default","site-content-style":"default","site-sidebar-style":"default","ast-global-header-display":"","ast-banner-title-visibility":"","ast-main-header-display":"","ast-hfb-above-header-display":"","ast-hfb-below-header-display":"","ast-hfb-mobile-header-display":"","site-post-title":"","ast-breadcrumbs-content":"","ast-featured-img":"","footer-sml-layout":"","ast-disable-related-posts":"","theme-transparent-header-meta":"default","adv-header-id-meta":"","stick-header-meta":"","header-above-stick-meta":"","header-main-stick-meta":"","header-below-stick-meta":"","astra-migrate-meta-layouts":"default","ast-page-background-enabled":"default","ast-page-background-meta":{"desktop":{"background-color":"","background-image":"","background-repeat":"repeat","background-position":"center center","background-size":"auto","background-attachment":"scroll","background-type":"","background-media":"","overlay-type":"","overlay-color":"","overlay-opacity":"","overlay-gradient":""},"tablet":{"background-color":"","background-image":"","background-repeat":"repeat","background-position":"center center","background-size":"auto","background-attachment":"scroll","background-type":"","background-media":"","overlay-type":"","overlay-color":"","overlay-opacity":"","overlay-gradient":""},"mobile":{"background-color":"","background-image":"","background-repeat":"repeat","background-position":"center center","background-size":"auto","background-attachment":"scroll","background-type":"","background-media":"","overlay-type":"","overlay-color":"","overlay-opacity":"","overlay-gradient":""}},"ast-content-background-meta":{"desktop":{"background-color":"var(--ast-global-color-5)","background-image":"","background-repeat":"repeat","background-position":"center center","background-size":"auto","background-attachment":"scroll","background-type":"","background-media":"","overlay-type":"","overlay-color":"","overlay-opacity":"","overlay-gradient":""},"tablet":{"background-color":"var(--ast-global-color-5)","background-image":"","background-repeat":"repeat","background-position":"center center","background-size":"auto","background-attachment":"scroll","background-type":"","background-media":"","overlay-type":"","overlay-color":"","overlay-opacity":"","overlay-gradient":""},"mobile":{"background-color":"var(--ast-global-color-5)","background-image":"","background-repeat":"repeat","background-position":"center center","background-size":"auto","background-attachment":"scroll","background-type":"","background-media":"","overlay-type":"","overlay-color":"","overlay-opacity":"","overlay-gradient":""}},"iawp_total_views":3},"product_brand":[],"product_cat":[219],"product_tag":[],"class_list":{"0":"post-17727","1":"product","2":"type-product","3":"status-publish","4":"has-post-thumbnail","6":"product_cat-audio-video","7":"desktop-align-left","8":"tablet-align-left","9":"mobile-align-left","11":"first","12":"instock","13":"shipping-taxable","14":"purchasable","15":"product-type-simple"},"acf":[],"_links":{"self":[{"href":"https:\/\/www.fjpremium.com\/de\/wp-json\/wp\/v2\/product\/17727","targetHints":{"allow":["GET"]}}],"collection":[{"href":"https:\/\/www.fjpremium.com\/de\/wp-json\/wp\/v2\/product"}],"about":[{"href":"https:\/\/www.fjpremium.com\/de\/wp-json\/wp\/v2\/types\/product"}],"wp:featuredmedia":[{"embeddable":true,"href":"https:\/\/www.fjpremium.com\/de\/wp-json\/wp\/v2\/media\/17729"}],"wp:attachment":[{"href":"https:\/\/www.fjpremium.com\/de\/wp-json\/wp\/v2\/media?parent=17727"}],"wp:term":[{"taxonomy":"product_brand","embeddable":true,"href":"https:\/\/www.fjpremium.com\/de\/wp-json\/wp\/v2\/product_brand?post=17727"},{"taxonomy":"product_cat","embeddable":true,"href":"https:\/\/www.fjpremium.com\/de\/wp-json\/wp\/v2\/product_cat?post=17727"},{"taxonomy":"product_tag","embeddable":true,"href":"https:\/\/www.fjpremium.com\/de\/wp-json\/wp\/v2\/product_tag?post=17727"}],"curies":[{"name":"wp","href":"https:\/\/api.w.org\/{rel}","templated":true}]}}