{"id":17704,"date":"2021-03-11T10:47:04","date_gmt":"2021-03-11T02:47:04","guid":{"rendered":"https:\/\/www.fjpremium.com\/?post_type=product&#038;p=17704"},"modified":"2023-05-24T15:00:14","modified_gmt":"2023-05-24T07:00:14","slug":"digital-optical-audio-cable-toslink-fiber-optic-cable","status":"publish","type":"product","link":"https:\/\/www.fjpremium.com\/de\/product\/digital-optical-audio-cable-toslink-fiber-optic-cable\/","title":{"rendered":"Optisches Digital-Audiokabel, Toslink-Glasfaserkabel"},"content":{"rendered":"<p>Toslink-Glasfaserkabel, unser digitales optisches Audiokabel, verbindet leistungsstarke Audiokomponenten wie die Xbox 360 und Xbox One mit Ihrem Fernseher, AV-Receiver, DAC und PS4.<\/p>\n<p>Es funktioniert mit VD\/CD-, Blu-ray- und anderen Ger\u00e4ten mit Standard- und High-Definition-Toslink-Anschl\u00fcssen (S\/PDIF, optisch).<\/p>\n<p>Dieses digitale optische Audiokabel enth\u00e4lt Toslink-Audiokabel mit Steckern und vergoldeten Steckern f\u00fcr solide Konnektivit\u00e4t und Korrosionsbest\u00e4ndigkeit.<\/p>\n<p>Eine spezielle Mikrokonvexlinsentechnologie sorgt f\u00fcr eine gute B\u00fcndelung des Strahls, wodurch der Signalverlust verringert wird, und eine Gummischutzkappe verhindert, dass Staubpartikel in die N\u00e4he der optischen Enden gelangen.<\/p>\n<p>Das Kabel eignet sich f\u00fcr 2-Kanal-PCM, Dolby 2.0\/5.1\/7.1-Surround-Sound, DTS, LPCM 5.1 und andere Audiosignale, da es weitgehend mit dem Standard-S\/PDIF-Protokoll kompatibel ist und einen flexiblen und robusten PVC-Mantel besitzt, der eine lange Nutzungsdauer garantiert.<\/p>\n<p>Ein Kunststoffkopf und eine Metallmantelverbindung sowie vergoldete Kontakte und ein Mantel werden auch f\u00fcr die Konstruktion des digitalen optischen Audiokabels verwendet, um die Langlebigkeit zu erh\u00f6hen.<\/p>\n<p>Der Leiter besteht aus blankem Kupfer oder CCS und wird zus\u00e4tzlich durch eine Spritzgussform gesch\u00fctzt.<\/p>\n<p>Es hat einen Au\u00dfendurchmesser von 6,0 mm, eine D\u00e4mpfung von weniger als 180 dB\/km und einen Betriebstemperaturbereich von -55 \u00b0C bis +85 \u00b0C.<\/p>\n<p>Dadurch bietet unser Kabel eine zuverl\u00e4ssige und qualitativ hochwertige Verbindung f\u00fcr Ihre Audioger\u00e4te, so dass Sie eine bessere Klangqualit\u00e4t in all Ihren Unterhaltungssystemen erleben k\u00f6nnen.<\/p>\n<p>Es ist vollst\u00e4ndig kompatibel mit RoHS und REACH. Kontaktieren Sie uns also gleich!<\/p>\n<h2>Herunterladen:<\/h2>\n<ul>\n<li>Datenblatt f\u00fcr 3RCA Stecker auf 3RCA Stecker Audio-Video-Composite-Kabel<\/li>\n<\/ul>\n<h2>Informationen zur Bestellung:<\/h2>\n<ul>\n<li>FS18202-010: 1.0M<\/li>\n<li>FS18202-018: 1,8 M<\/li>\n<li>FS18202-030: 3,0M<\/li>\n<li>FS18202-050: 5,0M<\/li>\n<\/ul>","protected":false},"excerpt":{"rendered":"<p>Erleben Sie \u00fcberragende Audioqualit\u00e4t mit dem digitalen optischen Audiokabel von Farsince, dem perfekten Begleiter f\u00fcr Ihr Heimkino, Ihre Soundbar, Ihre Spielekonsole und vieles mehr.<\/p>","protected":false},"featured_media":17707,"template":"","meta":{"_acf_changed":false,"_seopress_robots_primary_cat":"","_seopress_titles_title":"Best Digital Optical Audio Cable - Farsince","_seopress_titles_desc":"","_seopress_robots_index":"","site-sidebar-layout":"default","site-content-layout":"default","ast-site-content-layout":"default","site-content-style":"default","site-sidebar-style":"default","ast-global-header-display":"","ast-banner-title-visibility":"","ast-main-header-display":"","ast-hfb-above-header-display":"","ast-hfb-below-header-display":"","ast-hfb-mobile-header-display":"","site-post-title":"","ast-breadcrumbs-content":"","ast-featured-img":"","footer-sml-layout":"","ast-disable-related-posts":"","theme-transparent-header-meta":"default","adv-header-id-meta":"","stick-header-meta":"","header-above-stick-meta":"","header-main-stick-meta":"","header-below-stick-meta":"","astra-migrate-meta-layouts":"default","ast-page-background-enabled":"default","ast-page-background-meta":{"desktop":{"background-color":"","background-image":"","background-repeat":"repeat","background-position":"center center","background-size":"auto","background-attachment":"scroll","background-type":"","background-media":"","overlay-type":"","overlay-color":"","overlay-opacity":"","overlay-gradient":""},"tablet":{"background-color":"","background-image":"","background-repeat":"repeat","background-position":"center center","background-size":"auto","background-attachment":"scroll","background-type":"","background-media":"","overlay-type":"","overlay-color":"","overlay-opacity":"","overlay-gradient":""},"mobile":{"background-color":"","background-image":"","background-repeat":"repeat","background-position":"center center","background-size":"auto","background-attachment":"scroll","background-type":"","background-media":"","overlay-type":"","overlay-color":"","overlay-opacity":"","overlay-gradient":""}},"ast-content-background-meta":{"desktop":{"background-color":"var(--ast-global-color-5)","background-image":"","background-repeat":"repeat","background-position":"center center","background-size":"auto","background-attachment":"scroll","background-type":"","background-media":"","overlay-type":"","overlay-color":"","overlay-opacity":"","overlay-gradient":""},"tablet":{"background-color":"var(--ast-global-color-5)","background-image":"","background-repeat":"repeat","background-position":"center center","background-size":"auto","background-attachment":"scroll","background-type":"","background-media":"","overlay-type":"","overlay-color":"","overlay-opacity":"","overlay-gradient":""},"mobile":{"background-color":"var(--ast-global-color-5)","background-image":"","background-repeat":"repeat","background-position":"center center","background-size":"auto","background-attachment":"scroll","background-type":"","background-media":"","overlay-type":"","overlay-color":"","overlay-opacity":"","overlay-gradient":""}},"iawp_total_views":16},"product_brand":[],"product_cat":[219],"product_tag":[],"class_list":{"0":"post-17704","1":"product","2":"type-product","3":"status-publish","4":"has-post-thumbnail","6":"product_cat-audio-video","7":"desktop-align-left","8":"tablet-align-left","9":"mobile-align-left","11":"first","12":"instock","13":"shipping-taxable","14":"purchasable","15":"product-type-simple"},"acf":[],"_links":{"self":[{"href":"https:\/\/www.fjpremium.com\/de\/wp-json\/wp\/v2\/product\/17704","targetHints":{"allow":["GET"]}}],"collection":[{"href":"https:\/\/www.fjpremium.com\/de\/wp-json\/wp\/v2\/product"}],"about":[{"href":"https:\/\/www.fjpremium.com\/de\/wp-json\/wp\/v2\/types\/product"}],"wp:featuredmedia":[{"embeddable":true,"href":"https:\/\/www.fjpremium.com\/de\/wp-json\/wp\/v2\/media\/17707"}],"wp:attachment":[{"href":"https:\/\/www.fjpremium.com\/de\/wp-json\/wp\/v2\/media?parent=17704"}],"wp:term":[{"taxonomy":"product_brand","embeddable":true,"href":"https:\/\/www.fjpremium.com\/de\/wp-json\/wp\/v2\/product_brand?post=17704"},{"taxonomy":"product_cat","embeddable":true,"href":"https:\/\/www.fjpremium.com\/de\/wp-json\/wp\/v2\/product_cat?post=17704"},{"taxonomy":"product_tag","embeddable":true,"href":"https:\/\/www.fjpremium.com\/de\/wp-json\/wp\/v2\/product_tag?post=17704"}],"curies":[{"name":"wp","href":"https:\/\/api.w.org\/{rel}","templated":true}]}}