{"id":17698,"date":"2021-03-11T10:45:43","date_gmt":"2021-03-11T02:45:43","guid":{"rendered":"https:\/\/www.fjpremium.com\/?post_type=product&#038;p=17698"},"modified":"2023-05-24T15:02:34","modified_gmt":"2023-05-24T07:02:34","slug":"3rca-male-to-3rca-male-audio-video-composite-cable","status":"publish","type":"product","link":"https:\/\/www.fjpremium.com\/de\/product\/3rca-male-to-3rca-male-audio-video-composite-cable\/","title":{"rendered":"3RCA Stecker auf 3RCA Stecker Audio Video Composite Kabel"},"content":{"rendered":"<p>Ob Sie Ihren Videorekorder, Ihre Set-Top-Box, Ihren DVD-Player oder andere Ger\u00e4te mit einem Fernseher, AV-Receiver, Verst\u00e4rker, Projektor, Radio oder anderen Ger\u00e4ten mit Cinch-Anschl\u00fcssen verbinden, dieses Audio-Video-Composite-Kabel ist eine ausgezeichnete Wahl.<\/p>\n<p>Es ist f\u00fcr die \u00dcbertragung von Audio- und Videosignalen im Niederfrequenzbereich mit hoher Wiedergabetreue konzipiert.<\/p>\n<p>Die Konstruktion des Audio-Video-Composite-Kabels ist lobenswert, mit einem weichen PVC-Mantel und Formteilen f\u00fcr verbesserte Flexibilit\u00e4t und Haltbarkeit.<\/p>\n<p>Die vergoldeten Stecker und die blanken Kupferleiter sorgen f\u00fcr eine hervorragende Kabelleistung und eine verlustfreie Audio\u00fcbertragung.<\/p>\n<p>Dieses Composite-Video-Kabel verf\u00fcgt \u00fcber 3RCA-Stecker-zu-3RCA-Stecker-Verbindungen, die RCA Composite-Video (RG59) und 2RCA-Stereo-Audiokabel (links und rechts) umfassen.<\/p>\n<p>Zu den technischen Daten geh\u00f6ren RCA-Stecker x 3 an beiden Enden, vergoldete Kontakte und Schalen sowie ein CCS-Leiter.<\/p>\n<p>Es verwendet eine 28AWG-Drahtst\u00e4rke und ist in einer Spritzgussform untergebracht, was eine lange Lebensdauer verspricht.<\/p>\n<p>Au\u00dferdem ist er mit einer Isolierung aus Polyethylenschaum (PF) mit einem Au\u00dfendurchmesser von 2,6\u00d77,8 mm ausgestattet.<\/p>\n<p>Folglich ist unser Kabel RoHS- und REACH-konform und damit Ihre erste Wahl f\u00fcr zuverl\u00e4ssige, hochwertige Audio- und Videoverbindungen.<\/p>\n<h2>Herunterladen:<\/h2>\n<ul>\n<li>Datenblatt f\u00fcr 3RCA Stecker auf 3RCA Stecker Audio-Video-Composite-Kabel<\/li>\n<\/ul>\n<h2>Informationen zur Bestellung:<\/h2>\n<ul>\n<li>FS18103-010: 1.0M<\/li>\n<li>FS18103-018: 1,8 M<\/li>\n<li>FS18103-030: 3,0M<\/li>\n<li>FS18103-050: 5,0M<\/li>\n<\/ul>","protected":false},"excerpt":{"rendered":"<p>Erleben Sie Audio- und Video\u00fcbertragung mit unserem Audio-Video-Composite-Kabel, das Ihre Verbindungsanforderungen vereinfacht und gleichzeitig eine hohe Signalqualit\u00e4t gew\u00e4hrleistet<\/p>","protected":false},"featured_media":17701,"template":"","meta":{"_acf_changed":false,"_seopress_robots_primary_cat":"","_seopress_titles_title":"Audio Video Composite Cable - Farsince","_seopress_titles_desc":"","_seopress_robots_index":"","site-sidebar-layout":"default","site-content-layout":"default","ast-site-content-layout":"default","site-content-style":"default","site-sidebar-style":"default","ast-global-header-display":"","ast-banner-title-visibility":"","ast-main-header-display":"","ast-hfb-above-header-display":"","ast-hfb-below-header-display":"","ast-hfb-mobile-header-display":"","site-post-title":"","ast-breadcrumbs-content":"","ast-featured-img":"","footer-sml-layout":"","ast-disable-related-posts":"","theme-transparent-header-meta":"default","adv-header-id-meta":"","stick-header-meta":"","header-above-stick-meta":"","header-main-stick-meta":"","header-below-stick-meta":"","astra-migrate-meta-layouts":"default","ast-page-background-enabled":"default","ast-page-background-meta":{"desktop":{"background-color":"","background-image":"","background-repeat":"repeat","background-position":"center center","background-size":"auto","background-attachment":"scroll","background-type":"","background-media":"","overlay-type":"","overlay-color":"","overlay-opacity":"","overlay-gradient":""},"tablet":{"background-color":"","background-image":"","background-repeat":"repeat","background-position":"center center","background-size":"auto","background-attachment":"scroll","background-type":"","background-media":"","overlay-type":"","overlay-color":"","overlay-opacity":"","overlay-gradient":""},"mobile":{"background-color":"","background-image":"","background-repeat":"repeat","background-position":"center center","background-size":"auto","background-attachment":"scroll","background-type":"","background-media":"","overlay-type":"","overlay-color":"","overlay-opacity":"","overlay-gradient":""}},"ast-content-background-meta":{"desktop":{"background-color":"var(--ast-global-color-5)","background-image":"","background-repeat":"repeat","background-position":"center center","background-size":"auto","background-attachment":"scroll","background-type":"","background-media":"","overlay-type":"","overlay-color":"","overlay-opacity":"","overlay-gradient":""},"tablet":{"background-color":"var(--ast-global-color-5)","background-image":"","background-repeat":"repeat","background-position":"center center","background-size":"auto","background-attachment":"scroll","background-type":"","background-media":"","overlay-type":"","overlay-color":"","overlay-opacity":"","overlay-gradient":""},"mobile":{"background-color":"var(--ast-global-color-5)","background-image":"","background-repeat":"repeat","background-position":"center center","background-size":"auto","background-attachment":"scroll","background-type":"","background-media":"","overlay-type":"","overlay-color":"","overlay-opacity":"","overlay-gradient":""}},"iawp_total_views":3},"product_brand":[],"product_cat":[219],"product_tag":[],"class_list":{"0":"post-17698","1":"product","2":"type-product","3":"status-publish","4":"has-post-thumbnail","6":"product_cat-audio-video","7":"desktop-align-left","8":"tablet-align-left","9":"mobile-align-left","11":"first","12":"instock","13":"shipping-taxable","14":"purchasable","15":"product-type-simple"},"acf":[],"_links":{"self":[{"href":"https:\/\/www.fjpremium.com\/de\/wp-json\/wp\/v2\/product\/17698","targetHints":{"allow":["GET"]}}],"collection":[{"href":"https:\/\/www.fjpremium.com\/de\/wp-json\/wp\/v2\/product"}],"about":[{"href":"https:\/\/www.fjpremium.com\/de\/wp-json\/wp\/v2\/types\/product"}],"wp:featuredmedia":[{"embeddable":true,"href":"https:\/\/www.fjpremium.com\/de\/wp-json\/wp\/v2\/media\/17701"}],"wp:attachment":[{"href":"https:\/\/www.fjpremium.com\/de\/wp-json\/wp\/v2\/media?parent=17698"}],"wp:term":[{"taxonomy":"product_brand","embeddable":true,"href":"https:\/\/www.fjpremium.com\/de\/wp-json\/wp\/v2\/product_brand?post=17698"},{"taxonomy":"product_cat","embeddable":true,"href":"https:\/\/www.fjpremium.com\/de\/wp-json\/wp\/v2\/product_cat?post=17698"},{"taxonomy":"product_tag","embeddable":true,"href":"https:\/\/www.fjpremium.com\/de\/wp-json\/wp\/v2\/product_tag?post=17698"}],"curies":[{"name":"wp","href":"https:\/\/api.w.org\/{rel}","templated":true}]}}