{"id":17690,"date":"2021-03-11T10:44:23","date_gmt":"2021-03-11T02:44:23","guid":{"rendered":"https:\/\/www.fjpremium.com\/?post_type=product&#038;p=17690"},"modified":"2023-05-24T15:03:58","modified_gmt":"2023-05-24T07:03:58","slug":"2rca-male-to-2rca-male-stereo-coaxial-audio-cable","status":"publish","type":"product","link":"https:\/\/www.fjpremium.com\/de\/product\/2rca-male-to-2rca-male-stereo-coaxial-audio-cable\/","title":{"rendered":"2RCA-Stecker auf 2RCA-Stecker Stereo-Koaxial-Audiokabel"},"content":{"rendered":"<p>Unser hochwertiges Stereo-Koaxial-Audiokabel ist eine ausgezeichnete Wahl, um Ihr Heimkino, HDTV, Spielkonsolen oder Hi-Fi-Systeme zu verbessern, indem es die Klangqualit\u00e4t f\u00fcr ein intensiveres, intensiveres Klangerlebnis verst\u00e4rkt.<\/p>\n<p>Es ist mit vergoldeten Anschl\u00fcssen ausgestattet, die f\u00fcr eine hervorragende Audio-\/Videosignal\u00fcbertragung sorgen und gleichzeitig Signalst\u00f6rungen reduzieren.<\/p>\n<p>Und wenn moderne Verbindungsarten nicht in Frage kommen, ist es eine hervorragende Alternative f\u00fcr Ihre Audio-\/Videoanwendungen.<\/p>\n<p>Das Kabel verf\u00fcgt \u00fcber einen 2RCA-Stecker-auf-2RCA-Stecker-Audioanschluss, der perfekt mit Ihrem Fernseher, DVD-Player, CD-Player, Verst\u00e4rker, Plattenspieler und Lautsprechersystem zusammenarbeitet.<\/p>\n<p>Der blanke Kupfer- oder CCS-Leiter mit einem Adernquerschnitt von 28 AWG sorgt f\u00fcr maximale Leitf\u00e4higkeit und Haltbarkeit, w\u00e4hrend der weiche PVC-Mantel ein bequemes Kabelmanagement erm\u00f6glicht.<\/p>\n<p>Was die technischen Daten betrifft, so verf\u00fcgt dieses Stereo-Koaxial-Audiokabel \u00fcber RCA-Stecker x 2 an beiden Enden mit vergoldeten Kontakten und Geh\u00e4usen.<\/p>\n<p>Er ist in einer Spritzgussform untergebracht, verf\u00fcgt \u00fcber eine Isolierung aus Polyethylenschaum (PF) und ist mit einem haltbaren PVC-Mantel versehen. Der Au\u00dfendurchmesser betr\u00e4gt 2,6\u00d75,2 mm.<\/p>\n<p>Unser Stereo-Koaxial-Audiokabel entspricht den RoHS- und REACH-Normen und ist damit eine zuverl\u00e4ssige und umweltbewusste Wahl f\u00fcr Ihre Audioanschl\u00fcsse.<\/p>\n<p>Verbessern Sie also noch heute Ihr Audioerlebnis mit diesem hervorragenden Produkt.<\/p>\n<h2>Herunterladen:<\/h2>\n<ul>\n<li>Datenblatt f\u00fcr 2RCA Stecker auf 2RCA Stecker Stereo-Audiokabel<\/li>\n<\/ul>\n<h2>Informationen zur Bestellung:<\/h2>\n<ul>\n<li>FS18102-010: 1.0M<\/li>\n<li>FS18102-018: 1,8 M<\/li>\n<li>FS18102-030: 3,0M<\/li>\n<li>FS18102-050: 5,0M<\/li>\n<\/ul>","protected":false},"excerpt":{"rendered":"<p>Dieses Stereo-Koaxial-Audiokabel eignet sich perfekt f\u00fcr den Anschluss Ihrer Audioger\u00e4te oder jedes anderen Ger\u00e4ts mit L\/R-Buchse an Ihr Stereo-Audiosystem zu Hause oder im B\u00fcro.<\/p>","protected":false},"featured_media":17694,"template":"","meta":{"_acf_changed":false,"_seopress_robots_primary_cat":"","_seopress_titles_title":"2RCA Male to 2RCA Male Stereo Coaxial Audio Cable - Farsince","_seopress_titles_desc":"","_seopress_robots_index":"","site-sidebar-layout":"default","site-content-layout":"default","ast-site-content-layout":"default","site-content-style":"default","site-sidebar-style":"default","ast-global-header-display":"","ast-banner-title-visibility":"","ast-main-header-display":"","ast-hfb-above-header-display":"","ast-hfb-below-header-display":"","ast-hfb-mobile-header-display":"","site-post-title":"","ast-breadcrumbs-content":"","ast-featured-img":"","footer-sml-layout":"","ast-disable-related-posts":"","theme-transparent-header-meta":"default","adv-header-id-meta":"","stick-header-meta":"","header-above-stick-meta":"","header-main-stick-meta":"","header-below-stick-meta":"","astra-migrate-meta-layouts":"default","ast-page-background-enabled":"default","ast-page-background-meta":{"desktop":{"background-color":"","background-image":"","background-repeat":"repeat","background-position":"center center","background-size":"auto","background-attachment":"scroll","background-type":"","background-media":"","overlay-type":"","overlay-color":"","overlay-opacity":"","overlay-gradient":""},"tablet":{"background-color":"","background-image":"","background-repeat":"repeat","background-position":"center center","background-size":"auto","background-attachment":"scroll","background-type":"","background-media":"","overlay-type":"","overlay-color":"","overlay-opacity":"","overlay-gradient":""},"mobile":{"background-color":"","background-image":"","background-repeat":"repeat","background-position":"center center","background-size":"auto","background-attachment":"scroll","background-type":"","background-media":"","overlay-type":"","overlay-color":"","overlay-opacity":"","overlay-gradient":""}},"ast-content-background-meta":{"desktop":{"background-color":"var(--ast-global-color-5)","background-image":"","background-repeat":"repeat","background-position":"center center","background-size":"auto","background-attachment":"scroll","background-type":"","background-media":"","overlay-type":"","overlay-color":"","overlay-opacity":"","overlay-gradient":""},"tablet":{"background-color":"var(--ast-global-color-5)","background-image":"","background-repeat":"repeat","background-position":"center center","background-size":"auto","background-attachment":"scroll","background-type":"","background-media":"","overlay-type":"","overlay-color":"","overlay-opacity":"","overlay-gradient":""},"mobile":{"background-color":"var(--ast-global-color-5)","background-image":"","background-repeat":"repeat","background-position":"center center","background-size":"auto","background-attachment":"scroll","background-type":"","background-media":"","overlay-type":"","overlay-color":"","overlay-opacity":"","overlay-gradient":""}},"iawp_total_views":6},"product_brand":[],"product_cat":[219],"product_tag":[],"class_list":{"0":"post-17690","1":"product","2":"type-product","3":"status-publish","4":"has-post-thumbnail","6":"product_cat-audio-video","7":"desktop-align-left","8":"tablet-align-left","9":"mobile-align-left","11":"first","12":"instock","13":"shipping-taxable","14":"purchasable","15":"product-type-simple"},"acf":[],"_links":{"self":[{"href":"https:\/\/www.fjpremium.com\/de\/wp-json\/wp\/v2\/product\/17690","targetHints":{"allow":["GET"]}}],"collection":[{"href":"https:\/\/www.fjpremium.com\/de\/wp-json\/wp\/v2\/product"}],"about":[{"href":"https:\/\/www.fjpremium.com\/de\/wp-json\/wp\/v2\/types\/product"}],"wp:featuredmedia":[{"embeddable":true,"href":"https:\/\/www.fjpremium.com\/de\/wp-json\/wp\/v2\/media\/17694"}],"wp:attachment":[{"href":"https:\/\/www.fjpremium.com\/de\/wp-json\/wp\/v2\/media?parent=17690"}],"wp:term":[{"taxonomy":"product_brand","embeddable":true,"href":"https:\/\/www.fjpremium.com\/de\/wp-json\/wp\/v2\/product_brand?post=17690"},{"taxonomy":"product_cat","embeddable":true,"href":"https:\/\/www.fjpremium.com\/de\/wp-json\/wp\/v2\/product_cat?post=17690"},{"taxonomy":"product_tag","embeddable":true,"href":"https:\/\/www.fjpremium.com\/de\/wp-json\/wp\/v2\/product_tag?post=17690"}],"curies":[{"name":"wp","href":"https:\/\/api.w.org\/{rel}","templated":true}]}}