{"id":17686,"date":"2021-03-11T10:42:55","date_gmt":"2021-03-11T02:42:55","guid":{"rendered":"https:\/\/www.fjpremium.com\/?post_type=product&#038;p=17686"},"modified":"2023-05-24T15:05:30","modified_gmt":"2023-05-24T07:05:30","slug":"rca-male-to-rca-male-digital-subwoofer-coaxial-audio-cable","status":"publish","type":"product","link":"https:\/\/www.fjpremium.com\/de\/product\/rca-male-to-rca-male-digital-subwoofer-coaxial-audio-cable\/","title":{"rendered":"RCA-Stecker auf RCA-Stecker Subwoofer Digital Koaxial Audio Kabel"},"content":{"rendered":"<p>Dieses digitale Koaxial-Audiokabel wurde speziell entwickelt, um B\u00e4sse und Niederfrequenzsignale in hervorragender Qualit\u00e4t zu liefern. Es verbindet Ihren Subwoofer-Lautsprecher oder -Verst\u00e4rker perfekt mit einem AV-Receiver mit RCA-Anschl\u00fcssen.<\/p>\n<p>Es ist mit einem weichen PVC-Mantel ummantelt und bietet so mehr Flexibilit\u00e4t und Haltbarkeit.<\/p>\n<p>Die Kombination aus vergoldeten Steckern und blanken Kupferleitern sorgt f\u00fcr eine \u00fcberragende Kabelleistung und verlustfreie Audio\u00fcbertragung und macht es zu einem unverzichtbaren Bestandteil Ihrer Audioanlage.<\/p>\n<p>Unser digitales Koaxial-Audiokabel hat einen RCA-Stecker-zu-Stecker-Anschluss f\u00fcr Subwoofer.<\/p>\n<p>Und es ist so konzipiert, dass es m\u00fchelos mit COAXIAL- und S\/PDIF-Schnittstellen funktioniert und Dolby Digital, DTS und 5.1 Surround Sound unterst\u00fctzt.<\/p>\n<p>Dar\u00fcber hinaus verf\u00fcgt das Kabel \u00fcber Cinch-Stecker an beiden Enden und einen Leiter aus blankem Kupfer oder CCS mit einem Adernquerschnitt von 24AWG.<\/p>\n<p>Au\u00dferdem ist er mit Polyethylenschaum (PF) isoliert, in einer Spritzgussform untergebracht und entspricht mit einem Au\u00dfendurchmesser von 5,0 mm den RoHS- und REACH-Normen.<\/p>\n<p>Kurzum: Verbessern Sie Ihr Klangerlebnis mit unserem Kabel, das ein Muss f\u00fcr jeden Audiophilen ist, der optimale Klangqualit\u00e4t sucht.<\/p>\n<h2>Herunterladen:<\/h2>\n<ul>\n<li>Datenblatt f\u00fcr RCA zu RCA Digital Audio Koaxial Subwoofer Kabel<\/li>\n<\/ul>\n<h2>Informationen zur Bestellung:<\/h2>\n<ul>\n<li>FS18101-010: 1.0M<\/li>\n<li>FS18101-018: 1,8 M<\/li>\n<li>FS18101-030: 3,0M<\/li>\n<li>FS18101-050: 5,0M<\/li>\n<\/ul>","protected":false},"excerpt":{"rendered":"<p>Entdecken Sie unser digitales Koaxial-Audiokabel, ein idealer Begleiter f\u00fcr den Anschluss von Subwoofer-Lautsprechern an Audiokomponenten wie Stereo-Receiver oder Soundsysteme.<\/p>","protected":false},"featured_media":17688,"template":"","meta":{"_acf_changed":false,"_seopress_robots_primary_cat":"","_seopress_titles_title":"Best Digital Coaxial Audio Cable - Farsince","_seopress_titles_desc":"","_seopress_robots_index":"","site-sidebar-layout":"default","site-content-layout":"default","ast-site-content-layout":"default","site-content-style":"default","site-sidebar-style":"default","ast-global-header-display":"","ast-banner-title-visibility":"","ast-main-header-display":"","ast-hfb-above-header-display":"","ast-hfb-below-header-display":"","ast-hfb-mobile-header-display":"","site-post-title":"","ast-breadcrumbs-content":"","ast-featured-img":"","footer-sml-layout":"","ast-disable-related-posts":"","theme-transparent-header-meta":"default","adv-header-id-meta":"","stick-header-meta":"","header-above-stick-meta":"","header-main-stick-meta":"","header-below-stick-meta":"","astra-migrate-meta-layouts":"default","ast-page-background-enabled":"default","ast-page-background-meta":{"desktop":{"background-color":"","background-image":"","background-repeat":"repeat","background-position":"center center","background-size":"auto","background-attachment":"scroll","background-type":"","background-media":"","overlay-type":"","overlay-color":"","overlay-opacity":"","overlay-gradient":""},"tablet":{"background-color":"","background-image":"","background-repeat":"repeat","background-position":"center center","background-size":"auto","background-attachment":"scroll","background-type":"","background-media":"","overlay-type":"","overlay-color":"","overlay-opacity":"","overlay-gradient":""},"mobile":{"background-color":"","background-image":"","background-repeat":"repeat","background-position":"center center","background-size":"auto","background-attachment":"scroll","background-type":"","background-media":"","overlay-type":"","overlay-color":"","overlay-opacity":"","overlay-gradient":""}},"ast-content-background-meta":{"desktop":{"background-color":"var(--ast-global-color-5)","background-image":"","background-repeat":"repeat","background-position":"center center","background-size":"auto","background-attachment":"scroll","background-type":"","background-media":"","overlay-type":"","overlay-color":"","overlay-opacity":"","overlay-gradient":""},"tablet":{"background-color":"var(--ast-global-color-5)","background-image":"","background-repeat":"repeat","background-position":"center center","background-size":"auto","background-attachment":"scroll","background-type":"","background-media":"","overlay-type":"","overlay-color":"","overlay-opacity":"","overlay-gradient":""},"mobile":{"background-color":"var(--ast-global-color-5)","background-image":"","background-repeat":"repeat","background-position":"center center","background-size":"auto","background-attachment":"scroll","background-type":"","background-media":"","overlay-type":"","overlay-color":"","overlay-opacity":"","overlay-gradient":""}},"iawp_total_views":16},"product_brand":[],"product_cat":[219],"product_tag":[],"class_list":{"0":"post-17686","1":"product","2":"type-product","3":"status-publish","4":"has-post-thumbnail","6":"product_cat-audio-video","7":"desktop-align-left","8":"tablet-align-left","9":"mobile-align-left","11":"first","12":"instock","13":"shipping-taxable","14":"purchasable","15":"product-type-simple"},"acf":[],"_links":{"self":[{"href":"https:\/\/www.fjpremium.com\/de\/wp-json\/wp\/v2\/product\/17686","targetHints":{"allow":["GET"]}}],"collection":[{"href":"https:\/\/www.fjpremium.com\/de\/wp-json\/wp\/v2\/product"}],"about":[{"href":"https:\/\/www.fjpremium.com\/de\/wp-json\/wp\/v2\/types\/product"}],"wp:featuredmedia":[{"embeddable":true,"href":"https:\/\/www.fjpremium.com\/de\/wp-json\/wp\/v2\/media\/17688"}],"wp:attachment":[{"href":"https:\/\/www.fjpremium.com\/de\/wp-json\/wp\/v2\/media?parent=17686"}],"wp:term":[{"taxonomy":"product_brand","embeddable":true,"href":"https:\/\/www.fjpremium.com\/de\/wp-json\/wp\/v2\/product_brand?post=17686"},{"taxonomy":"product_cat","embeddable":true,"href":"https:\/\/www.fjpremium.com\/de\/wp-json\/wp\/v2\/product_cat?post=17686"},{"taxonomy":"product_tag","embeddable":true,"href":"https:\/\/www.fjpremium.com\/de\/wp-json\/wp\/v2\/product_tag?post=17686"}],"curies":[{"name":"wp","href":"https:\/\/api.w.org\/{rel}","templated":true}]}}